{"id":8537,"date":"2022-08-03T14:06:10","date_gmt":"2022-08-03T14:06:10","guid":{"rendered":"https:\/\/unkrautmarkt.com\/?post_type=product&#038;p=8537"},"modified":"2026-03-16T05:04:07","modified_gmt":"2026-03-16T05:04:07","slug":"tangie-og-wax","status":"publish","type":"product","link":"https:\/\/unkrautmarkt.com\/ro\/product\/tangie-og-wax\/","title":{"rendered":"Cear\u0103 Tangie OG"},"content":{"rendered":"<h2>Cear\u0103 Tangie OG<\/h2>\n<p>Uleiul de ha\u0219i\u0219 este amestecat pe parcursul \u00eentregului proces de purificare pentru a <a href=\"https:\/\/unkrautmarkt.com\/ro\/\"><strong>Pentru a face cear\u0103 Tangie OG<\/strong><\/a>.<\/p>\n<p>Rezultate de laborator de la <a href=\"https:\/\/en.wikipedia.org\/wiki\/List_of_names_for_cannabis\" rel=\"nofollow noopener\" target=\"_blank\">Cear\u0103 Tangie OG<\/a>:<br \/>\nTHC: 81,84 %<br \/>\nCBD: 1,29 %<\/p>\n<p>Ceara este o substan\u021b\u0103 solid\u0103, opac\u0103, produs\u0103 similar fragmentelor. Vizual, ceara are un aspect untos \u0219i nu este la fel de translucid\u0103 ca fragmentele. Exist\u0103 diverse tipuri de cear\u0103, inclusiv:<\/p>\n<p>Budder: Unul mai lichid, lipicios <a href=\"https:\/\/unkrautmarkt.com\/ro\/product\/tangie-og-wax\/\">Wax-Form<\/a> cu un con\u021binut de umiditate mai mare dec\u00e2t alte concentra\u021bii.<\/p>\n<p>cu un con\u021binut de umiditate mai mare dec\u00e2t alte concentra\u021bii.<\/p>\n<p>Cea mai cremoas\u0103 \u0219i mai fin\u0103 cear\u0103 este Budder.<br \/>\nCear\u0103 de fagure \u0219i cear\u0103 sf\u0103r\u00e2micioas\u0103: Cear\u0103 moale, dar fragil\u0103.<\/p>\n<p>Crumble de zah\u0103r: Cunoscut pentru textura sa sf\u0103r\u00e2micioas\u0103 \u0219i suprafa\u021ba cristalin\u0103, crumble-ul de zah\u0103r este u\u0219or de prelucrat datorit\u0103 aderen\u021bei sale reduse.<\/p>\n<p>Crumble de cear\u0103: O variant\u0103 a crumble-ului de zah\u0103r cu o suprafa\u021b\u0103 mai neted\u0103. Comparativ cu crumble-ul de zah\u0103r, crumble-ul de cear\u0103 este mai cremos \u0219i mai pu\u021bin lipicios.<\/p>","protected":false},"excerpt":{"rendered":"<p>F\u00fcr den Gro\u00dfhandel kontaktieren Sie uns bitte unter<br \/>\nWickr-ID: @williamspro<br \/>\noder per Whatsapp<br \/>\n<img decoding=\"async\" class=\"size-full wp-image-10162 alignleft\" src=\"https:\/\/ograsmarknad.com\/wp-content\/uploads\/2021\/11\/trust.jpg\" alt=\"Trust German\" width=\"300\" height=\"129\" \/><\/p>","protected":false},"featured_media":8541,"comment_status":"open","ping_status":"closed","template":"","meta":{"_joinchat":[]},"product_cat":[325],"product_tag":[],"_links":{"self":[{"href":"https:\/\/unkrautmarkt.com\/ro\/wp-json\/wp\/v2\/product\/8537"}],"collection":[{"href":"https:\/\/unkrautmarkt.com\/ro\/wp-json\/wp\/v2\/product"}],"about":[{"href":"https:\/\/unkrautmarkt.com\/ro\/wp-json\/wp\/v2\/types\/product"}],"replies":[{"embeddable":true,"href":"https:\/\/unkrautmarkt.com\/ro\/wp-json\/wp\/v2\/comments?post=8537"}],"wp:featuredmedia":[{"embeddable":true,"href":"https:\/\/unkrautmarkt.com\/ro\/wp-json\/wp\/v2\/media\/8541"}],"wp:attachment":[{"href":"https:\/\/unkrautmarkt.com\/ro\/wp-json\/wp\/v2\/media?parent=8537"}],"wp:term":[{"taxonomy":"product_cat","embeddable":true,"href":"https:\/\/unkrautmarkt.com\/ro\/wp-json\/wp\/v2\/product_cat?post=8537"},{"taxonomy":"product_tag","embeddable":true,"href":"https:\/\/unkrautmarkt.com\/ro\/wp-json\/wp\/v2\/product_tag?post=8537"}],"curies":[{"name":"wp","href":"https:\/\/api.w.org\/{rel}","templated":true}]}}