{"id":8531,"date":"2022-08-03T14:01:36","date_gmt":"2022-08-03T14:01:36","guid":{"rendered":"https:\/\/unkrautmarkt.com\/?post_type=product&#038;p=8531"},"modified":"2026-03-16T05:07:45","modified_gmt":"2026-03-16T05:07:45","slug":"skywalker-og-wax","status":"publish","type":"product","link":"https:\/\/unkrautmarkt.com\/ro\/product\/skywalker-og-wax\/","title":{"rendered":"Skywalker OG Wax"},"content":{"rendered":"<h2>Skywalker OG: Cufund\u0103-te \u00een bucurie pur\u0103 cu un hibrid Indica puternic.<\/h2>\n<p><a href=\"https:\/\/unkrautmarkt.com\/ro\/\">Skywalker OG Wax<\/a>Skywalker OG, siln\u00e1 hybridn\u00ed odr\u016fda s p\u0159evahou indiky, kter\u00e1 vznikla z lahodn\u00e9ho k\u0159\u00ed\u017een\u00ed odr\u016fd Skywalker a OG Kush, v\u00e1m pom\u016f\u017ee relaxovat a c\u00edtit se povznesen\u011b. Tato odr\u016fda je ide\u00e1ln\u00ed pro relaxa\u010dn\u00ed ve\u010dery nebo odbour\u00e1n\u00ed stresu po dni, proto\u017ee kombinuje rychl\u00fd v\u00fdbuch euforick\u00e9 kreativity s hlubokou fyzickou relaxac\u00ed. S obsahem THC 95 % je Skywalker OG perfektn\u00ed volbou pro vyv\u00e1\u017een\u00fd a relaxa\u010dn\u00ed pocit, kter\u00fd uklid\u0148uje t\u011blo i mysl.<\/p>\n<h3>Profilul de arom\u0103 \u0219i gust<\/h3>\n<p>La deschiderea stick-ului Skywalker OG Wax, o arom\u0103 intens\u0103, amintind de mo\u0219tenirea sa Kush OG, te \u00eenv\u0103luie. Este un amestec dulce de note fructate \u0219i p\u0103m\u00e2ntii, cu un strop de nuci picante. Aceast\u0103 varietate ofer\u0103 o experien\u021b\u0103 pl\u0103cut\u0103 \u0219i aromat\u0103 la fumat sau vapat, datorit\u0103 con\u021binutului s\u0103u bogat de terpene.<\/p>\n<h3>Efecte \u0219i beneficii<\/h3>\n<p>Cu un con\u021binut de THC de 95%, Skywalker OG Wax ofer\u0103 relaxarea profund\u0103 \u0219i lini\u0219titoare pe care iubitorii de Indica o doresc. High-ul oferit de Skywalker OG este puternic \u0219i relaxant, duc\u00e2nd la o letargie pronun\u021bat\u0103 \u0219i la senza\u021bii de g\u00e2sc\u0103. Acesta este \u00eenso\u021bit de o stare euforic\u0103, plin\u0103 de via\u021b\u0103, care se transform\u0103 u\u0219or \u00eentr-un somn profund \u0219i lini\u0219tit. Efectele calmante ale acestei tulpini o fac ideal\u0103 pentru pacien\u021bii care caut\u0103 canabis medicinal pentru a ameliora stresul cronic, migrenele, schimb\u0103rile de dispozi\u021bie, grea\u021ba, pierderea poftei de m\u00e2ncare, durerile cronice, spasmele musculare \u0219i insomnia. Ofer\u0103 o r\u0103gaz binevenit at\u00e2t pentru corp, c\u00e2t \u0219i pentru minte.<\/p>\n<p>Cau\u021bi un magazin de canabis care ofer\u0103 calitate \u0219i o atmosfer\u0103 grozav\u0103? <a href=\"https:\/\/en.wikipedia.org\/wiki\/Cannabis\" rel=\"nofollow noopener\" target=\"_blank\">Unkrautmarkt<\/a> Aceast\u0103 farmacie este printre cele mai bune din Grand Rapids, oferind produse de \u00eenalt\u0103 calitate \u00eentr-o atmosfer\u0103 relaxat\u0103 \u0219i prietenoas\u0103. De la flori aromate \u0219i concentrate puternice, la produse comestibile irezistibile \u0219i \u021big\u0103ri fine, au de toate. <a href=\"https:\/\/unkrautmarkt.com\/ro\/product\/skywalker-og-wax\/\">Skywalker OG Wax<\/a> \u0219i jointuri rulate profesional \u2013 la noi ve\u021bi g\u0103si tot ce ave\u021bi nevoie pentru a v\u0103 bucura individual de canabis.<\/p>\n<p>Indiferent dac\u0103 sunte\u021bi un client obi\u0219nuit sau dori\u021bi s\u0103 descoperi\u021bi cele mai bune farmacii, echipa noastr\u0103 de exper\u021bi v\u0103 st\u0103 la dispozi\u021bie pentru a v\u0103 ajuta s\u0103 g\u0103si\u021bi produsul perfect. Cu oferte \u00een continu\u0103 schimbare \u0219i un meniu plin de op\u021biuni proaspete, Unkrautmarkt merit\u0103 \u00eentotdeauna o vizit\u0103.<\/p>","protected":false},"excerpt":{"rendered":"<p>F\u00fcr den Gro\u00dfhandel kontaktieren Sie uns bitte unter<br \/>\nWickr-ID: @williamspro<br \/>\noder per Whatsapp<br \/>\n<img decoding=\"async\" class=\"size-full wp-image-10162 alignleft\" src=\"https:\/\/ograsmarknad.com\/wp-content\/uploads\/2021\/11\/trust.jpg\" alt=\"Trust German\" width=\"300\" height=\"129\" \/><\/p>","protected":false},"featured_media":8535,"comment_status":"open","ping_status":"closed","template":"","meta":{"_joinchat":[]},"product_cat":[325],"product_tag":[],"_links":{"self":[{"href":"https:\/\/unkrautmarkt.com\/ro\/wp-json\/wp\/v2\/product\/8531"}],"collection":[{"href":"https:\/\/unkrautmarkt.com\/ro\/wp-json\/wp\/v2\/product"}],"about":[{"href":"https:\/\/unkrautmarkt.com\/ro\/wp-json\/wp\/v2\/types\/product"}],"replies":[{"embeddable":true,"href":"https:\/\/unkrautmarkt.com\/ro\/wp-json\/wp\/v2\/comments?post=8531"}],"wp:featuredmedia":[{"embeddable":true,"href":"https:\/\/unkrautmarkt.com\/ro\/wp-json\/wp\/v2\/media\/8535"}],"wp:attachment":[{"href":"https:\/\/unkrautmarkt.com\/ro\/wp-json\/wp\/v2\/media?parent=8531"}],"wp:term":[{"taxonomy":"product_cat","embeddable":true,"href":"https:\/\/unkrautmarkt.com\/ro\/wp-json\/wp\/v2\/product_cat?post=8531"},{"taxonomy":"product_tag","embeddable":true,"href":"https:\/\/unkrautmarkt.com\/ro\/wp-json\/wp\/v2\/product_tag?post=8531"}],"curies":[{"name":"wp","href":"https:\/\/api.w.org\/{rel}","templated":true}]}}