{"id":8521,"date":"2022-08-03T13:55:58","date_gmt":"2022-08-03T13:55:58","guid":{"rendered":"https:\/\/unkrautmarkt.com\/?post_type=product&#038;p=8521"},"modified":"2026-03-16T05:09:14","modified_gmt":"2026-03-16T05:09:14","slug":"royal-kush-wax-crumble","status":"publish","type":"product","link":"https:\/\/unkrautmarkt.com\/ro\/product\/royal-kush-wax-crumble\/","title":{"rendered":"Royal Kush Wax Crumble"},"content":{"rendered":"<h2>Cump\u0103r\u0103 Royal Kush Crumble online din magazinul nostru<\/h2>\n<p><strong><a href=\"https:\/\/unkrautmarkt.com\/ro\/product\/royal-kush-wax-crumble\/\">Royal Kush Wax Crumble<\/a><\/strong> Royal Kush este alegerea ideal\u0103 dac\u0103 vrei s\u0103 reduci stresul f\u0103r\u0103 a-\u021bi \u00een\u0103bu\u0219i creativitatea. Efectul s\u0103u relaxant elibereaz\u0103 tensiunea \u0219i promoveaz\u0103 o minte clar\u0103 \u0219i motivat\u0103. Acest crumble este perfect pentru a te relaxa sau a stimula creativitatea. \u00cencearc\u0103 Royal Kush \u0219i descoper\u0103 singur de ce \u00eenc\u00e2nt\u0103 at\u00e2t de mul\u021bi oameni \u2013 convinge-te singur!<\/p>\n<p>Una dintre cele mai calitative clase de tetrahidrocanabinol de pe pia\u021b\u0103 este a noastr\u0103. <strong>Royal Kush Wax Crumble<\/strong> Cu un nivel de puritate de 90%, aceast\u0103 cear\u0103 const\u0103 \u00een principal din THC, cu urme de al\u021bi canabinoizi \u0219i 10% terpene. Este extras\u0103 prin extrac\u021bie cu CO\u2082. Consumul nu produce efecte intoxicante. Aroma dulce, asem\u0103n\u0103toare bomboanelor, a acestei ceari va \u00eenc\u00e2nta cu siguran\u021b\u0103. Este moale \u0219i flexibil\u0103, dar fragil\u0103, chiar \u0219i atunci c\u00e2nd este r\u0103cit\u0103. Ofer\u0103 o expansiune pulmonar\u0103 puternic\u0103 \u0219i o arom\u0103 robust\u0103, bl\u00e2nd\u0103, care nu provoac\u0103 senza\u021bie de arsur\u0103 \u00een nas la expirare.<\/p>\n<p>Reduce anxietatea \u0219i induce g\u00e2nduri euforice. Cu aroma sa p\u0103m\u00e2ntie, cu note de skunk \u0219i efectele puternice, asem\u0103n\u0103toare transei, Royal Kush este una dintre cele mai bune tulpini hibride.<\/p>\n<h3>Ceea ce \u00eel face special<\/h3>\n<p><a href=\"https:\/\/en.wikipedia.org\/wiki\/Cannabis_in_Italy\" rel=\"nofollow noopener\" target=\"_blank\">Royal Kush<\/a> Ofer\u0103 amestecul perfect de creativitate \u0219i relaxare, deoarece este fabricat din ingrediente naturale \u0219i produs cu grij\u0103 \u00een loturi mici. Vei dori s\u0103 te r\u0103sfe\u021bi cu aceast\u0103 experien\u021b\u0103 iar \u0219i iar. Ce mai a\u0219tep\u021bi? R\u0103sfa\u021b\u0103-te cu Royal Kush ast\u0103zi! <a href=\"https:\/\/unkrautmarkt.com\/ro\/\"><strong>Unkrautmarkt<\/strong><\/a><\/p>\n<h3>Efectul sf\u0103r\u00e2m\u0103rii<\/h3>\n<p>Stres, disconfort persistent sau chiar depresie? Royal Kush Wax Crumble v\u0103 poate ajuta. Propriet\u0103\u021bile sale calmante sunt excelente pentru ameliorarea afec\u021biunilor fizice, \u00eembun\u0103t\u0103\u021birea st\u0103rii de spirit \u0219i lini\u0219tirea at\u00e2t a corpului, c\u00e2t \u0219i a min\u021bii. Este vorba despre a te sim\u021bi complet bine, nu doar despre a te deconecta. Las\u0103 Royal Kush s\u0103 te ajute s\u0103 te relaxezi \u0219i s\u0103 te bucuri de via\u021b\u0103 f\u0103r\u0103 stres.<\/p>","protected":false},"excerpt":{"rendered":"<p>F\u00fcr den Gro\u00dfhandel kontaktieren Sie uns bitte unter<br \/>\nWickr-ID: @williamspro<br \/>\noder per Whatsapp<br \/>\n<img decoding=\"async\" class=\"size-full wp-image-10162 alignleft\" src=\"https:\/\/ograsmarknad.com\/wp-content\/uploads\/2021\/11\/trust.jpg\" alt=\"Trust German\" width=\"300\" height=\"129\" \/><\/p>","protected":false},"featured_media":8526,"comment_status":"open","ping_status":"closed","template":"","meta":{"_joinchat":[]},"product_cat":[325],"product_tag":[],"_links":{"self":[{"href":"https:\/\/unkrautmarkt.com\/ro\/wp-json\/wp\/v2\/product\/8521"}],"collection":[{"href":"https:\/\/unkrautmarkt.com\/ro\/wp-json\/wp\/v2\/product"}],"about":[{"href":"https:\/\/unkrautmarkt.com\/ro\/wp-json\/wp\/v2\/types\/product"}],"replies":[{"embeddable":true,"href":"https:\/\/unkrautmarkt.com\/ro\/wp-json\/wp\/v2\/comments?post=8521"}],"wp:featuredmedia":[{"embeddable":true,"href":"https:\/\/unkrautmarkt.com\/ro\/wp-json\/wp\/v2\/media\/8526"}],"wp:attachment":[{"href":"https:\/\/unkrautmarkt.com\/ro\/wp-json\/wp\/v2\/media?parent=8521"}],"wp:term":[{"taxonomy":"product_cat","embeddable":true,"href":"https:\/\/unkrautmarkt.com\/ro\/wp-json\/wp\/v2\/product_cat?post=8521"},{"taxonomy":"product_tag","embeddable":true,"href":"https:\/\/unkrautmarkt.com\/ro\/wp-json\/wp\/v2\/product_tag?post=8521"}],"curies":[{"name":"wp","href":"https:\/\/api.w.org\/{rel}","templated":true}]}}