{"id":8520,"date":"2022-08-03T13:52:20","date_gmt":"2022-08-03T13:52:20","guid":{"rendered":"https:\/\/unkrautmarkt.com\/?post_type=product&#038;p=8520"},"modified":"2026-03-13T09:19:36","modified_gmt":"2026-03-13T09:19:36","slug":"holy-grail-og-wax","status":"publish","type":"product","link":"https:\/\/unkrautmarkt.com\/ro\/product\/holy-grail-og-wax\/","title":{"rendered":"Cear\u0103 original\u0103 Holy Grail"},"content":{"rendered":"<h2>Cump\u0103r\u0103 cear\u0103 Holy Grail OG \u2013 comand\u0103 relaxare premium online<\/h2>\n<p>Cau\u021bi un concentrat de canabis puternic \u0219i de \u00eenalt\u0103 calitate pentru o experien\u021b\u0103 de relaxare intens\u0103? <a href=\"https:\/\/unkrautmarkt.com\/ro\/\"><strong>Cear\u0103 original\u0103 Holy Grail<\/strong><\/a> Datorit\u0103 profilului s\u0103u bogat \u00een terpene \u0219i efectelor puternice, ceara Holy Grail OG Wax ofer\u0103 o senza\u021bie excep\u021bional\u0103 de euforie. Derivat\u0103 din tulpini premium de canabis, aceast\u0103 cear\u0103 este ideal\u0103 pentru cei care caut\u0103 relaxare profund\u0103, ameliorarea stresului \u0219i o senza\u021bie euforic\u0103. Indiferent dac\u0103 ave\u021bi experien\u021b\u0103 cu concentratele sau sunte\u021bi nou \u00een lumea concentratelor de canabis, ceara Holy Grail OG Wax ofer\u0103 o experien\u021b\u0103 fin\u0103 \u0219i aromat\u0103 de cel mai \u00eenalt calibru.<\/p>\n<h3>Ce este ceara OG Holy Grail?<\/h3>\n<p><strong>Cear\u0103 original\u0103 Holy Grail<\/strong> Acesta este un concentrat de canabis de \u00eenalt\u0103 calitate, caracterizat prin consisten\u021ba sa lipicioas\u0103 \u0219i ceroas\u0103 \u0219i con\u021binutul ridicat de THC. Este extras folosind metode moderne pentru a-i p\u0103stra puritatea \u0219i aroma. Ceara ofer\u0103 o senza\u021bie puternic\u0103 de euforie, care amelioreaz\u0103 stresul.<\/p>\n<h3>Caracteristici \u0219i beneficii cheie<\/h3>\n<p>\u2013 Poten\u021b\u0103 ridicat\u0103: Cu un con\u021binut de THC care dep\u0103\u0219e\u0219te adesea 70-80%, ceara Holy Grail OG ofer\u0103 un efect puternic \u0219i de lung\u0103 durat\u0103, ideal pentru relaxare \u0219i ameliorarea durerii.<\/p>\n<p>\u2013 Profil aromatic bogat: Un gust fin, p\u0103m\u00e2ntiu, cu note de pin \u0219i citrice, asigur\u0103 o experien\u021b\u0103 \u00eenc\u00e2nt\u0103toare.<\/p>\n<p>\u2013 Ac\u021biune rapid\u0103: Fiind un concentrat, ac\u021bioneaz\u0103 mai rapid dec\u00e2t florile conven\u021bionale \u0219i, prin urmare, este ideal pentru o ameliorare rapid\u0103.<\/p>\n<p>\u2013 Aplicare versatil\u0103: Potrivit pentru dab rig-uri, vaporizatoare sau ca topping pentru un plus de savoare.<\/p>\n<h3>Cum se folose\u0219te ceara Holy Grail OG<\/h3>\n<p>Pentru o experien\u021b\u0103 optim\u0103 cu canabisul, v\u0103 recomand\u0103m s\u0103 folosi\u021bi un dab rig sau un vaporizator concentrat. \u00cencep\u0103torii ar trebui s\u0103 \u00eenceap\u0103 cu o doz\u0103 mic\u0103 (aproximativ de m\u0103rimea unui bob de orez) \u0219i s\u0103 o creasc\u0103 treptat, dup\u0103 cum este necesar. Folosi\u021bi \u00eentotdeauna un capac cu carbohidrat pentru a proteja terpenele \u0219i a asigura o experien\u021b\u0103 de vaporizare lin\u0103.<\/p>\n<h3>De ce s\u0103 cump\u0103ra\u021bi cear\u0103 Holy Grail OG online de la noi?<\/h3>\n<p>Suntem un magazin online reputat pentru produse din canabis \u0219i livr\u0103m discret produse premium \u00een SUA, Canada, Europa (Marea Britanie, Germania, Fran\u021ba, Spania) \u0219i alte \u021b\u0103ri. Produsele noastre sunt supuse unor teste riguroase de laborator pentru a garanta puritatea, poten\u021ba \u0219i siguran\u021ba. Datorit\u0103 livr\u0103rii rapide \u0219i metodelor de plat\u0103 sigure, <strong><a href=\"https:\/\/unkrautmarkt.com\/ro\/product\/holy-grail-og-wax\/\">Achizi\u021bionare online de cear\u0103 Holy Grail OG<\/a> <\/strong>N-a fost niciodat\u0103 at\u00e2t de u\u0219or.<\/p>\n<h3>Comand\u0103-\u021bi ceara OG Holy Grail ast\u0103zi!<\/h3>\n<p>Nu rata aceast\u0103 experien\u021b\u0103 excep\u021bional\u0103 de relaxare. Cump\u0103r\u0103 acum cear\u0103 Holy Grail OG Wax \u0219i bucur\u0103-te de livrare discret\u0103 \u0219i rapid\u0103 direct la u\u0219a ta. Indiferent dac\u0103 te afli \u00een SUA, Canada sau Europa \u2013 livr\u0103m concentrate premium de canabis.<\/p>\n<p><strong>Comand\u0103 acum \u0219i optimizeaz\u0103-\u021bi sesiunea cu ceara Holy Grail OG! <a href=\"https:\/\/en.wikipedia.org\/wiki\/Hashish\" rel=\"nofollow noopener\" target=\"_blank\">Unkrautmarkt<\/a><\/strong><\/p>","protected":false},"excerpt":{"rendered":"<p>F\u00fcr den Gro\u00dfhandel kontaktieren Sie uns bitte unter<br \/>\nWickr-ID: @williamspro<br \/>\noder per Whatsapp<br \/>\n<img decoding=\"async\" class=\"size-full wp-image-10162 alignleft\" src=\"https:\/\/ograsmarknad.com\/wp-content\/uploads\/2021\/11\/trust.jpg\" alt=\"Trust German\" width=\"300\" height=\"129\" \/><\/p>","protected":false},"featured_media":8525,"comment_status":"open","ping_status":"closed","template":"","meta":{"_joinchat":[]},"product_cat":[325],"product_tag":[],"_links":{"self":[{"href":"https:\/\/unkrautmarkt.com\/ro\/wp-json\/wp\/v2\/product\/8520"}],"collection":[{"href":"https:\/\/unkrautmarkt.com\/ro\/wp-json\/wp\/v2\/product"}],"about":[{"href":"https:\/\/unkrautmarkt.com\/ro\/wp-json\/wp\/v2\/types\/product"}],"replies":[{"embeddable":true,"href":"https:\/\/unkrautmarkt.com\/ro\/wp-json\/wp\/v2\/comments?post=8520"}],"wp:featuredmedia":[{"embeddable":true,"href":"https:\/\/unkrautmarkt.com\/ro\/wp-json\/wp\/v2\/media\/8525"}],"wp:attachment":[{"href":"https:\/\/unkrautmarkt.com\/ro\/wp-json\/wp\/v2\/media?parent=8520"}],"wp:term":[{"taxonomy":"product_cat","embeddable":true,"href":"https:\/\/unkrautmarkt.com\/ro\/wp-json\/wp\/v2\/product_cat?post=8520"},{"taxonomy":"product_tag","embeddable":true,"href":"https:\/\/unkrautmarkt.com\/ro\/wp-json\/wp\/v2\/product_tag?post=8520"}],"curies":[{"name":"wp","href":"https:\/\/api.w.org\/{rel}","templated":true}]}}