{"id":8501,"date":"2022-08-03T13:29:39","date_gmt":"2022-08-03T13:29:39","guid":{"rendered":"https:\/\/unkrautmarkt.com\/?post_type=product&#038;p=8501"},"modified":"2026-03-16T05:04:34","modified_gmt":"2026-03-16T05:04:34","slug":"tahoe-og-cannabis-oil","status":"publish","type":"product","link":"https:\/\/unkrautmarkt.com\/ro\/product\/tahoe-og-cannabis-oil\/","title":{"rendered":"Tahoe OG Cannabis Oil"},"content":{"rendered":"<h2>Cump\u0103ra\u021bi ulei de canabis Tahoe OG online<\/h2>\n<p><a href=\"https:\/\/en.wikipedia.org\/wiki\/Cannabidiol\" rel=\"nofollow noopener\" target=\"_blank\"><strong>Ulei de canabis Tahoe OG online<\/strong><\/a>Cu un raport sativa\/indica de 90:10, aceast\u0103 tulpin\u0103 de canabis ofer\u0103 un amestec puternic de sativa euforic\u0103 \u0219i indica axat\u0103 pe corp. Datorit\u0103 con\u021binutului de THC de p\u00e2n\u0103 la 20%, este potrivit\u0103 \u00een special pentru cei care doresc s\u0103 \u00ee\u0219i \u00eembun\u0103t\u0103\u021beasc\u0103 starea de spirit \u0219i s\u0103 reduc\u0103 stresul. Componenta sativa ofer\u0103 o senza\u021bie puternic\u0103 de euforie \u0219i revigorare, \u00een timp ce efectele uleiului sunt \u00een principal relaxante - at\u00e2t fizice, c\u00e2t \u0219i mentale. Aceast\u0103 tulpin\u0103 de canabis este frecvent utilizat\u0103 pentru a trata migrenele, depresia, anxietatea \u0219i durerile cronice.<\/p>\n<h3>Mai multe informa\u021bii despre Tahoe OG<\/h3>\n<p>Relaxarea, bucuria, euforia, somnolen\u021ba \u0219i stimularea apetitului sunt c\u00e2teva dintre efectele documentate ale Tahoe OG.<\/p>\n<p>Anwender berichten, dass Tahoe OG ihnen bei Stress, Schmerzen, Schlaflosigkeit, Depressionen und Appetitlosigkeit hilft.<\/p>\n<p><a href=\"https:\/\/unkrautmarkt.com\/ro\/product\/tahoe-og-cannabis-oil\/\"><strong>Tahoe OG<\/strong><\/a> Tahoe OG este tulpina ideal\u0103 pentru zilele ploioase. Este puternic\u0103 \u0219i cu ac\u021biune rapid\u0103, a\u0219a c\u0103 nu ar trebui consumat\u0103 chiar \u00eenainte de a ie\u0219i din cas\u0103. Printre tulpinile Indica, Tahoe OG este cunoscut\u0103 pentru eficacitatea sa \u00een tratarea durerii, insomniei \u0219i pierderii poftei de m\u00e2ncare. Este excelent\u0103 pentru consumul de sear\u0103, deoarece induce o senza\u021bie de letargie \u0219i greutate. Datorit\u0103 selec\u021biei excelente, Tahoe OG ofer\u0103 un efect euforic, asem\u0103n\u0103tor Sativa, pe l\u00e2ng\u0103 beneficiile tipice Indica. Aceast\u0103 tulpin\u0103 este un fenotip de OG Kush \u0219i are o arom\u0103 p\u0103m\u00e2ntie \u0219i de l\u0103m\u00e2ie. <a href=\"https:\/\/unkrautmarkt.com\/ro\/\">Unkrautmarkt<\/a><\/p>\n<h4><strong>Unele dintre efectele care au fost raportate de la canabisul OG Kush sunt:<\/strong><\/h4>\n<p>Relaxat<\/p>\n<p>Heureux<\/p>\n<p>Euforic<\/p>\n<p>Somnoros<\/p>\n<p>Foame<\/p>\n<p><strong>Pacien\u021bii raporteaz\u0103 c\u0103 canabisul OG Kush \u00eei ajut\u0103 s\u0103 gestioneze:<\/strong><\/p>\n<p>fric\u0103<\/p>\n<p>Dureri<\/p>\n<p>Insomnie<\/p>\n<p>Depresie<\/p>\n<p>pierderea poftei de m\u00e2ncare<\/p>\n<p><strong>Greutate:<\/strong><\/p>\n<p>5 ml, 10 ml, 15 ml<\/p>","protected":false},"excerpt":{"rendered":"<p>F\u00fcr den Gro\u00dfhandel kontaktieren Sie uns bitte unter<br \/>\nWickr-ID: @williamspro<br \/>\noder per Whatsapp<br \/>\n<img decoding=\"async\" class=\"size-full wp-image-10162 alignleft\" src=\"https:\/\/ograsmarknad.com\/wp-content\/uploads\/2021\/11\/trust.jpg\" alt=\"Trust German\" width=\"300\" height=\"129\" \/><\/p>","protected":false},"featured_media":8505,"comment_status":"open","ping_status":"closed","template":"","meta":{"_joinchat":[]},"product_cat":[323],"product_tag":[],"_links":{"self":[{"href":"https:\/\/unkrautmarkt.com\/ro\/wp-json\/wp\/v2\/product\/8501"}],"collection":[{"href":"https:\/\/unkrautmarkt.com\/ro\/wp-json\/wp\/v2\/product"}],"about":[{"href":"https:\/\/unkrautmarkt.com\/ro\/wp-json\/wp\/v2\/types\/product"}],"replies":[{"embeddable":true,"href":"https:\/\/unkrautmarkt.com\/ro\/wp-json\/wp\/v2\/comments?post=8501"}],"wp:featuredmedia":[{"embeddable":true,"href":"https:\/\/unkrautmarkt.com\/ro\/wp-json\/wp\/v2\/media\/8505"}],"wp:attachment":[{"href":"https:\/\/unkrautmarkt.com\/ro\/wp-json\/wp\/v2\/media?parent=8501"}],"wp:term":[{"taxonomy":"product_cat","embeddable":true,"href":"https:\/\/unkrautmarkt.com\/ro\/wp-json\/wp\/v2\/product_cat?post=8501"},{"taxonomy":"product_tag","embeddable":true,"href":"https:\/\/unkrautmarkt.com\/ro\/wp-json\/wp\/v2\/product_tag?post=8501"}],"curies":[{"name":"wp","href":"https:\/\/api.w.org\/{rel}","templated":true}]}}