{"id":8478,"date":"2022-08-03T13:03:00","date_gmt":"2022-08-03T13:03:00","guid":{"rendered":"https:\/\/unkrautmarkt.com\/?post_type=product&#038;p=8478"},"modified":"2026-03-13T09:19:14","modified_gmt":"2026-03-13T09:19:14","slug":"moroccan-caramello-hash","status":"publish","type":"product","link":"https:\/\/unkrautmarkt.com\/ro\/product\/moroccan-caramello-hash\/","title":{"rendered":"Moroccan Caramello Hash"},"content":{"rendered":"<h2>Ha\u0219i\u0219 Caramello Marocan: Cump\u0103r\u0103 acum \u00een Marea Britanie<\/h2>\n<p><strong>Unkrautmarkt<\/strong>\u00a0Ne-am impus ca un retailer online de top de ha\u0219i\u0219 Caramello marocan. Lucr\u0103m exclusiv cu cei mai buni furnizori \u0219i distribuitori de ha\u0219i\u0219 Caramello marocan autentic de pe internet. Suntem disponibili oric\u00e2nd, oriunde. Ha\u0219i\u0219ul nostru Caramello marocan \u00eendepline\u0219te toate cerin\u021bele.<\/p>\n<p>Dac\u0103 sunte\u021bi \u00een c\u0103utarea unui marocan <a href=\"https:\/\/unkrautmarkt.com\/ro\/product\/moroccan-caramello-hash\/\"><strong>Caramel-Ha\u0219i\u0219<\/strong><\/a> Dac\u0103 dore\u0219ti s\u0103 cumperi ha\u0219i\u0219 online \u00een Marea Britanie la cele mai bune pre\u021buri, ai ajuns la locul potrivit. Clien\u021bi din Spania, Marea Britanie \u0219i Irlanda folosesc magazinul nostru online de mult timp. Vei g\u0103si ha\u0219i\u0219ul pe care \u00eel cau\u021bi aici. \u00ce\u021bi garant\u0103m cele mai bune servicii.<\/p>\n<h3>Cump\u0103r\u0103 hash caramel marocan online<\/h3>\n<p>Aceasta este o varietate clonat\u0103 de ha\u0219i\u0219, Moroccan Caramel Hashish. Cel mai probabil este cel mai bun ha\u0219i\u0219 legal de pe pia\u021b\u0103. Se folosesc doar ingrediente naturale, de calitate alimentar\u0103. Are un gust fantastic, miroase a c\u00e2nep\u0103, se simte ca ha\u0219i\u0219ul \u0219i arat\u0103 ca acesta. Cump\u0103ra\u021bi online Moroccan Caramel Hashish; este identic cu celelalte produse ale noastre, cu excep\u021bia culorii.<\/p>\n<p>Ha\u0219i\u0219ul caramelizat marocan legal este sigur, poate fi livrat \u00een \u00eentreaga lume \u0219i este \u00eentotdeauna legal. Nu con\u021bine THC, canabinoizi sintetici \u0219i alte substan\u021be de cercetare (cum ar fi JWH-018, JWH-073, JWH-250, AM-2209 etc.). De obicei, acest ha\u0219i\u0219 nu este presat la ma\u0219in\u0103. Are o consisten\u021b\u0103 pl\u0103cut de moale \u0219i flexibil\u0103, rezultat\u0103 din presarea manual\u0103. Ha\u0219i\u0219ul trebuie plasat deasupra tronului.<\/p>\n<h3>Wo kann ich die marokkanische Caramello-Hasch-Sorte online kaufen?<\/h3>\n<p><a href=\"https:\/\/unkrautmarkt.com\/ro\/\"><strong>UnkrautMarkt<\/strong><\/a> Oferim canabis ha\u0219i\u0219 Caramello marocan pentru cump\u0103rare online. Fiind o farmacie reputat\u0103, pute\u021bi achizi\u021biona cu \u00eencredere acest produs din canabis la un pre\u021b corect. Comanda\u021bi ast\u0103zi! Vom livra comanda la adresa dvs. c\u00e2t mai repede posibil.<\/p>\n<p><strong><br \/>\n<a href=\"https:\/\/en.wikipedia.org\/wiki\/Cannabis_in_Morocco\" rel=\"nofollow noopener\" target=\"_blank\">Tocan\u0103 marocan\u0103 cu caramel<\/a>:<\/strong> Con\u021bine 5g de ulei esen\u021bial de c\u00e2nep\u0103. Moroccan Caramello Hash este un produs ha\u0219i\u0219 100% natural, con\u021bine ingrediente alimentare de \u00eenalt\u0103 calitate \u0219i are beneficii medicinale. Moroccan Caramello Hash este un stimulator de energie, iar propriet\u0103\u021bile sale medicinale ofer\u0103 ameliorarea stresului \u0219i \u00eent\u0103resc sistemul imunitar al utilizatorului datorit\u0103 prezen\u021bei uleiului esen\u021bial de c\u00e2nep\u0103, care con\u021bine propriet\u0103\u021bi terapeutice.<\/p>\n<p><strong>Gust:<\/strong> Preg\u0103te\u0219te-te pentru o arom\u0103 dulce de fructe. Va persista pe papilele tale gustative o bun\u0103 perioad\u0103 de timp. Este genul de arom\u0103 pe care oamenii vor s\u0103 o savureze \u00eencontinuu.<\/p>\n<p><strong>Efect:<\/strong> Caramelo Hash marocan are un efect puternic asupra corpului. Excelent pentru afec\u021biuni fizice. Te vei sim\u021bi minunat. Practic invincibil.<\/p>\n<p><strong>Greutate:<\/strong> 180 grame, 30 grame, 90 grame<\/p>","protected":false},"excerpt":{"rendered":"<p>F\u00fcr den Gro\u00dfhandel kontaktieren Sie uns bitte unter<br \/>\nWickr-ID: @williamspro<br \/>\noder per Whatsapp<br \/>\n<img decoding=\"async\" class=\"size-full wp-image-10162 alignleft\" src=\"https:\/\/ograsmarknad.com\/wp-content\/uploads\/2021\/11\/trust.jpg\" alt=\"Trust German\" width=\"300\" height=\"129\" \/><\/p>","protected":false},"featured_media":8482,"comment_status":"open","ping_status":"closed","template":"","meta":{"_joinchat":[]},"product_cat":[322,321],"product_tag":[],"_links":{"self":[{"href":"https:\/\/unkrautmarkt.com\/ro\/wp-json\/wp\/v2\/product\/8478"}],"collection":[{"href":"https:\/\/unkrautmarkt.com\/ro\/wp-json\/wp\/v2\/product"}],"about":[{"href":"https:\/\/unkrautmarkt.com\/ro\/wp-json\/wp\/v2\/types\/product"}],"replies":[{"embeddable":true,"href":"https:\/\/unkrautmarkt.com\/ro\/wp-json\/wp\/v2\/comments?post=8478"}],"wp:featuredmedia":[{"embeddable":true,"href":"https:\/\/unkrautmarkt.com\/ro\/wp-json\/wp\/v2\/media\/8482"}],"wp:attachment":[{"href":"https:\/\/unkrautmarkt.com\/ro\/wp-json\/wp\/v2\/media?parent=8478"}],"wp:term":[{"taxonomy":"product_cat","embeddable":true,"href":"https:\/\/unkrautmarkt.com\/ro\/wp-json\/wp\/v2\/product_cat?post=8478"},{"taxonomy":"product_tag","embeddable":true,"href":"https:\/\/unkrautmarkt.com\/ro\/wp-json\/wp\/v2\/product_tag?post=8478"}],"curies":[{"name":"wp","href":"https:\/\/api.w.org\/{rel}","templated":true}]}}