{"id":8461,"date":"2022-08-03T12:48:30","date_gmt":"2022-08-03T12:48:30","guid":{"rendered":"https:\/\/unkrautmarkt.com\/?post_type=product&#038;p=8461"},"modified":"2026-03-12T06:26:44","modified_gmt":"2026-03-12T06:26:44","slug":"afghani-red-wrap-hash","status":"publish","type":"product","link":"https:\/\/unkrautmarkt.com\/ro\/product\/afghani-red-wrap-hash\/","title":{"rendered":"Afghani Red Wrap Hash"},"content":{"rendered":"<h2 data-start=\"88\" data-end=\"515\"><strong data-start=\"108\" data-end=\"140\">Hash afgan online cu wrap ro\u0219u<\/strong><\/h2>\n<p data-start=\"88\" data-end=\"515\">C\u00e2nd vine vorba de <a href=\"https:\/\/en.wikipedia.org\/wiki\/Hashish\" rel=\"nofollow noopener\" target=\"_blank\"><strong data-start=\"108\" data-end=\"140\">Hash afgan online cu wrap ro\u0219u<\/strong><\/a> Atunci c\u00e2nd cump\u0103ra\u021bi plante medicinale, alegerea magazinului potrivit este crucial\u0103 pentru a asigura at\u00e2t calitatea, c\u00e2t \u0219i fiabilitatea. La unkrautmarkt.com, oferim o experien\u021b\u0103 de cump\u0103r\u0103turi excep\u021bional\u0103, care se remarc\u0103 fa\u021b\u0103 de restul. Iat\u0103 principalele motive pentru care ar trebui s\u0103 ne alege\u021bi atunci c\u00e2nd cump\u0103ra\u021bi plante medicinale. <strong data-start=\"453\" data-end=\"506\">Cump\u0103r\u0103 Afghani Red Wrap Hash de pe unkrautmarkt.com<\/strong> m\u00f6chten.<\/p>\n<h3 data-start=\"517\" data-end=\"538\">Ha\u0219i\u0219 de \u00eenalt\u0103 calitate<\/h3>\n<p data-start=\"540\" data-end=\"1003\">Calitatea produsului este cel mai important factor atunci c\u00e2nd decide\u021bi s\u0103 cump\u0103ra\u021bi online Afghani Red Wrap Hash. Ha\u0219i\u0219ul nostru provine direct de la produc\u0103tori de \u00eencredere din Afganistan, asigur\u00e2ndu-ne c\u0103 fiecare lot este bogat \u00een poten\u021b\u0103, arom\u0103 \u0219i textur\u0103 fin\u0103. Afghani Red Wrap Hash de v\u00e2nzare pe unkrautmarkt.com \u00eendepline\u0219te cele mai \u00eenalte standarde de calitate \u0219i ofer\u0103 tuturor clien\u021bilor no\u0219tri o experien\u021b\u0103 constant\u0103 de \u00eenalt\u0103 calitate.<\/p>\n<h3 data-start=\"1005\" data-end=\"1032\">Cump\u0103r\u0103turi online convenabile<\/h3>\n<p data-start=\"1034\" data-end=\"1554\"><a href=\"https:\/\/unkrautmarkt.com\/ro\/\"><strong>Bei unkrautmarkt.com<\/strong><\/a> Am optimizat procesul de cump\u0103rare pentru a face comanda online de Afghani Red Wrap Hash simpl\u0103 \u0219i convenabil\u0103. Site-ul nostru web este u\u0219or de utilizat \u0219i conceput pentru a v\u0103 ajuta s\u0103 g\u0103si\u021bi rapid exact ceea ce c\u0103uta\u021bi. Indiferent dac\u0103 cump\u0103ra\u021bi o cantitate mic\u0103 sau plasa\u021bi o comand\u0103 mai mare, procesul este simplu \u0219i f\u0103r\u0103 stres. Nu mai trebuie s\u0103 c\u0103uta\u021bi \u00een magazine sau s\u0103 v\u0103 lupta\u021bi cu sisteme complicate de comand\u0103 - cump\u0103ra\u021bi Afghani Red Wrap Hash din confortul casei dvs.<\/p>\n<h3 data-start=\"1556\" data-end=\"1584\">Pre\u021buri competitive<\/h3>\n<p data-start=\"1586\" data-end=\"2123\">Pre\u021bul Afghani Red Wrap Hash este \u00eentotdeauna un factor important atunci c\u00e2nd cumperi online. Ne str\u0103duim s\u0103 oferim unele dintre cele mai competitive pre\u021buri de pe pia\u021b\u0103, men\u021bin\u00e2nd \u00een acela\u0219i timp calitatea produsului. Indiferent dac\u0103 cumperi o cantitate mic\u0103 pentru uz personal sau cantit\u0103\u021bi mai mari, pre\u021burile noastre ofer\u0103 o valoare excelent\u0103. Actualiz\u0103m periodic pre\u021burile noastre pentru a ne asigura c\u0103 beneficiezi de cea mai bun\u0103 ofert\u0103. <a href=\"https:\/\/unkrautmarkt.com\/ro\/product\/afghani-red-wrap-hash\/\"><strong>Afghani Red Wrap Hash online<\/strong><\/a>.<\/p>\n<h3 data-start=\"2125\" data-end=\"2159\">Livrare rapid\u0103 \u0219i sigur\u0103<\/h3>\n<p data-start=\"2161\" data-end=\"2668\">C\u00e2nd v\u0103 <strong data-start=\"2170\" data-end=\"2223\">Cump\u0103r\u0103 Afghani Red Wrap Hash de pe unkrautmarkt.com<\/strong>V\u0103 pute\u021bi a\u0219tepta la o livrare rapid\u0103 \u0219i fiabil\u0103. \u00cen\u021belegem c\u0103 discre\u021bia \u0219i securitatea sunt primordiale atunci c\u00e2nd achizi\u021biona\u021bi astfel de produse, a\u0219a c\u0103 ne asigur\u0103m c\u0103 toate comenzile sunt expediate \u00eentr-un ambalaj discret. Metodele noastre de livrare sunt fiabile \u0219i v\u0103 garant\u0103m c\u0103 comanda dvs. va ajunge la timp \u0219i \u00een stare perfect\u0103, oferindu-v\u0103 lini\u0219te sufleteasc\u0103 pe tot parcursul procesului.<\/p>\n<h3 data-start=\"2670\" data-end=\"2696\">Reputa\u021bie de \u00eencredere<\/h3>\n<p data-start=\"2698\" data-end=\"3238\">De-a lungul anilor, ne-am c\u00e2\u0219tigat \u00eencrederea numero\u0219ilor clien\u021bi oferind produse de \u00eenalt\u0103 calitate \u0219i servicii excep\u021bionale pentru clien\u021bi. Compania noastr\u0103 este cunoscut\u0103 pentru livrarea constant\u0103 de produse autentice. <strong data-start=\"2940\" data-end=\"2965\">Afghani Red Wrap Hash<\/strong>, \u0219i continu\u0103m s\u0103 fim <strong data-start=\"2994\" data-end=\"3050\">beste Ort, um Afghani Red Wrap Hash online zu kaufen<\/strong>Suntem m\u00e2ndri de feedback-ul pozitiv \u0219i de baza de clien\u021bi fideli pe care am construit-o, ceea ce este o dovad\u0103 a fiabilit\u0103\u021bii \u0219i onestit\u0103\u021bii serviciilor noastre.<\/p>\n<h3 data-start=\"3240\" data-end=\"3257\">Serviciu clien\u021bi<\/h3>\n<p data-start=\"3259\" data-end=\"3718\">Dac\u0103 ave\u021bi \u00eentreb\u0103ri despre acest subiect, <strong data-start=\"3287\" data-end=\"3326\">Unde se poate cump\u0103ra ha\u0219i\u0219 Afghani Red Wrap<\/strong> Dac\u0103 ave\u021bi \u00eentreb\u0103ri sau ave\u021bi nevoie de asisten\u021b\u0103 cu comanda dvs., echipa noastr\u0103 de asisten\u021b\u0103 clien\u021bi este \u00eentotdeauna disponibil\u0103. Oferim asisten\u021b\u0103 profesional\u0103 \u0219i prietenoas\u0103 pentru a v\u0103 asigura c\u0103 experien\u021ba de cump\u0103r\u0103turi este c\u00e2t mai u\u0219oar\u0103 posibil. Indiferent dac\u0103 ave\u021bi nevoie de ajutor pentru a alege produsul potrivit sau pentru a urm\u0103ri expedierea, suntem aici pentru a v\u0103 ajuta la fiecare pas.<\/p>\n<h3 data-start=\"3720\" data-end=\"3729\">Concluzie<\/h3>\n<p data-start=\"3731\" data-end=\"4134\" data-is-last-node=\"\" data-is-only-node=\"\">Dac\u0103 sunte\u021bi \u00een c\u0103utarea <strong data-start=\"3745\" data-end=\"3782\">Ha\u0219i\u0219 Afgan Ro\u0219u de v\u00e2nzare<\/strong> Dac\u0103 sunte\u021bi \u00een c\u0103utarea de ha\u0219i\u0219, unkrautmarkt.com este locul ideal pentru dvs. Oferim ha\u0219i\u0219 de \u00eenalt\u0103 calitate la pre\u021buri competitive, o experien\u021b\u0103 de cump\u0103r\u0103turi f\u0103r\u0103 probleme \u0219i livrare rapid\u0103 \u0219i sigur\u0103. Dac\u0103 v\u0103 \u00eentreba\u021bi... <strong data-start=\"3982\" data-end=\"4021\">Unde se poate cump\u0103ra ha\u0219i\u0219 Afghani Red Wrap<\/strong> oder den <strong data-start=\"4031\" data-end=\"4095\">G\u0103se\u0219te cel mai bun loc pentru a cump\u0103ra online Afghani Red Wrap Hash<\/strong>, ist unkrautmarkt.com Ihre erste Wahl.<\/p>","protected":false},"excerpt":{"rendered":"<p>F\u00fcr den Gro\u00dfhandel kontaktieren Sie uns bitte unter<br \/>\nWickr-ID: @williamspro<br \/>\noder per Whatsapp<br \/>\n<img decoding=\"async\" class=\"size-full wp-image-10162 alignleft\" src=\"https:\/\/ograsmarknad.com\/wp-content\/uploads\/2021\/11\/trust.jpg\" alt=\"Trust German\" width=\"300\" height=\"129\" \/><\/p>","protected":false},"featured_media":8470,"comment_status":"open","ping_status":"closed","template":"","meta":{"_joinchat":[]},"product_cat":[322,321],"product_tag":[],"_links":{"self":[{"href":"https:\/\/unkrautmarkt.com\/ro\/wp-json\/wp\/v2\/product\/8461"}],"collection":[{"href":"https:\/\/unkrautmarkt.com\/ro\/wp-json\/wp\/v2\/product"}],"about":[{"href":"https:\/\/unkrautmarkt.com\/ro\/wp-json\/wp\/v2\/types\/product"}],"replies":[{"embeddable":true,"href":"https:\/\/unkrautmarkt.com\/ro\/wp-json\/wp\/v2\/comments?post=8461"}],"wp:featuredmedia":[{"embeddable":true,"href":"https:\/\/unkrautmarkt.com\/ro\/wp-json\/wp\/v2\/media\/8470"}],"wp:attachment":[{"href":"https:\/\/unkrautmarkt.com\/ro\/wp-json\/wp\/v2\/media?parent=8461"}],"wp:term":[{"taxonomy":"product_cat","embeddable":true,"href":"https:\/\/unkrautmarkt.com\/ro\/wp-json\/wp\/v2\/product_cat?post=8461"},{"taxonomy":"product_tag","embeddable":true,"href":"https:\/\/unkrautmarkt.com\/ro\/wp-json\/wp\/v2\/product_tag?post=8461"}],"curies":[{"name":"wp","href":"https:\/\/api.w.org\/{rel}","templated":true}]}}