{"id":8456,"date":"2022-08-03T12:18:03","date_gmt":"2022-08-03T12:18:03","guid":{"rendered":"https:\/\/unkrautmarkt.com\/?post_type=product&#038;p=8456"},"modified":"2026-03-12T06:27:00","modified_gmt":"2026-03-12T06:27:00","slug":"afghan-black-hash","status":"publish","type":"product","link":"https:\/\/unkrautmarkt.com\/ro\/product\/afghan-black-hash\/","title":{"rendered":"Afghan Black Hash"},"content":{"rendered":"<article class=\"text-token-text-primary w-full focus:outline-none [--shadow-height:45px] has-data-writing-block:pointer-events-none has-data-writing-block:-mt-(--shadow-height) has-data-writing-block:pt-(--shadow-height) [&amp;:has([data-writing-block])&gt;*]:pointer-events-auto scroll-mt-(--header-height)\" dir=\"auto\" tabindex=\"-1\" data-turn-id=\"67e99a09-043b-461e-ac14-18a4a955a049\" data-testid=\"conversation-turn-7\" data-scroll-anchor=\"false\" data-turn=\"user\"><\/article>\n<article class=\"text-token-text-primary w-full focus:outline-none [--shadow-height:45px] has-data-writing-block:pointer-events-none has-data-writing-block:-mt-(--shadow-height) has-data-writing-block:pt-(--shadow-height) [&amp;:has([data-writing-block])&gt;*]:pointer-events-auto scroll-mt-[calc(var(--header-height)+min(200px,max(70px,20svh)))]\" dir=\"auto\" tabindex=\"-1\" data-turn-id=\"request-WEB:b3b71863-b3aa-4f21-8e13-39b16a858ae7-3\" data-testid=\"conversation-turn-8\" data-scroll-anchor=\"false\" data-turn=\"assistant\">\n<div class=\"text-base my-auto mx-auto [--thread-content-margin:--spacing(4)] @w-sm\/main:[--thread-content-margin:--spacing(6)] @w-lg\/main:[--thread-content-margin:--spacing(16)] px-(--thread-content-margin)\">\n<div class=\"[--thread-content-max-width:40rem] @w-lg\/main:[--thread-content-max-width:48rem] mx-auto max-w-(--thread-content-max-width) flex-1 group\/turn-messages focus-visible:outline-hidden relative flex w-full min-w-0 flex-col agent-turn\" tabindex=\"-1\">\n<div class=\"flex max-w-full flex-col grow\">\n<div class=\"min-h-8 text-message relative flex w-full flex-col items-end gap-2 text-start break-words whitespace-normal [.text-message+&amp;]:mt-1\" dir=\"auto\" data-message-author-role=\"assistant\" data-message-id=\"8c1d458f-0321-4003-b178-e1de01d2aa37\" data-message-model-slug=\"gpt-5-2\">\n<div class=\"flex w-full flex-col gap-1 empty:hidden first:pt-[1px]\">\n<div class=\"markdown prose dark:prose-invert w-full wrap-break-word dark markdown-new-styling\">\n<h2 data-start=\"0\" data-end=\"567\"><strong>Afghan <\/strong><strong>Black <\/strong><strong>Cump\u0103r\u0103 ha\u0219i\u0219 online<\/strong><\/h2>\n<p data-start=\"0\" data-end=\"567\">C\u00e2nd vine vorba de <a href=\"https:\/\/unkrautmarkt.com\/ro\/product\/afghan-black-hash\/\"><strong>Cump\u0103r\u0103 Ha\u0219i\u0219 Negru Afgan online<\/strong><\/a>Este crucial s\u0103 alege\u021bi un magazin de \u00eencredere pentru a asigura o tranzac\u021bie sigur\u0103 \u0219i o calitate superioar\u0103 a produselor. Magazinul nostru s-a impus ca unul dintre principalii comercian\u021bi online de canabis Afghan Black Hash, oferind o combina\u021bie inegalabil\u0103 de produse de \u00eenalt\u0103 calitate, cump\u0103r\u0103turi sigure \u0219i servicii orientate c\u0103tre client. Dac\u0103 v\u0103 \u00eentreba\u021bi de unde s\u0103 cump\u0103ra\u021bi canabis Afghan Black Hash, iat\u0103 motivele cheie pentru care magazinul nostru este cea mai bun\u0103 alegere.<\/p>\n<h3 data-start=\"569\" data-end=\"620\"><strong data-start=\"569\" data-end=\"620\">Calitate inegalabil\u0103 a ha\u0219i\u0219ului negru afgan<\/strong><\/h3>\n<p data-start=\"622\" data-end=\"1295\">Calitatea Afghan Black Hash \u00eel diferen\u021biaz\u0103 de alte soiuri de ha\u0219i\u0219 de pe pia\u021b\u0103, iar prioritatea noastr\u0103 principal\u0103 este s\u0103 oferim doar ce e mai bun. Afghan Black Hash este atent selectat de la produc\u0103tori de \u00eencredere din Afganistan, renumi\u021bi pentru metodele lor de cultivare de \u00eenalt\u0103 calitate \u0219i procesele de produc\u021bie autentice. Fiecare lot este supus unui control riguros al calit\u0103\u021bii pentru a ne asigura c\u0103 \u00eendepline\u0219te cele mai \u00eenalte standarde de poten\u021b\u0103, textur\u0103 \u0219i arom\u0103. C\u00e2nd cump\u0103ra\u021bi Afghan Black Hash de la noi, pute\u021bi fi siguri c\u0103 primi\u021bi un produs premium, autentic, puternic \u0219i \u00eenr\u0103d\u0103cinat \u00een tradi\u021bie.<\/p>\n<h3 data-start=\"2114\" data-end=\"2172\"><strong data-start=\"2114\" data-end=\"2172\">Pre\u021buri accesibile \u0219i pre\u021buri transparente<\/strong><\/h3>\n<p data-start=\"2174\" data-end=\"2902\">Una dintre cele mai frecvente \u00eentreb\u0103ri pe care clien\u021bii le pun este: \u201eCare este <strong data-start=\"2240\" data-end=\"2271\">Pre\u021bul ha\u0219i\u0219ului negru afgan<\/strong>\u201e\u00cen magazinul nostru, credem c\u0103 produsele de cea mai \u00eenalt\u0103 calitate ar trebui s\u0103 fie accesibile la pre\u021buri corecte. No\u0219tri\u201d <strong data-start=\"2388\" data-end=\"2421\">Ha\u0219i\u0219 negru afgan de v\u00e2nzare<\/strong> Pre\u021burile noastre sunt competitive, asigur\u00e2ndu-v\u0103 c\u0103 beneficia\u021bi de un raport calitate-pre\u021b excelent, f\u0103r\u0103 costuri exagerate. De asemenea, acord\u0103m prioritate transparen\u021bei pre\u021burilor, astfel \u00eenc\u00e2t nu exist\u0103 taxe ascunse sau costuri nea\u0219teptate la finalizarea comenzii. Indiferent dac\u0103 dori\u021bi comenzi mici sau mari, oferim pre\u021buri flexibile care se potrivesc bugetului dumneavoastr\u0103. Pute\u021bi fi siguri c\u0103 ob\u021bine\u021bi cel mai bun pre\u021b pentru calitatea pe care o achizi\u021biona\u021bi.<\/p>\n<h3 data-start=\"2904\" data-end=\"2938\"><strong data-start=\"2904\" data-end=\"2938\">Livrare sigur\u0103 \u0219i discret\u0103<\/strong><\/h3>\n<p data-start=\"2940\" data-end=\"3645\">C\u00e2nd v\u0103 <a href=\"https:\/\/en.wikipedia.org\/wiki\/Hashish\" rel=\"nofollow noopener\" target=\"_blank\"><strong data-start=\"2949\" data-end=\"2984\">Cump\u0103r\u0103 Ha\u0219i\u0219 Negru Afgan online<\/strong><\/a>Discre\u021bia este primordial\u0103. \u00cen\u021belegem importan\u021ba protej\u0103rii confiden\u021bialit\u0103\u021bii dumneavoastr\u0103 \u0219i a asigur\u0103rii c\u0103 comanda dumneavoastr\u0103 ajunge \u00een siguran\u021b\u0103 \u0219i discret. Procesul nostru de livrare este realizat cu cea mai mare grij\u0103 \u0219i folosim ambalaje de \u00eenalt\u0103 calitate pentru a garanta c\u0103 comanda dumneavoastr\u0103 ajunge \u00een stare perfect\u0103. De asemenea, oferim o varietate de op\u021biuni de livrare, permi\u021b\u00e2ndu-v\u0103 s\u0103 alege\u021bi metoda care se potrive\u0219te cel mai bine nevoilor dumneavoastr\u0103 - fie c\u0103 prefera\u021bi livrarea rapid\u0103 sau o op\u021biune mai economic\u0103. Sistemul nostru de livrare fiabil asigur\u0103 c\u0103 comanda dumneavoastr\u0103 ajunge \u00een siguran\u021b\u0103 \u0219i f\u0103r\u0103 \u00eent\u00e2rzieri semnificative.<\/p>\n<h3 data-start=\"5542\" data-end=\"5582\"><strong data-start=\"5542\" data-end=\"5582\">Reduceri exclusive \u0219i oferte speciale<\/strong><\/h3>\n<p data-start=\"5584\" data-end=\"6160\">Ne str\u0103duim s\u0103 oferim clien\u021bilor no\u0219tri mai mult dec\u00e2t produse de calitate. Dac\u0103 sunte\u021bi \u00een c\u0103utarea unor oportunit\u0103\u021bi, <strong data-start=\"5696\" data-end=\"5729\">Ha\u0219i\u0219 negru afgan de v\u00e2nzare<\/strong> Pentru a ob\u021bine produsele noastre la un pre\u021b \u0219i mai bun, magazinul nostru ofer\u0103 \u00een mod regulat promo\u021bii \u0219i reduceri exclusive. Aceste oferte limitate \u00een timp v\u0103 permit s\u0103 achizi\u021biona\u021bi produsele preferate la pre\u021buri reduse, ceea ce face \u0219i mai u\u0219oar\u0103 ob\u021binerea de bunuri de \u00eenalt\u0103 calitate. <a href=\"https:\/\/unkrautmarkt.com\/ro\/\"><strong data-start=\"5996\" data-end=\"6017\">Afghan Black Hash<\/strong><\/a> Distreaz\u0103-te f\u0103r\u0103 a cheltui o avere. Viziteaz\u0103 regulat site-ul nostru web pentru a descoperi oferte noi \u0219i promo\u021bii speciale.<\/p>\n<h3 data-start=\"6162\" data-end=\"6171\"><strong data-start=\"6162\" data-end=\"6171\">Concluzie<\/strong><\/h3>\n<p data-start=\"6173\" data-end=\"6945\" data-is-last-node=\"\" data-is-only-node=\"\">\u00centr-o pia\u021b\u0103 aglomerat\u0103, poate fi dificil s\u0103 g\u0103se\u0219ti magazinul potrivit pentru... <strong data-start=\"6257\" data-end=\"6295\">Cump\u0103r\u0103 Ha\u0219i\u0219 Negru Afgan online<\/strong>Cu toate acestea, datorit\u0103 angajamentului nostru fa\u021b\u0103 de calitatea produselor, pre\u021burile competitive, livrarea sigur\u0103 \u0219i discret\u0103 \u0219i serviciul excelent pentru clien\u021bi, suntem \u00eencrez\u0103tori c\u0103 putem satisface cerin\u021bele pie\u021bei. <strong data-start=\"6468\" data-end=\"6525\">Cel mai bun loc pentru a cump\u0103ra Afghan Black Hash online este<\/strong>. Egal, ob Sie sich fragen \u201e<strong data-start=\"6553\" data-end=\"6594\">De unde pot cump\u0103ra Afghan Black Hash?<\/strong>\u201esau sunte\u021bi gata s\u0103 plasa\u021bi comanda \u2013 magazinul nostru este locul ideal pentru oricine caut\u0103 o experien\u021b\u0103 autentic\u0103, de \u00eenalt\u0103 calitate. Oferim o modalitate u\u0219oar\u0103 \u0219i sigur\u0103 de a...\u201d <strong data-start=\"6806\" data-end=\"6847\">Comand\u0103 online Afghan Black Hash<\/strong>, ceea ce face mai u\u0219or ca niciodat\u0103 s\u0103 v\u0103 bucura\u021bi de acest produs pre\u021bios din confortul propriei case.<\/p>\n<\/div>\n<\/div>\n<\/div>\n<\/div>\n<\/div>\n<\/div>\n<\/article>","protected":false},"excerpt":{"rendered":"<p>F\u00fcr den Gro\u00dfhandel kontaktieren Sie uns bitte unter<br \/>\nWickr-ID: @williamspro<br \/>\noder per Whatsapp<br \/>\n<img decoding=\"async\" class=\"size-full wp-image-10162 alignleft\" src=\"https:\/\/ograsmarknad.com\/wp-content\/uploads\/2021\/11\/trust.jpg\" alt=\"Trust German\" width=\"300\" height=\"129\" \/><\/p>","protected":false},"featured_media":8460,"comment_status":"open","ping_status":"closed","template":"","meta":{"_joinchat":[]},"product_cat":[322,321],"product_tag":[],"_links":{"self":[{"href":"https:\/\/unkrautmarkt.com\/ro\/wp-json\/wp\/v2\/product\/8456"}],"collection":[{"href":"https:\/\/unkrautmarkt.com\/ro\/wp-json\/wp\/v2\/product"}],"about":[{"href":"https:\/\/unkrautmarkt.com\/ro\/wp-json\/wp\/v2\/types\/product"}],"replies":[{"embeddable":true,"href":"https:\/\/unkrautmarkt.com\/ro\/wp-json\/wp\/v2\/comments?post=8456"}],"wp:featuredmedia":[{"embeddable":true,"href":"https:\/\/unkrautmarkt.com\/ro\/wp-json\/wp\/v2\/media\/8460"}],"wp:attachment":[{"href":"https:\/\/unkrautmarkt.com\/ro\/wp-json\/wp\/v2\/media?parent=8456"}],"wp:term":[{"taxonomy":"product_cat","embeddable":true,"href":"https:\/\/unkrautmarkt.com\/ro\/wp-json\/wp\/v2\/product_cat?post=8456"},{"taxonomy":"product_tag","embeddable":true,"href":"https:\/\/unkrautmarkt.com\/ro\/wp-json\/wp\/v2\/product_tag?post=8456"}],"curies":[{"name":"wp","href":"https:\/\/api.w.org\/{rel}","templated":true}]}}