{"id":8062,"date":"2021-12-18T08:51:42","date_gmt":"2021-12-18T08:51:42","guid":{"rendered":"https:\/\/unkrautmarkt.com\/?post_type=product&#038;p=8062"},"modified":"2023-04-02T22:20:59","modified_gmt":"2023-04-02T22:20:59","slug":"angebotspaket-alle-5-strains-45g","status":"publish","type":"product","link":"https:\/\/unkrautmarkt.com\/ro\/product\/angebotspaket-alle-5-strains-45g\/","title":{"rendered":"Angebotspaket (alle 5 Strains &#8211; 45G)"},"content":{"rendered":"<h2>Pachet de ofert\u0103 special\u0103 pentru soiuri<\/h2>\n<p>Dac\u0103 vrei s\u0103 \u00eencerci diferite tipuri de soiuri de canabis, la care oamenii s-ar putea a\u0219tepta de la unele dintre cele mai populare soiuri de marijuana, dar nu \u0219tii unde s\u0103 g\u0103se\u0219ti o ofert\u0103 bun\u0103 la pachet. La Unkrautmarkt.com , pentru prima dat\u0103, oferim tuturor clien\u021bilor \u0219i cump\u0103r\u0103torilor no\u0219tri angro un pachet care include cele 5 variet\u0103\u021bi premium cu con\u021binut ridicat de THC. Nu trebuie s\u0103 v\u0103 deplasa\u021bi nic\u0103ieri pentru aceast\u0103 ofert\u0103 minunat\u0103, trebuie doar s\u0103 plasa\u021bi o comand\u0103 pentru 5 arome de 45 de grame \u0219i s\u0103 ob\u021bine\u021bi o reducere excelent\u0103.<\/p>","protected":false},"excerpt":{"rendered":"<p>For Wholesale please contact us at<br \/>\nWickr ID: @williamspro<br \/>\nor via Whatsapp<br \/>\n<img decoding=\"async\" class=\"size-full wp-image-10162 alignleft\" src=\"https:\/\/ograsmarknad.com\/wp-content\/uploads\/2021\/11\/trust.jpg\" alt=\"Trust German\" width=\"300\" height=\"129\" \/><\/p>","protected":false},"featured_media":8067,"comment_status":"open","ping_status":"closed","template":"","meta":{"_joinchat":[]},"product_cat":[307],"product_tag":[],"_links":{"self":[{"href":"https:\/\/unkrautmarkt.com\/ro\/wp-json\/wp\/v2\/product\/8062"}],"collection":[{"href":"https:\/\/unkrautmarkt.com\/ro\/wp-json\/wp\/v2\/product"}],"about":[{"href":"https:\/\/unkrautmarkt.com\/ro\/wp-json\/wp\/v2\/types\/product"}],"replies":[{"embeddable":true,"href":"https:\/\/unkrautmarkt.com\/ro\/wp-json\/wp\/v2\/comments?post=8062"}],"wp:featuredmedia":[{"embeddable":true,"href":"https:\/\/unkrautmarkt.com\/ro\/wp-json\/wp\/v2\/media\/8067"}],"wp:attachment":[{"href":"https:\/\/unkrautmarkt.com\/ro\/wp-json\/wp\/v2\/media?parent=8062"}],"wp:term":[{"taxonomy":"product_cat","embeddable":true,"href":"https:\/\/unkrautmarkt.com\/ro\/wp-json\/wp\/v2\/product_cat?post=8062"},{"taxonomy":"product_tag","embeddable":true,"href":"https:\/\/unkrautmarkt.com\/ro\/wp-json\/wp\/v2\/product_tag?post=8062"}],"curies":[{"name":"wp","href":"https:\/\/api.w.org\/{rel}","templated":true}]}}