{"id":7854,"date":"2021-10-28T13:08:51","date_gmt":"2021-10-28T13:08:51","guid":{"rendered":"https:\/\/unkrautmarkt.com\/?post_type=product&#038;p=7854"},"modified":"2026-03-16T05:04:59","modified_gmt":"2026-03-16T05:04:59","slug":"super-silver-haze","status":"publish","type":"product","link":"https:\/\/unkrautmarkt.com\/ro\/product\/super-silver-haze\/","title":{"rendered":"Super Silver Haze"},"content":{"rendered":"<h2 style=\"text-align: justify;\">Cump\u0103r\u0103 Super Silver Haze online<\/h2>\n<p style=\"text-align: justify;\"><a href=\"https:\/\/en.wikipedia.org\/wiki\/Cannabis_strain\" rel=\"nofollow noopener\" target=\"_blank\">Super Silver Haze<\/a> Super Silver Haze este un produs creat prin combinarea soiurilor Haze, Northern Lights \u0219i Skunk. Cump\u0103r\u0103 Super Silver Haze online. Rezultatul este pur \u0219i simplu incredibil \u0219i \u00ee\u021bi ofer\u0103 experien\u021ba unic\u0103 de Sativa pe care \u021bi-ai dorit-o dintotdeauna. Cu Super Silver Haze, ob\u021bii cea mai bun\u0103 euforie corporal\u0103, care va dura o perioad\u0103 destul de lung\u0103. De asemenea, are un efect foarte impresionant, \u00een\u0103l\u021b\u0103tor. \u0218i asta \u00ee\u021bi ofer\u0103 o modalitate excelent\u0103 de a face fa\u021b\u0103 nivelurilor extrem de ridicate de stres. Dac\u0103 sim\u021bi grea\u021b\u0103 sau pierderea poftei de m\u00e2ncare, Super Silver Haze te va ajuta s\u0103 le recuperezi pe toate. <a href=\"https:\/\/unkrautmarkt.com\/ro\/product\/super-silver-haze\/\">Cump\u0103r\u0103 Super Silver Haze online<\/a> Deutschland, \u00d6sterreich &amp; Schweiz!<\/p>\n<p style=\"text-align: justify;\">Tulpina Super Silver Haze este un hibrid cu predominan\u021b\u0103 sativa, potrivit pentru un efect de euforie maxim pe tot parcursul zilei. Con\u021bine aproximativ 18% THC \u0219i 0,10% CBD. Acest lucru nu numai c\u0103 ofer\u0103 un efect calmant \u0219i relaxant, dar \u00ee\u021bi permite \u0219i s\u0103 \u00eendepline\u0219ti sarcini importante \u00een timpul zilei. Acest lucru contrasteaz\u0103 cu alte tulpini, care tind s\u0103 provoace un efect de relaxare.<\/p>\n<h3 style=\"text-align: justify;\">Beneficii medicale ale Super Silver Haze<\/h3>\n<p style=\"text-align: justify;\">Mul\u021bi utilizatori ai acestei tulpini au atestat beneficiile sale medicinale semnificative. Super Silver Haze se m\u00e2ndre\u0219te cu arome de condimente, skunk \u0219i citrice \u0219i poate oferi efecte psihoactive \u0219i fizice puternice. Oric\u00e2t de energizant\u0103 ar fi, Super Silver Haze \u00ee\u0219i schimb\u0103 ritmul \u00een a doua jum\u0103tate a perioadei de euforie de lung\u0103 durat\u0103, \u00eencep\u00e2nd s\u0103 calmeze corpul. Utilizatorii pot experimenta o intensificare a culorilor \u0219i o accentuare a tonurilor. Pentru majoritatea utilizatorilor, aceast\u0103 tulpin\u0103 poate fi un remediu eficient pe timpul zilei pentru oboseal\u0103, schimb\u0103ri de dispozi\u021bie, grea\u021b\u0103 \u0219i migrene. Al\u021bi utilizatori pot experimenta efectele fizice mai intens dec\u00e2t al\u021bii, dar poate ameliora durerea cronic\u0103. Super Silver Haze este de v\u00e2nzare. <a href=\"https:\/\/unkrautmarkt.com\/ro\/\">Unkrautmarkt<\/a><\/p>\n<p style=\"text-align: justify;\">F\u0103r\u0103 \u00eendoial\u0103, aceast\u0103 tulpin\u0103 a devenit popular\u0103 \u00een ultimii ani. Cu toate acestea, utilizatorii acestei tulpini \u00eenc\u0103 \u00eent\u00e2mpin\u0103 dificult\u0103\u021bi \u00een a cump\u0103ra Super Silver Haze online. Acest lucru se datoreaz\u0103 faptului c\u0103 majoritatea prefer\u0103 s\u0103 cumpere online de la dispensarele online. Cu toate acestea, suntem \u00eentotdeauna bucuro\u0219i s\u0103 v\u0103 ajut\u0103m cu nevoile dumneavoastr\u0103 de cump\u0103rare. Spor la cump\u0103r\u0103turi \u0219i o zi pl\u0103cut\u0103.<\/p>","protected":false},"excerpt":{"rendered":"<p>For Wholesale please contact us at<br \/>\nWickr ID: @williamspro<br \/>\nor via Whatsapp<br \/>\n<img decoding=\"async\" class=\"size-full wp-image-10162 alignleft\" src=\"https:\/\/ograsmarknad.com\/wp-content\/uploads\/2021\/11\/trust.jpg\" alt=\"Trust German\" width=\"300\" height=\"129\" \/><\/p>","protected":false},"featured_media":7859,"comment_status":"open","ping_status":"closed","template":"","meta":{"_joinchat":[]},"product_cat":[307],"product_tag":[],"_links":{"self":[{"href":"https:\/\/unkrautmarkt.com\/ro\/wp-json\/wp\/v2\/product\/7854"}],"collection":[{"href":"https:\/\/unkrautmarkt.com\/ro\/wp-json\/wp\/v2\/product"}],"about":[{"href":"https:\/\/unkrautmarkt.com\/ro\/wp-json\/wp\/v2\/types\/product"}],"replies":[{"embeddable":true,"href":"https:\/\/unkrautmarkt.com\/ro\/wp-json\/wp\/v2\/comments?post=7854"}],"wp:featuredmedia":[{"embeddable":true,"href":"https:\/\/unkrautmarkt.com\/ro\/wp-json\/wp\/v2\/media\/7859"}],"wp:attachment":[{"href":"https:\/\/unkrautmarkt.com\/ro\/wp-json\/wp\/v2\/media?parent=7854"}],"wp:term":[{"taxonomy":"product_cat","embeddable":true,"href":"https:\/\/unkrautmarkt.com\/ro\/wp-json\/wp\/v2\/product_cat?post=7854"},{"taxonomy":"product_tag","embeddable":true,"href":"https:\/\/unkrautmarkt.com\/ro\/wp-json\/wp\/v2\/product_tag?post=7854"}],"curies":[{"name":"wp","href":"https:\/\/api.w.org\/{rel}","templated":true}]}}