{"id":7848,"date":"2021-10-28T13:03:14","date_gmt":"2021-10-28T13:03:14","guid":{"rendered":"https:\/\/unkrautmarkt.com\/?post_type=product&#038;p=7848"},"modified":"2026-03-16T05:05:41","modified_gmt":"2026-03-16T05:05:41","slug":"strawberry-haze","status":"publish","type":"product","link":"https:\/\/unkrautmarkt.com\/ro\/product\/strawberry-haze\/","title":{"rendered":"Strawberry Haze"},"content":{"rendered":"<h2 style=\"text-align: justify;\">Strawberry Haze online<\/h2>\n<p style=\"text-align: justify;\"><a href=\"https:\/\/en.wikipedia.org\/wiki\/Cannabis_strain\" rel=\"nofollow noopener\" target=\"_blank\">Strawberry Haze<\/a> Mugurii de Strawberry Haze miros a c\u0103p\u0219uni \u0219i ofer\u0103 o arom\u0103 dulce, care este amplificat\u0103 \u0219i mai mult atunci c\u00e2nd r\u0103d\u0103cinile sunt l\u0103sate s\u0103 creasc\u0103 liber \u00een sol. Se caracterizeaz\u0103 printr-o plant\u0103 \u00eenalt\u0103, cu ramuri lungi. Este o plant\u0103 u\u0219or de cultivat \u0219i \u00eentre\u021binut, deoarece este cunoscut\u0103 pentru faptul c\u0103 prosper\u0103 \u00een condi\u021bii de umiditate ridicat\u0103. Perioada de \u00eenflorire este de aproximativ 10 s\u0103pt\u0103m\u00e2ni, cu un con\u021binut de THC de p\u00e2n\u0103 la 20% \u0219i un con\u021binut de CBD de 1,2%.<\/p>\n<p style=\"text-align: justify;\"><a href=\"https:\/\/unkrautmarkt.com\/ro\/product\/strawberry-haze\/\">Unkrautmarkt.com<\/a> Am fost recunoscu\u021bi ca fiind una dintre cele mai bune farmacii online de marijuana. Acest lucru se datoreaz\u0103 calit\u0103\u021bii produselor noastre, angajamentului nostru fa\u021b\u0103 de satisfac\u021bia clien\u021bilor \u0219i dedic\u0103rii noastre de a asigura satisfac\u021bia dumneavoastr\u0103 complet\u0103. Strawberry Haze, cunoscut\u0103 \u0219i sub numele de \u201eStrawberry Haze de la Arjan\u201d, a fost dezvoltat\u0103 de Arjan \u0219i lansat\u0103 publicului \u00een 2006. \u00cen 2005, Strawberry Haze a c\u00e2\u0219tigat premiul \u00eent\u00e2i la Green House Very Important Smokers Panel. Acum pute\u021bi cump\u0103ra Strawberry Haze de la noi online la pre\u021buri competitive, cu livrare discret\u0103 garantat\u0103 \u00een \u00eentreaga lume.<\/p>\n<h3 style=\"text-align: justify;\">Strawberry Haze Efecte<\/h3>\n<p style=\"text-align: justify;\">Am f\u0103cut un e\u0219antion pe c\u00e2teva persoane care cump\u0103r\u0103 Strawberry Haze tot timpul \u0219i iat\u0103 ce am aflat.<\/p>\n<p style=\"text-align: justify;\"><em><strong>113 persoane ne-au spus despre efecte:<\/strong><\/em><\/p>\n<p style=\"text-align: justify;\">\u2022 <a href=\"https:\/\/unkrautmarkt.com\/ro\/\">Gef\u00fchle<\/a><br \/>\n- Negativ<br \/>\n- Ajut\u0103 cu<\/p>\n<p style=\"text-align: justify;\">Energetic: 53% dintre oameni declar\u0103 c\u0103 se simt energici<br \/>\nFerici\u021bi: 53% dintre oameni spun c\u0103 se simt ferici\u021bi<br \/>\n53% dintre oameni declar\u0103 c\u0103 se simt \u00een\u0103l\u021ba\u021bi<br \/>\nGura uscat\u0103: 26% dintre persoane raporteaz\u0103 c\u0103 au gura uscat\u0103<br \/>\nOchii usca\u021bi: 21% dintre persoane raporteaz\u0103 ochi usca\u021bi<br \/>\nParanoic: 11% dintre oameni declar\u0103 c\u0103 se simt paranoici<br \/>\nDepresie: 31% dintre oameni spun c\u0103 ajut\u0103 \u00een cazul depresiei<br \/>\nStresul: 28% dintre oameni spun c\u0103 ajut\u0103 cu stresul<br \/>\nAnxietate: 22% dintre oameni spun c\u0103 ajut\u0103 cu anxietatea<\/p>","protected":false},"excerpt":{"rendered":"<p>For Wholesale please contact us at<br \/>\nWickr ID: @williamspro<br \/>\nor via Whatsapp<br \/>\n<img decoding=\"async\" class=\"size-full wp-image-10162 alignleft\" src=\"https:\/\/ograsmarknad.com\/wp-content\/uploads\/2021\/11\/trust.jpg\" alt=\"Trust German\" width=\"300\" height=\"129\" \/><\/p>","protected":false},"featured_media":7853,"comment_status":"open","ping_status":"closed","template":"","meta":{"_joinchat":[]},"product_cat":[307],"product_tag":[],"_links":{"self":[{"href":"https:\/\/unkrautmarkt.com\/ro\/wp-json\/wp\/v2\/product\/7848"}],"collection":[{"href":"https:\/\/unkrautmarkt.com\/ro\/wp-json\/wp\/v2\/product"}],"about":[{"href":"https:\/\/unkrautmarkt.com\/ro\/wp-json\/wp\/v2\/types\/product"}],"replies":[{"embeddable":true,"href":"https:\/\/unkrautmarkt.com\/ro\/wp-json\/wp\/v2\/comments?post=7848"}],"wp:featuredmedia":[{"embeddable":true,"href":"https:\/\/unkrautmarkt.com\/ro\/wp-json\/wp\/v2\/media\/7853"}],"wp:attachment":[{"href":"https:\/\/unkrautmarkt.com\/ro\/wp-json\/wp\/v2\/media?parent=7848"}],"wp:term":[{"taxonomy":"product_cat","embeddable":true,"href":"https:\/\/unkrautmarkt.com\/ro\/wp-json\/wp\/v2\/product_cat?post=7848"},{"taxonomy":"product_tag","embeddable":true,"href":"https:\/\/unkrautmarkt.com\/ro\/wp-json\/wp\/v2\/product_tag?post=7848"}],"curies":[{"name":"wp","href":"https:\/\/api.w.org\/{rel}","templated":true}]}}