{"id":7842,"date":"2021-10-28T12:47:53","date_gmt":"2021-10-28T12:47:53","guid":{"rendered":"https:\/\/unkrautmarkt.com\/?post_type=product&#038;p=7842"},"modified":"2026-03-16T05:07:22","modified_gmt":"2026-03-16T05:07:22","slug":"sour-diesel","status":"publish","type":"product","link":"https:\/\/unkrautmarkt.com\/ro\/product\/sour-diesel\/","title":{"rendered":"Sour Diesel"},"content":{"rendered":"<h2 style=\"text-align: justify;\">Cump\u0103r\u0103 Sour Diesel online<\/h2>\n<p style=\"text-align: justify;\">Cunoscut \u0219i sub numele de Sour D, <a href=\"https:\/\/unkrautmarkt.com\/ro\/product\/sour-diesel\/\">Sour Diesel<\/a> O tulpin\u0103 sativa care eman\u0103 o arom\u0103 l\u0103m\u00e2ie, acr\u0103, \u00een\u021bep\u0103toare, cu o arom\u0103 acri\u0219oar\u0103, p\u0103m\u00e2ntie. Frunzele sale sunt de un verde intens, cu calicii acoperi\u021bi cu tricomi albi \u0219i peri fini atunci c\u00e2nd sunt gata de recoltare. Sour Diesel de v\u00e2nzare, cump\u0103ra\u021bi marijuana ieftin\u0103 online, iarb\u0103 de v\u00e2nzare online.<\/p>\n<p style=\"text-align: justify;\">Linia genealogic\u0103 a lui Sour Diesel s-a pierdut, dar se crede c\u0103 a fost o \u00eencruci\u0219are \u00eentre hibridul Chemdawg, indica Northern Lights \u0219i un fenotip hibrid Skunk.<\/p>\n<p style=\"text-align: justify;\">Se \u0219tie c\u0103 nivelurile de THC pot ajunge p\u00e2n\u0103 la 25%, dar media este \u00een jur de 17%. Aceast\u0103 tulpin\u0103 sativa produce o activitate cerebral\u0103 intens\u0103, majoritatea recenzorilor raport\u00e2nd o creativitate \u0219i o energie sporite. Este cunoscut\u0103 pentru faptul c\u0103 ajut\u0103 la combaterea oboselii \u0219i la ameliorarea anxiet\u0103\u021bii, ceea ce o face o tulpin\u0103 excelent\u0103 pentru un semnal de alarm\u0103. Cump\u0103ra\u021bi marijuana ieftin online \u00een Germania, Austria \u0219i Elve\u021bia.<\/p>\n<p style=\"text-align: justify;\">A\u0219tepta\u021bi-v\u0103 la gur\u0103 uscat\u0103 \u0219i ochi usca\u021bi atunci c\u00e2nd consuma\u021bi Sour Diesel. Paranoia este, de asemenea, un efect secundar frecvent din cauza activit\u0103\u021bii cerebrale pe care o induce, care poate fi cople\u0219itoare pentru unii. De\u0219i Sour Diesel stimuleaz\u0103 mintea \u0219i \u00eembun\u0103t\u0103\u021be\u0219te sim\u021burile, v\u0103 poate distrage \u0219i u\u0219or, \u00eengreun\u00e2nd purtarea unei conversa\u021bii sau concentrarea asupra unui singur lucru. <a href=\"https:\/\/en.wikipedia.org\/wiki\/Sour_Diesel\" rel=\"nofollow noopener\" target=\"_blank\">Motorin\u0103 acid\u0103 de v\u00e2nzare<\/a><\/p>\n<p style=\"text-align: justify;\"><strong>Aceast\u0103 tulpin\u0103 puternic\u0103 este ideal\u0103 pentru utilizatorii pasiona\u021bi de canabis, nu pentru \u00eencep\u0103tori.<\/strong><\/p>\n<h3 style=\"text-align: justify;\">Cump\u0103ra\u021bi Sour Diesel online \u00een Germania, Austria, Elve\u021bia<\/h3>\n<h4 style=\"text-align: justify;\">Experien\u0163\u0103<\/h4>\n<p style=\"text-align: justify;\">Das Gute, <a href=\"https:\/\/unkrautmarkt.com\/ro\/\">Comand\u0103 Sour Diesel online<\/a><\/p>\n<ul style=\"text-align: justify;\">\n<li>Energiek<\/li>\n<li>Cr\u00e9atif<\/li>\n<li>Heureux<\/li>\n<\/ul>\n<h4 style=\"text-align: justify;\">R\u0103ul<\/h4>\n<ul style=\"text-align: justify;\">\n<li>Droge ogen<\/li>\n<li>Bouche s\u00e8che<\/li>\n<\/ul>\n<h4 style=\"text-align: justify;\">Se potrive\u0219te bine cu v\u00e2nzarea de iarb\u0103 online<\/h4>\n<ul style=\"text-align: justify;\">\n<li>Art et sculptures<\/li>\n<li>en lisant<\/li>\n<li>Studie<\/li>\n<\/ul>\n<h4 style=\"text-align: justify;\">Gust \u0219i miros<\/h4>\n<ul>\n<li style=\"text-align: justify;\">Fruchtig<\/li>\n<li style=\"text-align: justify;\">Aigre<\/li>\n<li style=\"text-align: justify;\">Doux<\/li>\n<\/ul>","protected":false},"excerpt":{"rendered":"<p>For Wholesale please contact us at<br \/>\nWickr ID: @williamspro<br \/>\nor via Whatsapp<br \/>\n<img decoding=\"async\" class=\"size-full wp-image-10162 alignleft\" src=\"https:\/\/ograsmarknad.com\/wp-content\/uploads\/2021\/11\/trust.jpg\" alt=\"Trust German\" width=\"300\" height=\"129\" \/><\/p>","protected":false},"featured_media":7847,"comment_status":"open","ping_status":"closed","template":"","meta":{"_joinchat":[]},"product_cat":[307],"product_tag":[],"_links":{"self":[{"href":"https:\/\/unkrautmarkt.com\/ro\/wp-json\/wp\/v2\/product\/7842"}],"collection":[{"href":"https:\/\/unkrautmarkt.com\/ro\/wp-json\/wp\/v2\/product"}],"about":[{"href":"https:\/\/unkrautmarkt.com\/ro\/wp-json\/wp\/v2\/types\/product"}],"replies":[{"embeddable":true,"href":"https:\/\/unkrautmarkt.com\/ro\/wp-json\/wp\/v2\/comments?post=7842"}],"wp:featuredmedia":[{"embeddable":true,"href":"https:\/\/unkrautmarkt.com\/ro\/wp-json\/wp\/v2\/media\/7847"}],"wp:attachment":[{"href":"https:\/\/unkrautmarkt.com\/ro\/wp-json\/wp\/v2\/media?parent=7842"}],"wp:term":[{"taxonomy":"product_cat","embeddable":true,"href":"https:\/\/unkrautmarkt.com\/ro\/wp-json\/wp\/v2\/product_cat?post=7842"},{"taxonomy":"product_tag","embeddable":true,"href":"https:\/\/unkrautmarkt.com\/ro\/wp-json\/wp\/v2\/product_tag?post=7842"}],"curies":[{"name":"wp","href":"https:\/\/api.w.org\/{rel}","templated":true}]}}