{"id":7836,"date":"2021-10-28T12:20:23","date_gmt":"2021-10-28T12:20:23","guid":{"rendered":"https:\/\/unkrautmarkt.com\/?post_type=product&#038;p=7836"},"modified":"2026-03-16T05:10:06","modified_gmt":"2026-03-16T05:10:06","slug":"pineapple-express","status":"publish","type":"product","link":"https:\/\/unkrautmarkt.com\/ro\/product\/pineapple-express\/","title":{"rendered":"Pineapple Express"},"content":{"rendered":"<h2 style=\"text-align: justify;\">Pineapple Express online kaufen von der besten Online-Apotheke<\/h2>\n<p style=\"text-align: justify;\">Pineapple Express de v\u00e2nzare \u00een Rom\u00e2nia, Germania, Austria \u0219i Elve\u021bia poate fi achizi\u021bionat de pe Unkrautmarkt.com la pre\u021buri accesibile \u00een prezent. \u00centreaga noastr\u0103 echip\u0103 de v\u00e2nz\u0103tori \u0219i furnizori este disponibil\u0103 24\/7 pentru a v\u0103 ajuta s\u0103 cump\u0103ra\u021bi Pineapple Express online. Suntem o farmacie online cu experien\u021b\u0103 care \u00ee\u0219i \u00een\u021belege clien\u021bii. Aici pute\u021bi cump\u0103ra cele mai bune produse. Comanda\u021bi Pineapple Express Germania, Austria \u0219i Elve\u021bia acum!<\/p>\n<h3 style=\"text-align: justify;\">Ce caracteristici are Pineapple Express?<\/h3>\n<p style=\"text-align: justify;\"><a href=\"https:\/\/unkrautmarkt.com\/ro\/product\/pineapple-express\/\"><strong>Pineapple Express<\/strong><\/a> Pineapple Express este o tulpin\u0103 tropical\u0103 creat\u0103 prin \u00eencruci\u0219area dintre Trainwreck \u0219i Hawaiian. Produce un fum fin \u0219i dulce, suficient pentru ca fum\u0103torii s\u0103 se simt\u0103 euforici. Aceast\u0103 varietate puternic\u0103 a devenit foarte popular\u0103 pe pie\u021bele online din SUA, Marea Britanie, Canada, Germania \u0219i Australia. Con\u021binutul de THC al acestei tulpini este \u00een general de peste 24%. Miroase a o tarab\u0103 cu fructe. Mugurii de Pineapple Express au culoarea m\u0103slinei \u0219i form\u0103 de piatr\u0103. Au gust de felie proasp\u0103t\u0103 de ananas. Lista ta scurt\u0103 de lucruri de f\u0103cut poate fi completat\u0103 rapid cu aceast\u0103 tulpin\u0103. Po\u021bi cultiva aceast\u0103 plant\u0103 at\u00e2t \u00een \u200b\u200baer liber, c\u00e2t \u0219i \u00een interior. \u00cenflorirea dureaz\u0103 aproximativ 7-8 s\u0103pt\u0103m\u00e2ni.<\/p>\n<ul>\n<li style=\"text-align: justify;\">Gustul este foarte puternic.<\/li>\n<li style=\"text-align: justify;\">Zumzetul s\u0103u este puternic.<\/li>\n<li style=\"text-align: justify;\">\u00ce\u021bi d\u0103 senza\u021bia c\u0103 plute\u0219ti \u00een aer.<\/li>\n<li style=\"text-align: justify;\">Produce o u\u0219oar\u0103 amor\u021beal\u0103 \u0219i un efect ame\u021bitor \u0219i vesel.<\/li>\n<li style=\"text-align: justify;\">\u00cei face pe utilizatori creativi \u0219i vorb\u0103re\u021bi.<\/li>\n<li style=\"text-align: justify;\">Ajut\u0103 la concentrare \u0219i la productivitate.<\/li>\n<li style=\"text-align: justify;\">Este util pentru persoanele care sufer\u0103 de anxietate, oboseal\u0103, depresie, stres cronic \u0219i nelini\u0219te general\u0103. <a href=\"https:\/\/unkrautmarkt.com\/ro\/\"><strong>Unkrautmarkt<\/strong><\/a><\/li>\n<li style=\"text-align: justify;\">De asemenea, are unele propriet\u0103\u021bi calmante minore.<\/li>\n<\/ul>\n<h3 style=\"text-align: justify;\">Wie bestelle ich Pineapple Express online?<\/h3>\n<p style=\"text-align: justify;\">C\u00e2nd v\u0103 <a href=\"https:\/\/en.wikipedia.org\/wiki\/Pineapple_Express\" rel=\"nofollow noopener\" target=\"_blank\">Pineapple Express in Deutschland<\/a>Dac\u0103 dori\u021bi s\u0103 comanda\u021bi online din Austria sau Elve\u021bia, alege\u021bi Unkrautmarkt.com. Vom ambala comanda \u00een siguran\u021b\u0103 \u0219i o vom expedia la adresa specificat\u0103. Nu vor exista \u00eent\u00e2rzieri din partea noastr\u0103. Conecta\u021bi-v\u0103 acum!<\/p>","protected":false},"excerpt":{"rendered":"<p>For Wholesale please contact us at<br \/>\nWickr ID: @williamspro<br \/>\nor via Whatsapp<br \/>\n<img decoding=\"async\" class=\"size-full wp-image-10162 alignleft\" src=\"https:\/\/ograsmarknad.com\/wp-content\/uploads\/2021\/11\/trust.jpg\" alt=\"Trust German\" width=\"300\" height=\"129\" \/><\/p>","protected":false},"featured_media":7841,"comment_status":"open","ping_status":"closed","template":"","meta":{"_joinchat":[]},"product_cat":[307],"product_tag":[],"_links":{"self":[{"href":"https:\/\/unkrautmarkt.com\/ro\/wp-json\/wp\/v2\/product\/7836"}],"collection":[{"href":"https:\/\/unkrautmarkt.com\/ro\/wp-json\/wp\/v2\/product"}],"about":[{"href":"https:\/\/unkrautmarkt.com\/ro\/wp-json\/wp\/v2\/types\/product"}],"replies":[{"embeddable":true,"href":"https:\/\/unkrautmarkt.com\/ro\/wp-json\/wp\/v2\/comments?post=7836"}],"wp:featuredmedia":[{"embeddable":true,"href":"https:\/\/unkrautmarkt.com\/ro\/wp-json\/wp\/v2\/media\/7841"}],"wp:attachment":[{"href":"https:\/\/unkrautmarkt.com\/ro\/wp-json\/wp\/v2\/media?parent=7836"}],"wp:term":[{"taxonomy":"product_cat","embeddable":true,"href":"https:\/\/unkrautmarkt.com\/ro\/wp-json\/wp\/v2\/product_cat?post=7836"},{"taxonomy":"product_tag","embeddable":true,"href":"https:\/\/unkrautmarkt.com\/ro\/wp-json\/wp\/v2\/product_tag?post=7836"}],"curies":[{"name":"wp","href":"https:\/\/api.w.org\/{rel}","templated":true}]}}