{"id":7830,"date":"2021-10-28T12:15:41","date_gmt":"2021-10-28T12:15:41","guid":{"rendered":"https:\/\/unkrautmarkt.com\/?post_type=product&#038;p=7830"},"modified":"2026-03-16T05:10:47","modified_gmt":"2026-03-16T05:10:47","slug":"orange-kush","status":"publish","type":"product","link":"https:\/\/unkrautmarkt.com\/ro\/product\/orange-kush\/","title":{"rendered":"Orange Kush"},"content":{"rendered":"<h2 style=\"text-align: justify;\">Cump\u0103r\u0103 Orange Kush online<\/h2>\n<p style=\"text-align: justify;\"><a href=\"https:\/\/unkrautmarkt.com\/ro\/product\/orange-kush\/\">Orange Kush<\/a> wurde von Green Devil Genetics gez\u00fcchtet und ist das Kind von Orange Bud und OG Kush. Es bringt den K\u00f6rper in Entspannung und hebt die Stimmung mit einem s\u00fc\u00dfen und w\u00fcrzigen Zitrusgeschmack. Diese Sorte ist resistent gegen die meisten Sch\u00e4dlinge und Schimmelpilze und hat lange, dichte Knospen mit vielen orangefarbenen Haaren und Trichomkristallen. Kaufen Sie Orange Kush Online in Deutschland, \u00d6sterreich und der Schweiz.<\/p>\n<p style=\"text-align: justify;\">Creat\u0103 de Green Devil Genetics, Orange Kush este urma\u0219ul dintre Orange Bud \u0219i OG Kush. Induce relaxare \u0219i \u00eembun\u0103t\u0103\u021be\u0219te starea de spirit cu o arom\u0103 dulce \u0219i picant\u0103 de citrice. Aceast\u0103 tulpin\u0103 este rezistent\u0103 la majoritatea d\u0103un\u0103torilor \u0219i mucegaiului \u0219i prezint\u0103 muguri lungi \u0219i den\u0219i, cu peri\u0219ori portocalii abunden\u021bi \u0219i cristale de tricomi. Cump\u0103r\u0103 Orange Kush online \u00een Germania, Austria \u0219i Elve\u021bia.<\/p>\n<p style=\"text-align: justify;\">Aceast\u0103 tulpin\u0103 hibrid\u0103 de marijuana, dominat\u0103 de sativa, a fost dezvoltat\u0103 pentru a fi o varietate rezistent\u0103 \u0219i robust\u0103. Plantele Organic Kush provin din p\u0103rin\u021bi OG Kush \u0219i SAGE \u0219i, la fel ca multe sative, au o perioad\u0103 de \u00eenflorire pu\u021bin mai lung\u0103, de 10-11 s\u0103pt\u0103m\u00e2ni. Aceste plante au multe ramuri cu frunze verde \u00eenchis, dar mugurii lor sunt de un verde str\u0103lucitor \u0219i miros a pin proasp\u0103t t\u0103iat. Organic Kush este o alegere excelent\u0103 pentru o senza\u021bie cerebral\u0103 \u0219i ar putea st\u00e2rni creativitatea.<\/p>\n<p style=\"text-align: justify;\"><strong>Numele tulpinii: Orange Kush<\/strong><\/p>\n<p style=\"text-align: justify;\">Note: B+<\/p>\n<p style=\"text-align: justify;\">Typ: <a href=\"https:\/\/unkrautmarkt.com\/ro\/\">Indica<\/a><\/p>\n<p style=\"text-align: justify;\"><strong>Aspect<\/strong><br \/>\nVerde deschis cu peri\u0219ori portocalii str\u0103lucitori \u0219i gro\u0219i. Multe cristale str\u0103lucesc \u00een lumin\u0103. 10\/10<\/p>\n<p style=\"text-align: justify;\"><strong>Miros<\/strong><br \/>\nUn u\u0219or miros de ierburi p\u0103m\u00e2ntii, dar \u00een rest, nu are niciun miros. Foarte subtil. 7\/10<\/p>\n<p style=\"text-align: justify;\"><strong>Gust:<\/strong><br \/>\nSimilar mirosului, nu prea are gust. Este o arom\u0103 foarte fin\u0103, u\u0219or p\u0103m\u00e2ntie, de plante. A\u0219eza\u021bi saci vulcanici gro\u0219i. 7\/10<\/p>\n<p style=\"text-align: justify;\"><strong>Impact<\/strong><br \/>\n<a href=\"https:\/\/en.wikipedia.org\/wiki\/Kush_(cannabis)\" rel=\"nofollow noopener\" target=\"_blank\">Utilizare nocturn\u0103<\/a>Nici m\u0103car nu am terminat un plic de Volcano \u0219i stomacul \u00eemi r\u0103cne\u0219te ca un leu, \u0219i tocmai am m\u00e2ncat... Pare a fi una dintre acele tulpini care declan\u0219eaz\u0103 o foame extrem\u0103. Efecte indica puternice, cu g\u00e2ndire relativ clar\u0103. Bun\u0103 pentru durere \u0219i o senza\u021bie de \u00eenfior\u0103tor ochi. 9\/10<\/p>\n<p style=\"text-align: justify;\">Potenz: 8\/10<\/p>\n<p style=\"text-align: justify;\"><strong>Bun pentru<\/strong><br \/>\nCre\u0219terea poftei de m\u00e2ncare, grea\u021b\u0103, ameliorarea durerilor u\u0219oare, relaxare, stres, astm. Comanda\u021bi tulpin\u0103 Orange Kush \u00een Germania, Austria \u0219i Elve\u021bia.<\/p>","protected":false},"excerpt":{"rendered":"<p>For Wholesale please contact us at<br \/>\nWickr ID: @williamspro<br \/>\nor via Whatsapp<br \/>\n<img decoding=\"async\" class=\"size-full wp-image-10162 alignleft\" src=\"https:\/\/ograsmarknad.com\/wp-content\/uploads\/2021\/11\/trust.jpg\" alt=\"Trust German\" width=\"300\" height=\"129\" \/><\/p>","protected":false},"featured_media":7835,"comment_status":"open","ping_status":"closed","template":"","meta":{"_joinchat":[]},"product_cat":[307],"product_tag":[],"_links":{"self":[{"href":"https:\/\/unkrautmarkt.com\/ro\/wp-json\/wp\/v2\/product\/7830"}],"collection":[{"href":"https:\/\/unkrautmarkt.com\/ro\/wp-json\/wp\/v2\/product"}],"about":[{"href":"https:\/\/unkrautmarkt.com\/ro\/wp-json\/wp\/v2\/types\/product"}],"replies":[{"embeddable":true,"href":"https:\/\/unkrautmarkt.com\/ro\/wp-json\/wp\/v2\/comments?post=7830"}],"wp:featuredmedia":[{"embeddable":true,"href":"https:\/\/unkrautmarkt.com\/ro\/wp-json\/wp\/v2\/media\/7835"}],"wp:attachment":[{"href":"https:\/\/unkrautmarkt.com\/ro\/wp-json\/wp\/v2\/media?parent=7830"}],"wp:term":[{"taxonomy":"product_cat","embeddable":true,"href":"https:\/\/unkrautmarkt.com\/ro\/wp-json\/wp\/v2\/product_cat?post=7830"},{"taxonomy":"product_tag","embeddable":true,"href":"https:\/\/unkrautmarkt.com\/ro\/wp-json\/wp\/v2\/product_tag?post=7830"}],"curies":[{"name":"wp","href":"https:\/\/api.w.org\/{rel}","templated":true}]}}