{"id":7824,"date":"2021-10-28T10:58:14","date_gmt":"2021-10-28T10:58:14","guid":{"rendered":"https:\/\/unkrautmarkt.com\/?post_type=product&#038;p=7824"},"modified":"2026-03-13T09:19:26","modified_gmt":"2026-03-13T09:19:26","slug":"lemon-haze","status":"publish","type":"product","link":"https:\/\/unkrautmarkt.com\/ro\/product\/lemon-haze\/","title":{"rendered":"Lemon Haze"},"content":{"rendered":"<h2 style=\"text-align: justify;\">Lemon Haze online<\/h2>\n<p style=\"text-align: justify;\"><a href=\"https:\/\/unkrautmarkt.com\/ro\/product\/lemon-haze\/\"><strong>Lemon Haze<\/strong><\/a> este o tulpin\u0103 originar\u0103 din California, ad\u00e2nc \u00eenr\u0103d\u0103cinat\u0103 \u00een cultura canabisului de pe Coasta de Vest. Acest hibrid \u00eenc\u00e2nt\u0103tor, dominat de sativa, a fost creat pentru prima dat\u0103 prin \u00eencruci\u0219area dintre Silver Haze \u0219i Lemon Skunk. Aroma \u0219i gustul s\u0103u inconfundabil de acri\u0219or, l\u0103m\u00e2ie \u0219i pin, \u00eempreun\u0103 cu natura sa vesel\u0103 \u0219i revigorant\u0103, \u00eel fac un favorit al fanilor din \u00eentreaga lume. <strong>Cump\u0103r\u0103 Lemon Haze \u00een Germania<\/strong>, \u00d6sterreich und der Schweiz.<\/p>\n<h3 style=\"text-align: justify;\">Impact<\/h3>\n<p style=\"text-align: justify;\">Testele de laborator efectuate pe acest hibrid perfect sunt dovada poten\u021bei acestei tulpini. \u00cen medie, aceast\u0103 tulpin\u0103 con\u021bine <strong>15-18%<\/strong> THC, ceea ce este destul de remarcabil pentru un hibrid cu predominan\u021b\u0103 sativa. Con\u021binutul ridicat de THC \u0219i con\u021binutul sc\u0103zut de CBD (&lt;1%) al <strong><a href=\"https:\/\/en.wikipedia.org\/wiki\/Super_Lemon_Haze\" rel=\"nofollow noopener\" target=\"_blank\">Lemon Haze<\/a><\/strong> Acestea produc o stare de euforie psihedelic\u0103, ame\u021bitoare, bogat\u0103 \u00een vibra\u021bii de bine \u0219i chicoteal\u0103. Efectele cerebrale \u0219i \u00een\u0103l\u021b\u0103toare ale acestei tulpini o fac ideal\u0103 pentru gestionarea anxiet\u0103\u021bii, depresiei \u0219i stresului general din via\u021ba de zi cu zi. Acest lucru o face o tulpin\u0103 excelent\u0103 pentru tot restul zilei, deoarece ajut\u0103 la concentrare \u0219i promoveaz\u0103 interac\u021biunea social\u0103. Propriet\u0103\u021bile analgezice sau calmante sunt destul de slabe, ceea ce este norma pentru tulpinile cu predominan\u021b\u0103 sativa.<\/p>\n<h3 style=\"text-align: justify;\">Aspect \u0219i arom\u0103<\/h3>\n<p style=\"text-align: justify;\">Cea mai frapant\u0103 caracteristic\u0103 a <a href=\"https:\/\/unkrautmarkt.com\/ro\/\">Lemon Haze<\/a> Parfumul atr\u0103g\u0103tor aminte\u0219te de limonad\u0103 proasp\u0103t stoars\u0103 \u2013 aroma cojii acri\u0219oare de citrice se \u00eembin\u0103 cu o not\u0103 dulce, de pin, pentru un parfum r\u0103coritor. Mugurii conici sunt dens \u00eempacheta\u021bi \u0219i con\u021bin o abunden\u021b\u0103 de tricomi vizibili, pufo\u0219i. O cantitate minim\u0103 de pistile portocalii palide se cuib\u0103re\u0219te frumos \u00een florile verde deschis, iar atunci c\u00e2nd sunt rup\u021bi, mugurii elibereaz\u0103 \u0219i mai mult THC.<\/p>\n<h3 style=\"text-align: justify;\">Tip de mare<\/h3>\n<p style=\"text-align: justify;\">Aceast\u0103 tulpin\u0103 de marijuana induce o euforie cerebral\u0103 \u00een\u0103l\u021b\u0103toare, urmat\u0103 de un blocaj pe canapea. Cre\u0219te energia, \u00eencurajeaz\u0103 chicotelile \u0219i interac\u021biunile sociale. Amelioreaz\u0103 stresul, amelioreaz\u0103 depresia \u0219i grea\u021ba, are propriet\u0103\u021bi analgezice moderate, stimuleaz\u0103 pofta de m\u00e2ncare.<\/p>\n<h3 style=\"text-align: justify;\">Genetic\u0103<\/h3>\n<p style=\"text-align: justify;\">Aceast\u0103 tulpin\u0103 de canabis este o \u00eencruci\u0219are \u00eentre Lemon Skunk \u0219i Super Silver Haze.<\/p>","protected":false},"excerpt":{"rendered":"<p>For Wholesale please contact us at<br \/>\nWickr ID: @williamspro<br \/>\nor via Whatsapp<br \/>\n<img decoding=\"async\" class=\"size-full wp-image-10162 alignleft\" src=\"https:\/\/ograsmarknad.com\/wp-content\/uploads\/2021\/11\/trust.jpg\" alt=\"Trust German\" width=\"300\" height=\"129\" \/><\/p>","protected":false},"featured_media":7829,"comment_status":"open","ping_status":"closed","template":"","meta":{"_joinchat":[]},"product_cat":[307],"product_tag":[],"_links":{"self":[{"href":"https:\/\/unkrautmarkt.com\/ro\/wp-json\/wp\/v2\/product\/7824"}],"collection":[{"href":"https:\/\/unkrautmarkt.com\/ro\/wp-json\/wp\/v2\/product"}],"about":[{"href":"https:\/\/unkrautmarkt.com\/ro\/wp-json\/wp\/v2\/types\/product"}],"replies":[{"embeddable":true,"href":"https:\/\/unkrautmarkt.com\/ro\/wp-json\/wp\/v2\/comments?post=7824"}],"wp:featuredmedia":[{"embeddable":true,"href":"https:\/\/unkrautmarkt.com\/ro\/wp-json\/wp\/v2\/media\/7829"}],"wp:attachment":[{"href":"https:\/\/unkrautmarkt.com\/ro\/wp-json\/wp\/v2\/media?parent=7824"}],"wp:term":[{"taxonomy":"product_cat","embeddable":true,"href":"https:\/\/unkrautmarkt.com\/ro\/wp-json\/wp\/v2\/product_cat?post=7824"},{"taxonomy":"product_tag","embeddable":true,"href":"https:\/\/unkrautmarkt.com\/ro\/wp-json\/wp\/v2\/product_tag?post=7824"}],"curies":[{"name":"wp","href":"https:\/\/api.w.org\/{rel}","templated":true}]}}