{"id":7818,"date":"2021-10-28T10:51:46","date_gmt":"2021-10-28T10:51:46","guid":{"rendered":"https:\/\/unkrautmarkt.com\/?post_type=product&#038;p=7818"},"modified":"2026-03-13T09:19:47","modified_gmt":"2026-03-13T09:19:47","slug":"hawaiian-snow","status":"publish","type":"product","link":"https:\/\/unkrautmarkt.com\/ro\/product\/hawaiian-snow\/","title":{"rendered":"Z\u0103pad\u0103 hawaian\u0103"},"content":{"rendered":"<h2 style=\"text-align: justify;\">Hawaiian Snow online<\/h2>\n<p style=\"text-align: justify;\"><a href=\"https:\/\/unkrautmarkt.com\/ro\/\">Z\u0103pad\u0103 hawaian\u0103<\/a> este o tulpin\u0103 sativa pur\u0103, care a c\u00e2\u0219tigat primul loc \u00een multe concursuri \u0219i este cunoscut\u0103 pentru con\u021binutul de THC de p\u00e2n\u0103 la 24%. Aceast\u0103 tulpin\u0103 este o Haze datorit\u0103 efectului s\u0103u cerebral puternic, \u00eence\u021bo\u0219at \u0219i ame\u021bit.<\/p>\n<p style=\"text-align: justify;\">Starea de spirit \u00een\u0103l\u021b\u0103toare a z\u0103pezii hawaiiene este adesea \u00eenso\u021bit\u0103 de energie \u0219i creativitate. Aceste valuri de euforie pornesc din minte \u0219i radiaz\u0103 spre exterior pentru a calma \u0219i lini\u0219ti corpul. Unii utilizatori experimenteaz\u0103 senza\u021bii puternice de poft\u0103 de m\u00e2ncare, iar al\u021bii g\u0103sesc efectele cerebrale intense \u0219i ame\u021bitoare. Aceast\u0103 tulpin\u0103 are arome de pin \u0219i florale. Printre efectele negative se pot num\u0103ra cotonii, ochii usca\u021bi, ame\u021beli, paranoia sau anxietate. Comanda\u021bi Hawaiian Snow \u00een Rom\u00e2nia, Italia, Cehia, Austria \u0219i Elve\u021bia.<\/p>\n<p style=\"text-align: justify;\"><a href=\"https:\/\/en.wikipedia.org\/wiki\/Cannabis_strain\" rel=\"nofollow noopener\" target=\"_blank\">Z\u0103pad\u0103 hawaian\u0103<\/a> este ideal\u0103 pentru utilizarea \u00een timpul zilei \u0219i este cel mai adesea recomandat\u0103 persoanelor cu stres, anxietate \u0219i depresie. Cu toate acestea, efectele fizice sunt, de asemenea, utile pentru ameliorarea durerii cronice, cum ar fi durerile articulare. De asemenea, tulpina poate reduce inflama\u021bia. Pacien\u021bii \u00eel folosesc uneori pentru a ameliora grea\u021ba \u0219i pentru a combate tulbur\u0103rile alimentare. \u00centr-o m\u0103sur\u0103 mai mic\u0103, este utilizat pentru migrene, glaucom, dureri de cap \u0219i insomnie.<\/p>\n<p style=\"text-align: justify;\">Hawaiian Snow descinde \u00een totalitate din Haze, \u00een special din Haze pur\u0103, Hawaiian Haze \u0219i Neville's Haze. Soiul a fost creat de Green House Seeds \u0219i poate fi cultivat at\u00e2t \u00een interior, c\u00e2t \u0219i \u00een exterior. \u00cen interior, aceste plante \u00eenfloresc timp de p\u00e2n\u0103 la 11 s\u0103pt\u0103m\u00e2ni \u0219i pot produce p\u00e2n\u0103 la 700 de grame pe metru p\u0103trat. \u00cen aer liber, \u00een emisfera sudic\u0103, acestea sunt de obicei gata \u00een iunie. \u00cen emisfera nordic\u0103, se coc \u00eentre octombrie \u0219i noiembrie \u0219i pot produce p\u00e2n\u0103 la 1200 de grame pe plant\u0103. <a href=\"https:\/\/unkrautmarkt.com\/ro\/\">Unkrautmarkt<\/a><\/p>","protected":false},"excerpt":{"rendered":"<p>For Wholesale please contact us at<br \/>\nWickr ID: @williamspro<br \/>\nor via Whatsapp<br \/>\n<img decoding=\"async\" class=\"size-full wp-image-10162 alignleft\" src=\"https:\/\/ograsmarknad.com\/wp-content\/uploads\/2021\/11\/trust.jpg\" alt=\"Trust German\" width=\"300\" height=\"129\" \/><\/p>","protected":false},"featured_media":7823,"comment_status":"open","ping_status":"closed","template":"","meta":{"_joinchat":[]},"product_cat":[307],"product_tag":[],"_links":{"self":[{"href":"https:\/\/unkrautmarkt.com\/ro\/wp-json\/wp\/v2\/product\/7818"}],"collection":[{"href":"https:\/\/unkrautmarkt.com\/ro\/wp-json\/wp\/v2\/product"}],"about":[{"href":"https:\/\/unkrautmarkt.com\/ro\/wp-json\/wp\/v2\/types\/product"}],"replies":[{"embeddable":true,"href":"https:\/\/unkrautmarkt.com\/ro\/wp-json\/wp\/v2\/comments?post=7818"}],"wp:featuredmedia":[{"embeddable":true,"href":"https:\/\/unkrautmarkt.com\/ro\/wp-json\/wp\/v2\/media\/7823"}],"wp:attachment":[{"href":"https:\/\/unkrautmarkt.com\/ro\/wp-json\/wp\/v2\/media?parent=7818"}],"wp:term":[{"taxonomy":"product_cat","embeddable":true,"href":"https:\/\/unkrautmarkt.com\/ro\/wp-json\/wp\/v2\/product_cat?post=7818"},{"taxonomy":"product_tag","embeddable":true,"href":"https:\/\/unkrautmarkt.com\/ro\/wp-json\/wp\/v2\/product_tag?post=7818"}],"curies":[{"name":"wp","href":"https:\/\/api.w.org\/{rel}","templated":true}]}}