{"id":7812,"date":"2021-10-28T10:34:02","date_gmt":"2021-10-28T10:34:02","guid":{"rendered":"https:\/\/unkrautmarkt.com\/?post_type=product&#038;p=7812"},"modified":"2026-03-12T06:24:02","modified_gmt":"2026-03-12T06:24:02","slug":"ghost-train-haze","status":"publish","type":"product","link":"https:\/\/unkrautmarkt.com\/ro\/product\/ghost-train-haze\/","title":{"rendered":"Ghost Train Haze"},"content":{"rendered":"<h2 style=\"text-align: justify;\">Cump\u0103r\u0103 Ghost Train Haze online<\/h2>\n<p style=\"text-align: justify;\"><a href=\"https:\/\/unkrautmarkt.com\/ro\/product\/ghost-train-haze\/\"><strong>Cump\u0103r\u0103 Ghost Train Haze \u00een Germania<\/strong><\/a>Austria, Szwajcaria, to legendarna hybrydowa odmiana konopi z przewag\u0105 sativy, wyhodowana przez Rare Dankness. Ghost Train Haze to skrzy\u017cowanie Neville\u2019s Wreck i Ghost OG. Jasnozielone p\u0105ki Ghost Train Haze Nuggets s\u0105 grube i g\u0119ste, bogate w trichomy i pokryte jasnopomara\u0144czowymi w\u0142oskami. Otwiera si\u0119 w nowym oknie. Mistrzowska krzy\u017c\u00f3wka genetyczna szczep\u00f3w macierzystych. <strong>Ghost OG (Hibrid)<\/strong> Iar Nevil\u2019s Wreck (Sativa) este Ghost Train Haze, o minune a marijuanei extrem de puternic\u0103 \u2013 cunoscut\u0103 pentru faptul c\u0103 este una dintre cele mai puternice plante de fumat din lume \u0219i are un con\u021binut mediu de THC de 28.<\/p>\n<p style=\"text-align: justify;\"><strong>Cump\u0103r\u0103 Ghost Train Haze<\/strong>Este un hibrid dominat de sativa, u\u0219or de cultivat \u0219i care produce cantit\u0103\u021bi mari de muguri zaharo\u0219i, boga\u021bi \u00een tricomi, pe parcursul unei perioade de \u00eenflorire de 65-80 de zile. Ghost Train Haze are o arom\u0103 acri\u0219oar\u0103, citric\u0103, similar\u0103 aromei sale. Este u\u0219or acri\u0219or la \u00eenceput, urmat de arome p\u0103m\u00e2ntii, picante, care amintesc de genetica sa Haze. Ghost Train Haze este un hibrid de canabis legendar, dominat de sativa, creat de Rare Dankness. Aroma lui Ghost Train Haze este dulce \u0219i de pin, cu note de citrice, l\u0103m\u00e2ie \u0219i condimente. Chiar \u0219i deschiderea unui mugure elibereaz\u0103 un miros puternic, ce\u021bos, care p\u0103trunde \u00een \u00eenc\u0103pere. Aceasta se deschide \u00eentr-o fereastr\u0103 nou\u0103. O \u00eencruci\u0219are genetic\u0103 magistral\u0103 \u00eentre tulpinile-mam\u0103 Ghost OG (hibrid) \u0219i Nevil\u2019s Wreck (sativa), Ghost Train Haze este o minune extrem de puternic\u0103 a marijuanei - cunoscut\u0103 pentru c\u0103 este una dintre cele mai puternice plante de fumat din lume \u0219i se m\u00e2ndre\u0219te cu un con\u021binut mediu de THC de 28%. Iarba Sour Diesel este clasificat\u0103 drept o tulpin\u0103 de marijuana sativa, prezent\u00e2nd foarte pu\u021bine tr\u0103s\u0103turi de tip indica \u0219i av\u00e2nd un raport de 90% sativa \u0219i 10% indica. <a href=\"https:\/\/unkrautmarkt.com\/ro\/\"><strong>Unkrautmarkt<\/strong><\/a><\/p>\n<h3>Ghost Train Haze<\/h3>\n<p>Vrei s\u0103 te sperii? Aceast\u0103 tulpin\u0103 este perfect\u0103 pentru filmul t\u0103u de groaz\u0103 preferat! Ghost Train Haze (GTH), dezvoltat\u0103 de Rare Dankness, este un hibrid cu dominan\u021b\u0103 sativa \u00eentre Neville\u2019s Wreck \u0219i Ghost OG. <strong><a href=\"https:\/\/en.wikipedia.org\/wiki\/Cannabis_strain\" rel=\"nofollow noopener\" target=\"_blank\">Ghost Train Haze este disponibil<\/a>.<\/strong><\/p>\n<p><strong>Ghost Train Haze<\/strong> este o adev\u0103rat\u0103 legend\u0103 a canabisului: a c\u00e2\u0219tigat primul loc la categoria Sativa la High Times Cannabis Cup \u00een 2014, a ocupat locul al doilea la categoria \u201eCea mai bun\u0103 Sativa medical\u0103\u201d \u00een 2013 \u0219i a primit premiul \u201eCea mai puternic\u0103 tulpin\u0103 din lume\u201d de la High Times de mai multe ori. Cu un con\u021binut mediu de THC de 27%, nu este pentru cei slabi de inim\u0103!<br \/>\nEfectul s\u0103u puternic \u2014 combinat cu arome dulci \u0219i aromate de l\u0103m\u00e2ie \u0219i pin proasp\u0103t \u2014 garanteaz\u0103 o dispozi\u021bie excelent\u0103, energie, r\u00e2sete \u0219i o poft\u0103 pur\u0103 de via\u021b\u0103. Sun\u0103 tentant? Atunci ce mai a\u0219tep\u021bi?<\/p>","protected":false},"excerpt":{"rendered":"<p>For Wholesale please contact us at<br \/>\nWickr ID: @williamspro<br \/>\nor via Whatsapp<br \/>\n<img decoding=\"async\" class=\"size-full wp-image-10162 alignleft\" src=\"https:\/\/ograsmarknad.com\/wp-content\/uploads\/2021\/11\/trust.jpg\" alt=\"Trust German\" width=\"300\" height=\"129\" \/><\/p>","protected":false},"featured_media":7817,"comment_status":"open","ping_status":"closed","template":"","meta":{"_joinchat":[]},"product_cat":[307],"product_tag":[],"_links":{"self":[{"href":"https:\/\/unkrautmarkt.com\/ro\/wp-json\/wp\/v2\/product\/7812"}],"collection":[{"href":"https:\/\/unkrautmarkt.com\/ro\/wp-json\/wp\/v2\/product"}],"about":[{"href":"https:\/\/unkrautmarkt.com\/ro\/wp-json\/wp\/v2\/types\/product"}],"replies":[{"embeddable":true,"href":"https:\/\/unkrautmarkt.com\/ro\/wp-json\/wp\/v2\/comments?post=7812"}],"wp:featuredmedia":[{"embeddable":true,"href":"https:\/\/unkrautmarkt.com\/ro\/wp-json\/wp\/v2\/media\/7817"}],"wp:attachment":[{"href":"https:\/\/unkrautmarkt.com\/ro\/wp-json\/wp\/v2\/media?parent=7812"}],"wp:term":[{"taxonomy":"product_cat","embeddable":true,"href":"https:\/\/unkrautmarkt.com\/ro\/wp-json\/wp\/v2\/product_cat?post=7812"},{"taxonomy":"product_tag","embeddable":true,"href":"https:\/\/unkrautmarkt.com\/ro\/wp-json\/wp\/v2\/product_tag?post=7812"}],"curies":[{"name":"wp","href":"https:\/\/api.w.org\/{rel}","templated":true}]}}