{"id":7806,"date":"2021-10-28T10:27:45","date_gmt":"2021-10-28T10:27:45","guid":{"rendered":"https:\/\/unkrautmarkt.com\/?post_type=product&#038;p=7806"},"modified":"2026-03-12T06:24:30","modified_gmt":"2026-03-12T06:24:30","slug":"cinex","status":"publish","type":"product","link":"https:\/\/unkrautmarkt.com\/ro\/product\/cinex\/","title":{"rendered":"Cinex"},"content":{"rendered":"<h2 style=\"text-align: justify;\">Cump\u0103r\u0103 Cinex online<\/h2>\n<p style=\"text-align: justify;\"><strong>Cinex<\/strong>, un hibrid \u00eentre tulpinile parentale Cinderella 99 \u0219i Vortex, ofer\u0103 ini\u021bial un amestec de arome variind de la citrice dulci la skunk p\u0103m\u00e2ntiu. \u00cen plus, efectele sunt clare \u0219i revigorante, perfecte pentru a stabili o mentalitate pozitiv\u0103 \u0219i a stimula energia creativ\u0103. Consumatorii apreciaz\u0103 Cinex pentru capacitatea sa de a suprima durerea \u0219i depresia.<\/p>\n<h3 style=\"text-align: justify;\">\u00cen plus, efectul(ele)<\/h3>\n<p style=\"text-align: justify;\">\u00cen primul r\u00e2nd, cerebral<br \/>\nCr\u00e9atif<br \/>\nEnergiek<br \/>\neuphorie<br \/>\nConcentr\u00e9<br \/>\nHeureux<br \/>\nSchmerzlinderung<br \/>\nRelaxat<br \/>\nSozial<br \/>\nGespr\u00e4chig<br \/>\n<a href=\"https:\/\/unkrautmarkt.com\/ro\/product\/cinex\/\">Nu \u00een ultimul r\u00e2nd, \u00een\u0103l\u021b\u0103tor<\/a><\/p>\n<h3>Arome<\/h3>\n<p>Agrumes<br \/>\nTerreux<br \/>\nSkunks<br \/>\nDoux<\/p>\n<h3 style=\"text-align: justify;\">Cannabis sativa<\/h3>\n<p style=\"text-align: justify;\">Pe scurt, plantele de *Cannabis sativa* sunt opusul soiurilor Indica; cresc \u00eenalte \u0219i sub\u021biri, cu frunze \u00eenguste. Plantele Sativa prezint\u0103, \u00een general, \u0219i o nuan\u021b\u0103 mai deschis\u0103 de verde dec\u00e2t omologul lor, soiul Indica. \u00cen plus, tulpinile Sativa au nevoie de mai mult timp pentru a cre\u0219te \u0219i a se maturiza \u0219i necesit\u0103 mai mult\u0103 lumin\u0103. Medicamentele derivate din plantele de *Cannabis sativa* au un con\u021binut mai mic de CBD \u0219i un con\u021binut mai mare de THC. <strong>Cump\u0103r\u0103 tulpin\u0103 Cinex online (Rom\u00e2nia)<\/strong>, Elve\u021bia, Austria!<\/p>\n<p style=\"text-align: justify;\">Pe scurt, plantele de *Cannabis sativa* sunt opusul soiurilor Indica; cresc \u00eenalte \u0219i sub\u021biri, cu frunze \u00eenguste. Plantele Sativa prezint\u0103, \u00een general, \u0219i o nuan\u021b\u0103 mai deschis\u0103 de verde dec\u00e2t omologul lor, soiul Indica. \u00cen plus, tulpinile Sativa au nevoie de mai mult timp pentru a cre\u0219te \u0219i a se maturiza \u0219i necesit\u0103 mai mult\u0103 lumin\u0103. Medicamentele derivate din plantele de *Cannabis sativa* au un con\u021binut mai mic de CBD \u0219i un con\u021binut mai mare de THC. <a href=\"https:\/\/en.wikipedia.org\/wiki\/Cannabis_strain\" rel=\"nofollow noopener\" target=\"_blank\"><strong>Cump\u0103r\u0103 Cinex<\/strong><\/a><\/p>\n<p style=\"text-align: justify;\">Cele mai importante calit\u0103\u021bi ale tulpinilor sativa medicale includ: Cump\u0103ra\u021bi Cinex \u00een Germania, Elve\u021bia, Austria<\/p>\n<p style=\"text-align: justify;\">Eerst,<br \/>\nAnti-angoisse<br \/>\nAntid\u00e9presseur<br \/>\nTraite la douleur chronique<br \/>\nCre\u0219te concentrarea \u0219i creativitatea.<br \/>\ncre\u0219te serotonina (un neurotransmi\u021b\u0103tor implicat \u00een reglarea \u00eenv\u0103\u021b\u0103rii, a st\u0103rii de spirit, a somnului, a anxiet\u0103\u021bii \u0219i a apetitului).<br \/>\n\u00cen sf\u00e2r\u0219it, pentru uz zilnic.<\/p>\n<h3 style=\"text-align: justify;\">Cump\u0103r\u0103 tulpin\u0103 Cinex online<\/h3>\n<p style=\"text-align: justify;\"><a href=\"https:\/\/unkrautmarkt.com\/ro\/\"><strong>Plante de canabis Sativa<\/strong><\/a> Au frunze mai sub\u021biri \u0219i cicluri de \u00eenflorire mai lungi dec\u00e2t variantele lor Indica. Sunt \u0219i mai \u00eenalte: unele Sative pot cre\u0219te p\u00e2n\u0103 la 7,6 metri \u00een\u0103l\u021bime, de\u0219i majoritatea r\u0103m\u00e2n sub 3,6 metri. <strong>Cump\u0103r\u0103 online tulpin\u0103 Cinex \u2013 Rom\u00e2nia, Elve\u021bia, Austria!<\/strong><\/p>","protected":false},"excerpt":{"rendered":"<p>For Wholesale please contact us at<br \/>\nWickr ID: @williamspro<br \/>\nor via Whatsapp<br \/>\n<img decoding=\"async\" class=\"size-full wp-image-10162 alignleft\" src=\"https:\/\/ograsmarknad.com\/wp-content\/uploads\/2021\/11\/trust.jpg\" alt=\"Trust German\" width=\"300\" height=\"129\" \/><\/p>","protected":false},"featured_media":7811,"comment_status":"open","ping_status":"closed","template":"","meta":{"_joinchat":[]},"product_cat":[307],"product_tag":[],"_links":{"self":[{"href":"https:\/\/unkrautmarkt.com\/ro\/wp-json\/wp\/v2\/product\/7806"}],"collection":[{"href":"https:\/\/unkrautmarkt.com\/ro\/wp-json\/wp\/v2\/product"}],"about":[{"href":"https:\/\/unkrautmarkt.com\/ro\/wp-json\/wp\/v2\/types\/product"}],"replies":[{"embeddable":true,"href":"https:\/\/unkrautmarkt.com\/ro\/wp-json\/wp\/v2\/comments?post=7806"}],"wp:featuredmedia":[{"embeddable":true,"href":"https:\/\/unkrautmarkt.com\/ro\/wp-json\/wp\/v2\/media\/7811"}],"wp:attachment":[{"href":"https:\/\/unkrautmarkt.com\/ro\/wp-json\/wp\/v2\/media?parent=7806"}],"wp:term":[{"taxonomy":"product_cat","embeddable":true,"href":"https:\/\/unkrautmarkt.com\/ro\/wp-json\/wp\/v2\/product_cat?post=7806"},{"taxonomy":"product_tag","embeddable":true,"href":"https:\/\/unkrautmarkt.com\/ro\/wp-json\/wp\/v2\/product_tag?post=7806"}],"curies":[{"name":"wp","href":"https:\/\/api.w.org\/{rel}","templated":true}]}}