{"id":7800,"date":"2021-10-28T09:11:17","date_gmt":"2021-10-28T09:11:17","guid":{"rendered":"https:\/\/unkrautmarkt.com\/?post_type=product&#038;p=7800"},"modified":"2026-03-12T06:24:51","modified_gmt":"2026-03-12T06:24:51","slug":"cherry-pie","status":"publish","type":"product","link":"https:\/\/unkrautmarkt.com\/ro\/product\/cherry-pie\/","title":{"rendered":"Cherry Pie"},"content":{"rendered":"<h2 style=\"text-align: justify;\">Cherry Pie Strain<\/h2>\n<p style=\"text-align: justify;\">\u00cen primul r\u00e2nd, este <a href=\"https:\/\/unkrautmarkt.com\/ro\/product\/cherry-pie\/\"><strong>Cump\u0103r\u0103 pl\u0103cint\u0103 cu cire\u0219e online (rom\u00e2n\u0103)<\/strong><\/a>\u00cen Austria \u0219i Elve\u021bia, acesta este un hibrid cu predominan\u021b\u0103 puternic\u0103 Indica (p\u00e2n\u0103 la 80%) - o \u00eencruci\u0219are \u00eentre Durban Poison \u0219i Granddaddy Purple. Cu astfel de p\u0103rin\u021bi \u201erockstar\u201d, te-ai a\u0219tepta ca aceast\u0103 varietate s\u0103 fie de o calitate superioar\u0103; iar dac\u0103 o cumperi de la sursa potrivit\u0103, nu vei fi dezam\u0103git.<\/p>\n<p style=\"text-align: justify;\">Cherry Kush are p\u0103rul u\u0219or portocaliu, un mugure gros \u0219i un miros greu de \u00eencurcat. Arat\u0103 foarte bine, cu un centru verde \u00eenchis, \u00eenconjurat de fire dense de p\u0103r maro \u0219i acoperit de cristale. Atunci c\u00e2nd spargi un mugure, po\u021bi vedea cristale noi care str\u0103lucesc \u00een lumin\u0103. <a href=\"https:\/\/en.wikipedia.org\/wiki\/Cannabis_strain\" rel=\"nofollow noopener\" target=\"_blank\">Wikipedia<\/a><\/p>\n<h3 style=\"text-align: justify;\">Sorteninfo \u2013 Cherry Pie<\/h3>\n<p style=\"text-align: justify;\">\u00cen al doilea r\u00e2nd. Cump\u0103ra\u021bi Cherry Pie Online un hibrid cu dominant\u0103 indica din Grand Daddy Purple \u0219i Durban Poison. De\u0219i este greu de g\u0103sit versiunea autentic\u0103 a acestei tulpini de marijuana medical\u0103. Cu siguran\u021b\u0103 nu va fi greu de crezut c\u0103 aceasta este cea mai bun\u0103 tulpin\u0103. \u00cen compozi\u021bia sa structural\u0103, are muguri den\u0219i cu fire portocalii \u0219i prezint\u0103 o u\u0219oar\u0103 nuan\u021b\u0103 purpurie. Inspirat de numele acestei variet\u0103\u021bi de marijuana medical\u0103 Buy Cherry Pie din Germania, Austria \u0219i Elve\u021bia, aroma este cea de pl\u0103cint\u0103 cu cire\u0219e. Este cel mai frecvent utilizat de c\u0103tre pacien\u021bii care sufer\u0103 de simptome evidente de PTSD, anxietate, tulburare bipolar\u0103, migrene \u0219i alte sindroame orientate spre stres.<\/p>\n<p style=\"text-align: justify;\">De\u0219i utilizarea sa de c\u0103tre pacien\u021bi poate duce la usc\u0103ciune a ochilor \u0219i a gurii, ajut\u0103 cu siguran\u021b\u0103 la intensificarea euforiei, la relaxarea at\u00e2t a corpului, c\u00e2t \u0219i a min\u021bii, la \u00eembun\u0103t\u0103\u021birea st\u0103rii de spirit \u0219i la concentrarea mai intens\u0103. Pentru pacien\u021bii care caut\u0103 \u00een mod special ceva care s\u0103 atenueze rigiditatea muscular\u0103 \u0219i disconfortul asociat, aceast\u0103 tulpin\u0103 se poate dovedi cu siguran\u021b\u0103 o salvare. \u00cen concluzie, aceasta reprezint\u0103 principalul tip de tulpin\u0103 de marijuana benefic\u0103 din punct de vedere medical - una pe care pacien\u021bii o prefer\u0103 mai presus de toate celelalte; amelioreaz\u0103 simptomele men\u021bionate anterior \u00een cel mai relaxant mod posibil \u0219i, de\u0219i efectele sale sedative pot provoca ocazional irita\u021bii u\u0219oare, valoarea sa terapeutic\u0103 r\u0103m\u00e2ne incontestabil\u0103. <a href=\"https:\/\/unkrautmarkt.com\/ro\/p\/\"><strong>Cherry Pie<\/strong><\/a> Cump\u0103r\u0103 online \u00een Germania, Austria \u0219i Elve\u021bia!<\/p>","protected":false},"excerpt":{"rendered":"<p>For Wholesale please contact us at<br \/>\nWickr ID: @williamspro<br \/>\nor via Whatsapp<br \/>\n<img decoding=\"async\" class=\"size-full wp-image-10162 alignleft\" src=\"https:\/\/ograsmarknad.com\/wp-content\/uploads\/2021\/11\/trust.jpg\" alt=\"Trust German\" width=\"300\" height=\"129\" \/><\/p>","protected":false},"featured_media":7805,"comment_status":"open","ping_status":"closed","template":"","meta":{"_joinchat":[]},"product_cat":[307],"product_tag":[],"_links":{"self":[{"href":"https:\/\/unkrautmarkt.com\/ro\/wp-json\/wp\/v2\/product\/7800"}],"collection":[{"href":"https:\/\/unkrautmarkt.com\/ro\/wp-json\/wp\/v2\/product"}],"about":[{"href":"https:\/\/unkrautmarkt.com\/ro\/wp-json\/wp\/v2\/types\/product"}],"replies":[{"embeddable":true,"href":"https:\/\/unkrautmarkt.com\/ro\/wp-json\/wp\/v2\/comments?post=7800"}],"wp:featuredmedia":[{"embeddable":true,"href":"https:\/\/unkrautmarkt.com\/ro\/wp-json\/wp\/v2\/media\/7805"}],"wp:attachment":[{"href":"https:\/\/unkrautmarkt.com\/ro\/wp-json\/wp\/v2\/media?parent=7800"}],"wp:term":[{"taxonomy":"product_cat","embeddable":true,"href":"https:\/\/unkrautmarkt.com\/ro\/wp-json\/wp\/v2\/product_cat?post=7800"},{"taxonomy":"product_tag","embeddable":true,"href":"https:\/\/unkrautmarkt.com\/ro\/wp-json\/wp\/v2\/product_tag?post=7800"}],"curies":[{"name":"wp","href":"https:\/\/api.w.org\/{rel}","templated":true}]}}