{"id":7794,"date":"2021-10-28T08:55:56","date_gmt":"2021-10-28T08:55:56","guid":{"rendered":"https:\/\/unkrautmarkt.com\/?post_type=product&#038;p=7794"},"modified":"2026-03-12T06:24:59","modified_gmt":"2026-03-12T06:24:59","slug":"blueberry-kush","status":"publish","type":"product","link":"https:\/\/unkrautmarkt.com\/ro\/product\/blueberry-kush\/","title":{"rendered":"Blueberry Kush"},"content":{"rendered":"<h2 style=\"text-align: justify;\">Blueberry Kush online<\/h2>\n<p style=\"text-align: justify;\"><a href=\"https:\/\/en.wikipedia.org\/wiki\/Cannabis_(drug)\" rel=\"nofollow noopener\" target=\"_blank\"><strong>Blueberry Kush:<\/strong><\/a> Acest amestec de Blueberry vindec\u0103tor \u0219i de popularul OG Kush, provenit de pe Coasta de Vest, ofer\u0103 efecte profund lini\u0219titoare, bazate pe indica, care pot ameliora cea mai \u00eenc\u0103p\u0103\u021b\u00e2nat\u0103 insomnie \u0219i pot ameliora chiar \u0219i cele mai severe dureri. Cu semin\u021bele de canabis Blueberry Kush de la Growers Choice, pute\u021bi ameliora durerea cu o alternativ\u0103 complet natural\u0103 la opioidele farmaceutice \u0219i somniferele care v\u0103 \u00eempiedic\u0103 s\u0103 dormi\u021bi.<\/p>\n<h3 style=\"text-align: justify;\">P\u0103rin\u021bii lui Blueberry<\/h3>\n<p style=\"text-align: justify;\">Afg \u2013 Indica afgan\u0103<\/p>\n<p style=\"text-align: justify;\">Tha \u2013 Thai-Sativa<\/p>\n<p style=\"text-align: justify;\">Pth \u2013 Lila Thai Sativa<\/p>\n<h3 style=\"text-align: justify;\">Care sunt efectele?<\/h3>\n<p style=\"text-align: justify;\">Blueberry Kush te va face s\u0103 te sim\u021bi fericit \u0219i relaxat, \u0219i pu\u021bin euforic, \u00eenainte de a adormi. Datorit\u0103 efectelor vindec\u0103toare ale CBD-ului \u0219i amestecului unic de al\u021bi canabinoizi indica, canabisul Blueberry Kush poate ameliora depresia \u0219i poate cre\u0219te stresul \u0219i tensiunea. Euforia moderat\u0103 a acestei tulpini nu ar trebui s\u0103-i descurajeze pe cei care caut\u0103 tratament medical, deoarece somnul va urma rapid exemplul.<\/p>\n<h3 style=\"text-align: justify;\">Aplica\u021bii medicale<\/h3>\n<p style=\"text-align: justify;\">Pacien\u021bii au avut mare succes folosind semin\u021bele de canabis Blueberry Kush pentru a trata anxietatea \u0219i migrenele, grea\u021ba, tulbur\u0103rile de dispozi\u021bie \u0219i afec\u021biuni precum ADHD. Simptomele chimioterapiei pot fi atacate de aceast\u0103 plant\u0103 fructat\u0103, iar unii consider\u0103 c\u0103 nivelurile moderate de CBD contracareaz\u0103 convulsiile \u0219i crizele.<\/p>\n<h3 style=\"text-align: justify;\">Cumpara Blueberry Kush \u00een Rom\u00e2nia, Germania, Austria, Elve\u021bia<\/h3>\n<p style=\"text-align: justify;\">Dup\u0103 ce a\u021bi germinat semin\u021bele de canabis Blueberry Kush, ar trebui s\u0103 vede\u021bi plante de m\u0103rime medie. Pentru a le cultiva cu succes este nevoie de pu\u021bin know-how. O perioad\u0103 de \u00eenflorire de \u0219ase p\u00e2n\u0103 la nou\u0103 s\u0103pt\u0103m\u00e2ni ar trebui s\u0103 duc\u0103 la o recolt\u0103 moderat\u0103 de muguri r\u0103\u0219ino\u0219i - p\u00e2n\u0103 la 400 de grame pe metru p\u0103trat atunci c\u00e2nd este cultivat\u0103 \u00een interior.<\/p>\n<p style=\"text-align: justify;\">La temperaturi ideale, ve\u021bi ob\u021bine p\u00e2n\u0103 la 600 de grame pe plant\u0103 \u00een aer liber. \u00cen func\u021bie de condi\u021bii, sunt posibile produc\u021bii mai mici, dar aceast\u0103 tulpin\u0103 medicinal\u0103 superioar\u0103 nu este, \u00een general, cultivat\u0103 pentru recolta sa uria\u0219\u0103; mai degrab\u0103, pacien\u021bii care cultiv\u0103 acas\u0103 caut\u0103 efectele puternice.<\/p>\n<p style=\"text-align: justify;\">Bei <strong><a href=\"https:\/\/unkrautmarkt.com\/ro\/product\/blueberry-kush\/\">Unkrautmarkt.com<\/a><\/strong> vindem doar cele mai bune produse. Semin\u021bele noastre de canabis Blueberry Kush sunt doar un alt exemplu al angajamentului nostru fa\u021b\u0103 de calitate. Testate \u00een laborator pentru genetic\u0103 \u0219i selectate manual \u00eenainte de livrare, semin\u021bele noastre de canabis Blueberry Kush sunt ambalate \u00een flacoane de sticl\u0103 medical\u0103. Astfel, semin\u021bele dumneavoastr\u0103 r\u0103m\u00e2n proaspete \u0219i viabile c\u00e2t mai mult timp posibil.<\/p>\n<p style=\"text-align: justify;\">Garan\u021bia noastr\u0103 de germinare de 90% pentru fiecare comand\u0103 este garantat\u0103. Contacta\u021bi echipa noastr\u0103 de asisten\u021b\u0103, care v\u0103 poate ajuta \u0219i are cuno\u0219tin\u021be de specialitate, dac\u0103 ave\u021bi \u00eentreb\u0103ri despre acest produs premium. <a href=\"https:\/\/unkrautmarkt.com\/ro\/\"><strong>Bestellen Sie noch heute Blueberry Kush<\/strong><\/a> Hanfsamen.<\/p>\n<p style=\"text-align: justify;\">Dac\u0103 dori\u021bi s\u0103 achizi\u021biona\u021bi aceste produse, v\u0103 rug\u0103m s\u0103 plasa\u021bi o comand\u0103. Echipa noastr\u0103 v\u0103 va servi la u\u0219a dumneavoastr\u0103. V\u0103 rug\u0103m s\u0103 vizita\u021bi, de asemenea, alte produse noastre.<\/p>","protected":false},"excerpt":{"rendered":"<p>For Wholesale please contact us at<br \/>\nWickr ID: @williamspro<br \/>\nor via Whatsapp<br \/>\n<img decoding=\"async\" class=\"size-full wp-image-10162 alignleft\" src=\"https:\/\/ograsmarknad.com\/wp-content\/uploads\/2021\/11\/trust.jpg\" alt=\"Trust German\" width=\"300\" height=\"129\" \/><\/p>","protected":false},"featured_media":7799,"comment_status":"open","ping_status":"closed","template":"","meta":{"_joinchat":[]},"product_cat":[307],"product_tag":[],"_links":{"self":[{"href":"https:\/\/unkrautmarkt.com\/ro\/wp-json\/wp\/v2\/product\/7794"}],"collection":[{"href":"https:\/\/unkrautmarkt.com\/ro\/wp-json\/wp\/v2\/product"}],"about":[{"href":"https:\/\/unkrautmarkt.com\/ro\/wp-json\/wp\/v2\/types\/product"}],"replies":[{"embeddable":true,"href":"https:\/\/unkrautmarkt.com\/ro\/wp-json\/wp\/v2\/comments?post=7794"}],"wp:featuredmedia":[{"embeddable":true,"href":"https:\/\/unkrautmarkt.com\/ro\/wp-json\/wp\/v2\/media\/7799"}],"wp:attachment":[{"href":"https:\/\/unkrautmarkt.com\/ro\/wp-json\/wp\/v2\/media?parent=7794"}],"wp:term":[{"taxonomy":"product_cat","embeddable":true,"href":"https:\/\/unkrautmarkt.com\/ro\/wp-json\/wp\/v2\/product_cat?post=7794"},{"taxonomy":"product_tag","embeddable":true,"href":"https:\/\/unkrautmarkt.com\/ro\/wp-json\/wp\/v2\/product_tag?post=7794"}],"curies":[{"name":"wp","href":"https:\/\/api.w.org\/{rel}","templated":true}]}}