{"id":5568,"date":"2018-11-05T22:21:36","date_gmt":"2018-11-05T22:21:36","guid":{"rendered":"https:\/\/unkrautmarkt.com\/?post_type=product&#038;p=5568"},"modified":"2026-03-12T06:25:17","modified_gmt":"2026-03-12T06:25:17","slug":"banana-kush","status":"publish","type":"product","link":"https:\/\/unkrautmarkt.com\/ro\/product\/banana-kush\/","title":{"rendered":"Banana Kush"},"content":{"rendered":"<h2 style=\"text-align: justify;\">Banana Kush Strain online<\/h2>\n<p style=\"text-align: justify;\">Tulpina Banana Kush este o tulpin\u0103 nou\u0103, care a fost lansat\u0103 acum c\u00e2teva luni. Tulpina devine din ce \u00een ce mai popular\u0103 \u0219i iubit\u0103 de mul\u021bi.<\/p>\n<p style=\"text-align: justify;\">Tulpina este o tulpin\u0103 u\u0219or dominat\u0103 de sativa (60% sativa\/40% indica). Numele \u00ee\u021bi spune pentru c\u0103<\/p>\n<p style=\"text-align: justify;\">aroma \u0219i gustul s\u0103u fructat \u0219i asem\u0103n\u0103tor cu cel al desertului sunt cu adev\u0103rat un deliciu pentru sim\u021buri. Banana Kush \u00ee\u021bi ofer\u0103 papilelor gustative o furnic\u0103tur\u0103 \u00een timp ce te duce \u00een relaxarea pe care o meri\u021bi. Deci, cump\u0103ra\u021bi Banana Kush Europe, Banana Kush weed, con\u021binutul de THC al Banana Kush. . <a href=\"https:\/\/unkrautmarkt.com\/ro\/product\/banana-kush\/\"><strong>Banana Kush Strain online<\/strong><\/a><\/p>\n<h3 style=\"text-align: justify;\">Aspect<\/h3>\n<p style=\"text-align: justify;\">Aceast\u0103 tulpin\u0103 r\u0103m\u00e2ne fidel\u0103 mo\u0219tenirii sale \u0219i este renumit\u0103 pentru aroma sa fructat\u0103 \u0219i asem\u0103n\u0103toare cu cea de desert. De\u0219i Banana Kush are o structur\u0103 dens\u0103. Acesta este reprezentativ pentru descenden\u021ba sa parental\u0103, emi\u021b\u00e2nd \u00een acela\u0219i timp o arom\u0103 proprie. Deci, cump\u0103ra\u021bi Banana Weed online, cump\u0103ra\u021bi Banana Kush Germania, comanda\u021bi Banana Kush online Austria, cump\u0103ra\u021bi Banana Strain Elve\u021bia.<\/p>\n<h3 style=\"text-align: justify;\">Efectele lui Banana Kush<\/h3>\n<p style=\"text-align: justify;\">Gustul s\u0103u seduc\u0103tor se bazeaz\u0103 pe mere \u0219i pe o arom\u0103 fructat\u0103, dulce \u0219i dulceag\u0103. \u00ce\u021bi va oferi cu siguran\u021b\u0103 un high puternic care \u00ee\u021bi va relaxa fiecare mu\u0219chi. A\u0219a c\u0103 mai bine consum\u0103 aceast\u0103 iarb\u0103<\/p>\n<p style=\"text-align: justify;\">\u00een zilele de lene \u0219i dup\u0103 o zi plin\u0103. Te poate pune chiar \u00eentr-o stare de blocare a canapelei. Prin urmare, pute\u021bi c\u0103uta Banana Weed de v\u00e2nzare \u00een Germania. Pentru a afla mai multe despre aceast\u0103 tulpin\u0103. De asemenea, oamenii \u00eentreab\u0103 adesea dac\u0103 Banana Kush este Sativa sau Indica.<\/p>\n<h3 style=\"text-align: justify;\">Avantaje medicale<\/h3>\n<p style=\"text-align: justify;\">Din punct de vedere medical, Banana Kush este cunoscut\u0103 pentru a ajuta la rezolvarea problemelor intense de somn. Banana Kush este, de asemenea, cunoscut\u0103 ca fiind foarte util\u0103 \u00een tratarea depresiei. Depresia este destul de frecvent\u0103, f\u0103r\u0103 ca majoritatea oamenilor s\u0103 \u0219tie c\u0103 sufer\u0103 de ea. Ca atare, doar profesioni\u0219tii din domeniul medical pot detecta aceast\u0103 tulpin\u0103 Banana Kush. Mai mult, se \u0219tie c\u0103 Banana Kush este perfect\u0103 \u00een tratarea cancerului \u0219i a multor alte boli. Cump\u0103ra\u021bi Banana Kush \u00een Austria.<\/p>\n<p style=\"text-align: justify;\">Termeni de c\u0103utare comuni pentru aceast\u0103 tulpin\u0103 sunt Banana Strain Review, Cump\u0103ra\u021bi Banana Kush de v\u00e2nzare \u00een Europa, Banana weed de v\u00e2nzare. Pute\u021bi c\u0103uta, de asemenea, pentru Banana Kush v\u00e2nzare Elve\u021bia, Banana Kush buruieni v\u00e2nzare Germania, Banana Kush buruieni v\u00e2nzare Austria.<\/p>\n<h3>De ce ar trebui s\u0103 cump\u0103ra\u021bi Banana Kush online de la noi?<\/h3>\n<p>\u00cen calitate de comerciant online de canabis de top, punem cea mai mare valoare pe calitatea inegalabil\u0103, discre\u021bia absolut\u0103 \u0219i serviciul excelent pentru clien\u021bi. Dac\u0103... <a href=\"https:\/\/en.wikipedia.org\/wiki\/Kush_(cannabis)\" rel=\"nofollow noopener\" target=\"_blank\"><strong>Comand\u0103 Banana Kush online de la noi<\/strong><\/a>, v\u0103 garant\u0103m:<\/p>\n<p><strong>Calitate premium:<\/strong> Ne aprovizion\u0103m cu soiuri de la produc\u0103tori recunoscu\u021bi, astfel \u00eenc\u00e2t s\u0103 primi\u021bi doar cel mai bun canabis, testat \u00een laborator.<br \/>\n<strong>Livrare discret\u0103:<\/strong> Comanda dumneavoastr\u0103 va fi ambalat\u0103 \u0219i expediat\u0103 cu cea mai mare discre\u021bie \u0219i siguran\u021b\u0103 \u2013 \u00een \u00eentreaga lume.<br \/>\nPe l\u00e2ng\u0103 Banana Kush, ve\u021bi g\u0103si la noi \u0219i o gam\u0103 larg\u0103 de tulpini de canabis, produse comestibile, concentrate \u0219i accesorii.<br \/>\n<strong>Serviciu clien\u021bi:<\/strong> Personalul nostru competent va fi bucuros s\u0103 v\u0103 r\u0103spund\u0103 la \u00eentreb\u0103ri \u0219i s\u0103 v\u0103 ghideze pe parcursul \u00eentregului proces de comand\u0103.<\/p>\n<p><strong>* Confort:<\/strong> Comand\u0103 canabis de \u00eenalt\u0103 calitate din confortul casei tale \u0219i evit\u0103 cozile.<\/p>\n<p>Nu rata ocazia de a experimenta efectele revigorante \u0219i aromatice ale Banana Kush. <strong>Vrei s\u0103 cumperi Banana Kush online?<\/strong>Asigur\u0103-te c\u0103 g\u0103se\u0219ti un furnizor de \u00eencredere. Comand\u0103 ast\u0103zi \u0219i vezi singur de ce. <a href=\"https:\/\/unkrautmarkt.com\/ro\/\"><strong>unkrautmark.com<\/strong><\/a> Suntem cea mai bun\u0103 alegere pentru canabis premium. Oferim clien\u021bilor no\u0219tri din \u00eentreaga lume o modalitate sigur\u0103, fiabil\u0103 \u0219i pl\u0103cut\u0103 de a cump\u0103ra canabis online.<\/p>","protected":false},"excerpt":{"rendered":"<p>For Wholesale please contact us at<br \/>\nWickr ID: @williamspro<br \/>\nor via Whatsapp<br \/>\n<img decoding=\"async\" class=\"size-full wp-image-10162 alignleft\" src=\"https:\/\/ograsmarknad.com\/wp-content\/uploads\/2021\/11\/trust.jpg\" alt=\"Trust German\" width=\"300\" height=\"129\" \/><\/p>","protected":false},"featured_media":7793,"comment_status":"open","ping_status":"closed","template":"","meta":{"_joinchat":[]},"product_cat":[307],"product_tag":[],"_links":{"self":[{"href":"https:\/\/unkrautmarkt.com\/ro\/wp-json\/wp\/v2\/product\/5568"}],"collection":[{"href":"https:\/\/unkrautmarkt.com\/ro\/wp-json\/wp\/v2\/product"}],"about":[{"href":"https:\/\/unkrautmarkt.com\/ro\/wp-json\/wp\/v2\/types\/product"}],"replies":[{"embeddable":true,"href":"https:\/\/unkrautmarkt.com\/ro\/wp-json\/wp\/v2\/comments?post=5568"}],"wp:featuredmedia":[{"embeddable":true,"href":"https:\/\/unkrautmarkt.com\/ro\/wp-json\/wp\/v2\/media\/7793"}],"wp:attachment":[{"href":"https:\/\/unkrautmarkt.com\/ro\/wp-json\/wp\/v2\/media?parent=5568"}],"wp:term":[{"taxonomy":"product_cat","embeddable":true,"href":"https:\/\/unkrautmarkt.com\/ro\/wp-json\/wp\/v2\/product_cat?post=5568"},{"taxonomy":"product_tag","embeddable":true,"href":"https:\/\/unkrautmarkt.com\/ro\/wp-json\/wp\/v2\/product_tag?post=5568"}],"curies":[{"name":"wp","href":"https:\/\/api.w.org\/{rel}","templated":true}]}}