{"id":8537,"date":"2022-08-03T14:06:10","date_gmt":"2022-08-03T14:06:10","guid":{"rendered":"https:\/\/unkrautmarkt.com\/?post_type=product&#038;p=8537"},"modified":"2026-03-16T05:04:07","modified_gmt":"2026-03-16T05:04:07","slug":"tangie-og-wax","status":"publish","type":"product","link":"https:\/\/unkrautmarkt.com\/pt\/product\/tangie-og-wax\/","title":{"rendered":"Cera Tangie OG"},"content":{"rendered":"<h2>Cera Tangie OG<\/h2>\n<p>O \u00f3leo de haxixe \u00e9 batido durante todo o processo de purifica\u00e7\u00e3o para <a href=\"https:\/\/unkrautmarkt.com\/pt\/\"><strong>Para fazer Tangie OG Wax<\/strong><\/a>.<\/p>\n<p>Resultados de laborat\u00f3rio de <a href=\"https:\/\/en.wikipedia.org\/wiki\/List_of_names_for_cannabis\" rel=\"nofollow noopener\" target=\"_blank\">Cera Tangie OG<\/a>:<br \/>\nTHC: 81,84 %<br \/>\nCBD: 1,29 %<\/p>\n<p>A cera \u00e9 uma subst\u00e2ncia s\u00f3lida e opaca, produzida de forma semelhante ao shatter. Visualmente, a cera tem uma apar\u00eancia amanteigada e n\u00e3o \u00e9 t\u00e3o transl\u00facida quanto o shatter. Existem v\u00e1rios tipos de cera, incluindo:<\/p>\n<p>Budder: Uma vers\u00e3o mais l\u00edquida e pegajosa. <a href=\"https:\/\/unkrautmarkt.com\/pt\/product\/tangie-og-wax\/\">Wax-Form<\/a> com um teor de umidade maior do que outras concentra\u00e7\u00f5es.<\/p>\n<p>com um teor de umidade maior do que outras concentra\u00e7\u00f5es.<\/p>\n<p>A cera mais cremosa e suave \u00e9 a Budder.<br \/>\nCera em favo de mel e cera esfarelada: Cera macia, por\u00e9m quebradi\u00e7a.<\/p>\n<p>Farofa de a\u00e7\u00facar: Conhecida por sua textura quebradi\u00e7a e superf\u00edcie cristalina, a farofa de a\u00e7\u00facar \u00e9 f\u00e1cil de trabalhar devido \u00e0 sua baixa ader\u00eancia.<\/p>\n<p>Crumble de cera: Uma varia\u00e7\u00e3o do crumble de a\u00e7\u00facar com uma superf\u00edcie mais lisa. Comparado ao crumble de a\u00e7\u00facar, o crumble de cera \u00e9 mais cremoso e menos pegajoso.<\/p>","protected":false},"excerpt":{"rendered":"<p>F\u00fcr den Gro\u00dfhandel kontaktieren Sie uns bitte unter<br \/>\nWickr-ID: @williamspro<br \/>\noder per Whatsapp<br \/>\n<img decoding=\"async\" class=\"size-full wp-image-10162 alignleft\" src=\"https:\/\/ograsmarknad.com\/wp-content\/uploads\/2021\/11\/trust.jpg\" alt=\"Trust German\" width=\"300\" height=\"129\" \/><\/p>","protected":false},"featured_media":8541,"comment_status":"open","ping_status":"closed","template":"","meta":{"_joinchat":[]},"product_cat":[325],"product_tag":[],"_links":{"self":[{"href":"https:\/\/unkrautmarkt.com\/pt\/wp-json\/wp\/v2\/product\/8537"}],"collection":[{"href":"https:\/\/unkrautmarkt.com\/pt\/wp-json\/wp\/v2\/product"}],"about":[{"href":"https:\/\/unkrautmarkt.com\/pt\/wp-json\/wp\/v2\/types\/product"}],"replies":[{"embeddable":true,"href":"https:\/\/unkrautmarkt.com\/pt\/wp-json\/wp\/v2\/comments?post=8537"}],"wp:featuredmedia":[{"embeddable":true,"href":"https:\/\/unkrautmarkt.com\/pt\/wp-json\/wp\/v2\/media\/8541"}],"wp:attachment":[{"href":"https:\/\/unkrautmarkt.com\/pt\/wp-json\/wp\/v2\/media?parent=8537"}],"wp:term":[{"taxonomy":"product_cat","embeddable":true,"href":"https:\/\/unkrautmarkt.com\/pt\/wp-json\/wp\/v2\/product_cat?post=8537"},{"taxonomy":"product_tag","embeddable":true,"href":"https:\/\/unkrautmarkt.com\/pt\/wp-json\/wp\/v2\/product_tag?post=8537"}],"curies":[{"name":"wp","href":"https:\/\/api.w.org\/{rel}","templated":true}]}}