{"id":8521,"date":"2022-08-03T13:55:58","date_gmt":"2022-08-03T13:55:58","guid":{"rendered":"https:\/\/unkrautmarkt.com\/?post_type=product&#038;p=8521"},"modified":"2026-03-16T05:09:14","modified_gmt":"2026-03-16T05:09:14","slug":"royal-kush-wax-crumble","status":"publish","type":"product","link":"https:\/\/unkrautmarkt.com\/pt\/product\/royal-kush-wax-crumble\/","title":{"rendered":"Royal Kush Wax Crumble"},"content":{"rendered":"<h2>Compre Royal Kush Crumble online em nossa loja.<\/h2>\n<p><strong><a href=\"https:\/\/unkrautmarkt.com\/pt\/product\/royal-kush-wax-crumble\/\">Royal Kush Wax Crumble<\/a><\/strong> Royal Kush \u00e9 a escolha ideal para quem deseja reduzir o estresse sem sufocar a criatividade. Seu efeito relaxante alivia a tens\u00e3o e promove uma mente clara e motivada. Este crumble \u00e9 perfeito para relaxar ou estimular a criatividade. Experimente Royal Kush e descubra por si mesmo por que ele encanta tantas pessoas \u2013 comprove!<\/p>\n<p>O nosso produto possui um dos graus de tetrahidrocanabinol de mais alta qualidade dispon\u00edveis no mercado. <strong>Royal Kush Wax Crumble<\/strong> Com um n\u00edvel de pureza de 90%, esta cera \u00e9 composta principalmente de THC, com tra\u00e7os de outros canabinoides e 10% de terpenos. \u00c9 extra\u00edda por meio de extra\u00e7\u00e3o com CO\u2082. O consumo n\u00e3o produz efeitos psicoativos. O aroma doce e adocicado desta cera certamente ir\u00e1 agradar. \u00c9 macia e flex\u00edvel, por\u00e9m quebradi\u00e7a, mesmo quando resfriada. Proporciona uma forte expans\u00e3o pulmonar e um sabor robusto e suave que n\u00e3o causa sensa\u00e7\u00e3o de queima\u00e7\u00e3o no nariz ao expirar.<\/p>\n<p>Ela reduz a ansiedade e induz pensamentos euf\u00f3ricos. Com seu aroma terroso e pungente e efeitos fortes que lembram um estado de transe, a Royal Kush \u00e9 uma das melhores cepas h\u00edbridas.<\/p>\n<h3>O que o torna especial<\/h3>\n<p><a href=\"https:\/\/en.wikipedia.org\/wiki\/Cannabis_in_Italy\" rel=\"nofollow noopener\" target=\"_blank\">Kush Real<\/a> Oferece a combina\u00e7\u00e3o perfeita de criatividade e relaxamento, pois \u00e9 feito com ingredientes naturais e produzido cuidadosamente em pequenos lotes. Voc\u00ea vai querer repetir essa experi\u00eancia v\u00e1rias vezes. O que est\u00e1 esperando? Delicie-se com Royal Kush hoje mesmo! <a href=\"https:\/\/unkrautmarkt.com\/pt\/\"><strong>Unkrautmarkt<\/strong><\/a><\/p>\n<h3>Efeito de esfarelamento<\/h3>\n<p>Estresse, desconforto persistente ou at\u00e9 mesmo depress\u00e3o? O Royal Kush Wax Crumble pode ajudar. Suas propriedades calmantes s\u00e3o excelentes para aliviar problemas f\u00edsicos, melhorar o humor e acalmar o corpo e a mente. Trata-se de se sentir completamente bem, n\u00e3o apenas de desligar. Deixe o Royal Kush ajudar voc\u00ea a relaxar e aproveitar a vida sem estresse.<\/p>","protected":false},"excerpt":{"rendered":"<p>F\u00fcr den Gro\u00dfhandel kontaktieren Sie uns bitte unter<br \/>\nWickr-ID: @williamspro<br \/>\noder per Whatsapp<br \/>\n<img decoding=\"async\" class=\"size-full wp-image-10162 alignleft\" src=\"https:\/\/ograsmarknad.com\/wp-content\/uploads\/2021\/11\/trust.jpg\" alt=\"Trust German\" width=\"300\" height=\"129\" \/><\/p>","protected":false},"featured_media":8526,"comment_status":"open","ping_status":"closed","template":"","meta":{"_joinchat":[]},"product_cat":[325],"product_tag":[],"_links":{"self":[{"href":"https:\/\/unkrautmarkt.com\/pt\/wp-json\/wp\/v2\/product\/8521"}],"collection":[{"href":"https:\/\/unkrautmarkt.com\/pt\/wp-json\/wp\/v2\/product"}],"about":[{"href":"https:\/\/unkrautmarkt.com\/pt\/wp-json\/wp\/v2\/types\/product"}],"replies":[{"embeddable":true,"href":"https:\/\/unkrautmarkt.com\/pt\/wp-json\/wp\/v2\/comments?post=8521"}],"wp:featuredmedia":[{"embeddable":true,"href":"https:\/\/unkrautmarkt.com\/pt\/wp-json\/wp\/v2\/media\/8526"}],"wp:attachment":[{"href":"https:\/\/unkrautmarkt.com\/pt\/wp-json\/wp\/v2\/media?parent=8521"}],"wp:term":[{"taxonomy":"product_cat","embeddable":true,"href":"https:\/\/unkrautmarkt.com\/pt\/wp-json\/wp\/v2\/product_cat?post=8521"},{"taxonomy":"product_tag","embeddable":true,"href":"https:\/\/unkrautmarkt.com\/pt\/wp-json\/wp\/v2\/product_tag?post=8521"}],"curies":[{"name":"wp","href":"https:\/\/api.w.org\/{rel}","templated":true}]}}