{"id":8520,"date":"2022-08-03T13:52:20","date_gmt":"2022-08-03T13:52:20","guid":{"rendered":"https:\/\/unkrautmarkt.com\/?post_type=product&#038;p=8520"},"modified":"2026-03-13T09:19:36","modified_gmt":"2026-03-13T09:19:36","slug":"holy-grail-og-wax","status":"publish","type":"product","link":"https:\/\/unkrautmarkt.com\/pt\/product\/holy-grail-og-wax\/","title":{"rendered":"Cera Holy Grail OG"},"content":{"rendered":"<h2>Compre Holy Grail OG Wax \u2013 encomende online o seu produto premium para relaxamento.<\/h2>\n<p>Voc\u00ea est\u00e1 procurando um concentrado de cannabis potente e de alta qualidade para uma experi\u00eancia de relaxamento intenso? <a href=\"https:\/\/unkrautmarkt.com\/pt\/\"><strong>Cera Holy Grail OG<\/strong><\/a> Gra\u00e7as ao seu rico perfil de terpenos e efeitos potentes, o Holy Grail OG Wax oferece uma experi\u00eancia excepcional. Derivado de cepas de cannabis premium, este concentrado \u00e9 ideal para quem busca relaxamento profundo, al\u00edvio do estresse e uma sensa\u00e7\u00e3o euf\u00f3rica. Seja voc\u00ea experiente ou iniciante no mundo dos concentrados de cannabis, o Holy Grail OG Wax proporciona uma experi\u00eancia suave e saborosa da mais alta qualidade.<\/p>\n<h3>O que \u00e9 o Holy Grail OG Wax?<\/h3>\n<p><strong>Cera Holy Grail OG<\/strong> Este \u00e9 um concentrado de cannabis de alta qualidade, caracterizado por sua consist\u00eancia pegajosa e cerosa e alto teor de THC. \u00c9 extra\u00eddo utilizando m\u00e9todos modernos para preservar sua pureza e sabor. A cera proporciona uma onda potente e relaxante.<\/p>\n<h3>Principais caracter\u00edsticas e benef\u00edcios<\/h3>\n<p>\u2013 Alta pot\u00eancia: Com um teor de THC que frequentemente ultrapassa 70-80%, a Holy Grail OG Wax proporciona um efeito forte e duradouro, ideal para relaxamento e al\u00edvio da dor.<\/p>\n<p>\u2013 Perfil de sabor rico: Um sabor suave e terroso com notas de pinho e frutas c\u00edtricas garante uma experi\u00eancia deliciosa.<\/p>\n<p>\u2013 A\u00e7\u00e3o r\u00e1pida: Por ser concentrado, age mais r\u00e1pido do que as flores convencionais, sendo, portanto, ideal para al\u00edvio imediato.<\/p>\n<p>\u2013 Aplica\u00e7\u00e3o vers\u00e1til: Adequado para dab rigs, vaporizadores ou como cobertura para um efeito extra.<\/p>\n<h3>Como usar a cera Holy Grail OG<\/h3>\n<p>Para uma experi\u00eancia ideal com cannabis, recomendamos o uso de um dab rig ou um vaporizador de concentrados. Iniciantes devem come\u00e7ar com uma pequena dose (aproximadamente do tamanho de um gr\u00e3o de arroz) e aument\u00e1-la gradualmente conforme necess\u00e1rio. Sempre utilize uma tampa de carbura\u00e7\u00e3o para proteger os terpenos e garantir uma vaporiza\u00e7\u00e3o suave.<\/p>\n<h3>Por que comprar Holy Grail OG Wax online conosco?<\/h3>\n<p>Somos uma loja online de produtos de cannabis com excelente reputa\u00e7\u00e3o e enviamos discretamente produtos premium para os EUA, Canad\u00e1, Europa (Reino Unido, Alemanha, Fran\u00e7a, Espanha) e outros pa\u00edses. Nossos produtos passam por rigorosos testes laboratoriais para garantir pureza, pot\u00eancia e seguran\u00e7a. Gra\u00e7as ao envio r\u00e1pido e aos m\u00e9todos de pagamento seguros, a experi\u00eancia de compra \u00e9 garantida. <strong><a href=\"https:\/\/unkrautmarkt.com\/pt\/product\/holy-grail-og-wax\/\">Compra online do Holy Grail OG Wax<\/a> <\/strong>Nunca foi t\u00e3o f\u00e1cil.<\/p>\n<h3>Encomende j\u00e1 o seu Holy Grail OG Wax!<\/h3>\n<p>N\u00e3o perca esta experi\u00eancia de relaxamento excepcional. Compre Holy Grail OG Wax agora e desfrute de entrega discreta e r\u00e1pida diretamente na sua casa. Seja nos EUA, Canad\u00e1 ou Europa, entregamos concentrados de cannabis premium.<\/p>\n<p><strong>Fa\u00e7a j\u00e1 a sua encomenda e otimize a sua sess\u00e3o com a cera Holy Grail OG! <a href=\"https:\/\/en.wikipedia.org\/wiki\/Hashish\" rel=\"nofollow noopener\" target=\"_blank\">Unkrautmarkt<\/a><\/strong><\/p>","protected":false},"excerpt":{"rendered":"<p>F\u00fcr den Gro\u00dfhandel kontaktieren Sie uns bitte unter<br \/>\nWickr-ID: @williamspro<br \/>\noder per Whatsapp<br \/>\n<img decoding=\"async\" class=\"size-full wp-image-10162 alignleft\" src=\"https:\/\/ograsmarknad.com\/wp-content\/uploads\/2021\/11\/trust.jpg\" alt=\"Trust German\" width=\"300\" height=\"129\" \/><\/p>","protected":false},"featured_media":8525,"comment_status":"open","ping_status":"closed","template":"","meta":{"_joinchat":[]},"product_cat":[325],"product_tag":[],"_links":{"self":[{"href":"https:\/\/unkrautmarkt.com\/pt\/wp-json\/wp\/v2\/product\/8520"}],"collection":[{"href":"https:\/\/unkrautmarkt.com\/pt\/wp-json\/wp\/v2\/product"}],"about":[{"href":"https:\/\/unkrautmarkt.com\/pt\/wp-json\/wp\/v2\/types\/product"}],"replies":[{"embeddable":true,"href":"https:\/\/unkrautmarkt.com\/pt\/wp-json\/wp\/v2\/comments?post=8520"}],"wp:featuredmedia":[{"embeddable":true,"href":"https:\/\/unkrautmarkt.com\/pt\/wp-json\/wp\/v2\/media\/8525"}],"wp:attachment":[{"href":"https:\/\/unkrautmarkt.com\/pt\/wp-json\/wp\/v2\/media?parent=8520"}],"wp:term":[{"taxonomy":"product_cat","embeddable":true,"href":"https:\/\/unkrautmarkt.com\/pt\/wp-json\/wp\/v2\/product_cat?post=8520"},{"taxonomy":"product_tag","embeddable":true,"href":"https:\/\/unkrautmarkt.com\/pt\/wp-json\/wp\/v2\/product_tag?post=8520"}],"curies":[{"name":"wp","href":"https:\/\/api.w.org\/{rel}","templated":true}]}}