{"id":8507,"date":"2022-08-03T13:45:53","date_gmt":"2022-08-03T13:45:53","guid":{"rendered":"https:\/\/unkrautmarkt.com\/?post_type=product&#038;p=8507"},"modified":"2026-03-12T06:24:40","modified_gmt":"2026-03-12T06:24:40","slug":"cherry-pie-haschischoel","status":"publish","type":"product","link":"https:\/\/unkrautmarkt.com\/pt\/product\/cherry-pie-haschischoel\/","title":{"rendered":"Cherry Pie Haschischoel"},"content":{"rendered":"<h2>Compre agora o \u00f3leo de haxixe Cherry Pie online para uma experi\u00eancia inesquec\u00edvel com cannabis!<\/h2>\n<p>Descubra o delicioso encanto do Cherry Pie Hash Oil, um concentrado de cannabis premium que despertar\u00e1 seus sentidos e proporcionar\u00e1 uma experi\u00eancia verdadeiramente satisfat\u00f3ria. Como um varejista online de renome que oferece produtos de cannabis de alta qualidade, temos o prazer de disponibilizar o Cherry Pie Hash Oil online agora mesmo. Enviamos discretamente diretamente para sua casa \u2013 para os EUA, Canad\u00e1, Europa e para o mundo todo.<\/p>\n<h3>\u00d3leo de haxixe Premium de torta de cereja \u2013 For\u00e7a e pureza.<\/h3>\n<p>Quando voc\u00ea <a href=\"https:\/\/unkrautmarkt.com\/pt\/product\/cherry-pie-haschischoel\/\"><strong>Compre \u00f3leo de haxixe sabor Cherry Pie online conosco.<\/strong><\/a>Invista em um produto que atenda aos mais altos padr\u00f5es de pot\u00eancia e pureza. Nosso processo de extra\u00e7\u00e3o preserva todo o espectro de canabinoides e terpenos da cepa original Cherry Pie. O resultado \u00e9 um \u00f3leo rico e saboroso com um completo efeito entourage, oferecendo benef\u00edcios medicinais e prazerosos.<\/p>\n<h3>Especifica\u00e7\u00e3o e dosagem:<\/h3>\n<p>Nosso \u00f3leo de haxixe sabor torta de cereja geralmente possui uma alta concentra\u00e7\u00e3o de THC de [inserir faixa t\u00edpica de THC, por exemplo, 70\u201385%]. \u00c9 importante come\u00e7ar com uma dose baixa, especialmente se voc\u00ea for iniciante no uso de concentrados. Para experimentar todos os efeitos do \u00f3leo de haxixe sabor torta de cereja, comece com uma quantidade do tamanho de um gr\u00e3o de arroz e consuma como preferir (por exemplo, usando um dab rig, uma caneta vaporizadora ou como ingrediente em comest\u00edveis). Aguarde tempo suficiente para que os efeitos se desenvolvam, pois podem ser fortes e duradouros.<\/p>\n<h3>Onde comprar \u00f3leo de haxixe Cherry Pie de forma segura e discreta online?<\/h3>\n<p>Para obter um produto de alta qualidade que atenda \u00e0s suas expectativas, \u00e9 essencial hoje em dia contar com uma fonte confi\u00e1vel. <strong><a href=\"https:\/\/unkrautmarkt.com\/pt\/\">Online-Kauf von Cherry Pie Hash Oil zu finden<\/a><\/strong>Temos orgulho de ser uma fonte discreta e confi\u00e1vel.<\/p>\n<h3>Envio mundial de cannabis legal e \u00f3leo de haxixe.<\/h3>\n<p>Como uma loja online l\u00edder, estamos comprometidos com a disponibilidade mundial de cannabis premium. Se voc\u00ea agora <a href=\"https:\/\/en.wikipedia.org\/wiki\/Hashish\" rel=\"nofollow noopener\" target=\"_blank\"><strong>Encomende \u00f3leo de haxixe sabor Cherry Pie online.<\/strong><\/a>Pode ter a certeza de que cumprimos todas as normas para a venda de cannabis online e garantimos o envio discreto para todo o mundo. O nosso compromisso vai al\u00e9m de simplesmente fornecer produtos de alta qualidade; tamb\u00e9m pretendemos educar os nossos clientes e promover o consumo respons\u00e1vel de cannabis. Descubra o mundo rico, delicioso e incrivelmente relaxante do nosso \u00d3leo de Haxixe Cherry Pie \u2013 o auge dos concentrados de cannabis. Encomende o \u00d3leo de Haxixe Cherry Pie online hoje mesmo e experimente uma satisfa\u00e7\u00e3o e relaxamento incr\u00edveis.<\/p>","protected":false},"excerpt":{"rendered":"<p>F\u00fcr den Gro\u00dfhandel kontaktieren Sie uns bitte unter<br \/>\nWickr-ID: @williamspro<br \/>\noder per Whatsapp<br \/>\n<img decoding=\"async\" class=\"size-full wp-image-10162 alignleft\" src=\"https:\/\/ograsmarknad.com\/wp-content\/uploads\/2021\/11\/trust.jpg\" alt=\"Trust German\" width=\"300\" height=\"129\" \/><\/p>","protected":false},"featured_media":8516,"comment_status":"open","ping_status":"closed","template":"","meta":{"_joinchat":[]},"product_cat":[324],"product_tag":[],"_links":{"self":[{"href":"https:\/\/unkrautmarkt.com\/pt\/wp-json\/wp\/v2\/product\/8507"}],"collection":[{"href":"https:\/\/unkrautmarkt.com\/pt\/wp-json\/wp\/v2\/product"}],"about":[{"href":"https:\/\/unkrautmarkt.com\/pt\/wp-json\/wp\/v2\/types\/product"}],"replies":[{"embeddable":true,"href":"https:\/\/unkrautmarkt.com\/pt\/wp-json\/wp\/v2\/comments?post=8507"}],"wp:featuredmedia":[{"embeddable":true,"href":"https:\/\/unkrautmarkt.com\/pt\/wp-json\/wp\/v2\/media\/8516"}],"wp:attachment":[{"href":"https:\/\/unkrautmarkt.com\/pt\/wp-json\/wp\/v2\/media?parent=8507"}],"wp:term":[{"taxonomy":"product_cat","embeddable":true,"href":"https:\/\/unkrautmarkt.com\/pt\/wp-json\/wp\/v2\/product_cat?post=8507"},{"taxonomy":"product_tag","embeddable":true,"href":"https:\/\/unkrautmarkt.com\/pt\/wp-json\/wp\/v2\/product_tag?post=8507"}],"curies":[{"name":"wp","href":"https:\/\/api.w.org\/{rel}","templated":true}]}}