{"id":8506,"date":"2022-08-03T13:39:55","date_gmt":"2022-08-03T13:39:55","guid":{"rendered":"https:\/\/unkrautmarkt.com\/?post_type=product&#038;p=8506"},"modified":"2026-03-12T06:33:50","modified_gmt":"2026-03-12T06:33:50","slug":"blue-dream-hash-oil","status":"publish","type":"product","link":"https:\/\/unkrautmarkt.com\/pt\/product\/blue-dream-hash-oil\/","title":{"rendered":"Blue Dream Hash Oil"},"content":{"rendered":"<h2><strong>Compre \u00f3leo de haxixe Blue Dream online<br \/>\n<\/strong><\/h2>\n<p>&nbsp;<\/p>\n<p>Procura um concentrado de can\u00e1bis de alta qualidade que ofere\u00e7a o equil\u00edbrio ideal entre um relaxamento f\u00edsico suave e a estimula\u00e7\u00e3o mental? Ent\u00e3o veio ao s\u00edtio certo. Para os apreciadores mais exigentes que procuram uma experi\u00eancia de vaporiza\u00e7\u00e3o ou dab excecional, o nosso <a href=\"https:\/\/unkrautmarkt.com\/pt\/product\/blue-dream-hash-oil\/\">Blue Dream Hash Oil<\/a> Desenvolvido com o m\u00e1ximo cuidado. Pode encomendar este produto excepcional online e ter a certeza da mais alta qualidade. Entregamos concentrados de can\u00e1bis potentes, puros e de alta qualidade, de forma discreta e fi\u00e1vel, diretamente em sua casa \u2013 nos EUA, Canad\u00e1, Europa e em todo o mundo.<\/p>\n<p>O nosso \u00f3leo de haxixe capta na perfei\u00e7\u00e3o a ess\u00eancia da Blue Dream, uma variedade cl\u00e1ssica apreciada pelo seu equil\u00edbrio harmonioso entre as caracter\u00edsticas indica e sativa. Comprar \u00f3leo de haxixe Blue Dream online \u00e9 mais do que apenas um produto de can\u00e1bis \u2014 \u00e9 um investimento numa experi\u00eancia. Esta variedade \u00e9 ideal para utilizadores recreativos e para aqueles que procuram al\u00edvio terap\u00eautico, uma vez que apresenta normalmente um teor de THC entre 17% e 24% e um baixo n\u00edvel de CBD. O seu perfil de terpenos \u00e9 tamb\u00e9m impressionante, contendo frequentemente mirceno, pineno e cariofileno, que contribuem para as suas subtis notas de sabor e aroma adocicado de frutos vermelhos.<br \/>\n<strong><br \/>\nSortentyp:<\/strong> Hybrid<\/p>\n<p><strong>Gesamt-THC:<\/strong> (THC + THCa): 51,45 %<\/p>\n<p><strong>Gesamt-CBD:<\/strong> (CBD + CBDa): 0,18 %<\/p>\n<p><strong>Die gesamten Cannabinoide:<\/strong> 57,59 %<\/p>\n<p><strong>Peso<\/strong> 3 ml, 5 ml, 10 ml<\/p>\n<h3>Porqu\u00ea o \u00f3leo de haxixe Blue Dream?<\/h3>\n<p>Uma das qualidades mais valorizadas do \u00f3leo de haxixe Blue Dream \u00e9 a sua versatilidade. Os clientes relatam frequentemente uma sensa\u00e7\u00e3o agrad\u00e1vel e estimulante que promove a criatividade e eleva o esp\u00edrito sem sobrecarregar os sentidos. Por conseguinte, \u00e9 excelente para uso diurno, permitindo-lhe manter-se concentrado e produtivo enquanto experimenta uma profunda sensa\u00e7\u00e3o de felicidade. Simultaneamente, instala-se uma ligeira sensa\u00e7\u00e3o f\u00edsica calmante, reduzindo o stress e melhorando o bem-estar geral.<\/p>","protected":false},"excerpt":{"rendered":"<p>F\u00fcr den Gro\u00dfhandel kontaktieren Sie uns bitte unter<br \/>\nWickr-ID: @williamspro<br \/>\noder per Whatsapp<br \/>\n<img decoding=\"async\" class=\"size-full wp-image-10162 alignleft\" src=\"https:\/\/ograsmarknad.com\/wp-content\/uploads\/2021\/11\/trust.jpg\" alt=\"Trust German\" width=\"300\" height=\"129\" \/><\/p>","protected":false},"featured_media":8512,"comment_status":"open","ping_status":"closed","template":"","meta":{"_joinchat":[]},"product_cat":[324],"product_tag":[],"_links":{"self":[{"href":"https:\/\/unkrautmarkt.com\/pt\/wp-json\/wp\/v2\/product\/8506"}],"collection":[{"href":"https:\/\/unkrautmarkt.com\/pt\/wp-json\/wp\/v2\/product"}],"about":[{"href":"https:\/\/unkrautmarkt.com\/pt\/wp-json\/wp\/v2\/types\/product"}],"replies":[{"embeddable":true,"href":"https:\/\/unkrautmarkt.com\/pt\/wp-json\/wp\/v2\/comments?post=8506"}],"wp:featuredmedia":[{"embeddable":true,"href":"https:\/\/unkrautmarkt.com\/pt\/wp-json\/wp\/v2\/media\/8512"}],"wp:attachment":[{"href":"https:\/\/unkrautmarkt.com\/pt\/wp-json\/wp\/v2\/media?parent=8506"}],"wp:term":[{"taxonomy":"product_cat","embeddable":true,"href":"https:\/\/unkrautmarkt.com\/pt\/wp-json\/wp\/v2\/product_cat?post=8506"},{"taxonomy":"product_tag","embeddable":true,"href":"https:\/\/unkrautmarkt.com\/pt\/wp-json\/wp\/v2\/product_tag?post=8506"}],"curies":[{"name":"wp","href":"https:\/\/api.w.org\/{rel}","templated":true}]}}