{"id":8478,"date":"2022-08-03T13:03:00","date_gmt":"2022-08-03T13:03:00","guid":{"rendered":"https:\/\/unkrautmarkt.com\/?post_type=product&#038;p=8478"},"modified":"2026-03-13T09:19:14","modified_gmt":"2026-03-13T09:19:14","slug":"moroccan-caramello-hash","status":"publish","type":"product","link":"https:\/\/unkrautmarkt.com\/pt\/product\/moroccan-caramello-hash\/","title":{"rendered":"Moroccan Caramello Hash"},"content":{"rendered":"<h2>Haxixe Caramello Marroquino: Compre agora no Reino Unido<\/h2>\n<p><strong>Unkrautmarkt<\/strong>\u00a0Consolidamo-nos como um dos principais varejistas online de haxixe Caramello marroquino. Trabalhamos exclusivamente com os melhores fornecedores e distribuidores de haxixe Caramello marroquino aut\u00eantico na internet. Estamos \u00e0 sua disposi\u00e7\u00e3o a qualquer hora e em qualquer lugar. Nosso haxixe Caramello marroquino atende a todos os requisitos.<\/p>\n<p>Se voc\u00ea est\u00e1 procurando por Marrocos <a href=\"https:\/\/unkrautmarkt.com\/pt\/product\/moroccan-caramello-hash\/\"><strong>Caramelo-Haxixe<\/strong><\/a> Se voc\u00ea procura comprar haxixe online no Reino Unido pelos melhores pre\u00e7os, chegou ao lugar certo. Clientes da Espanha, do Reino Unido e da Irlanda utilizam nossa loja online h\u00e1 muito tempo. Aqui voc\u00ea encontrar\u00e1 o haxixe que procura. Garantimos o melhor servi\u00e7o.<\/p>\n<h3>Compre haxixe de caramelo marroquino online<\/h3>\n<p>Este \u00e9 um clone de haxixe, o Haxixe Caramelo Marroquino. \u00c9 provavelmente o melhor haxixe legal do mercado. Utilizamos apenas ingredientes naturais e de qualidade alimentar. Tem um sabor fant\u00e1stico, aroma de c\u00e2nhamo, textura e apar\u00eancia de haxixe. Compre Haxixe Caramelo Marroquino online; \u00e9 id\u00eantico aos nossos outros produtos, exceto pela cor.<\/p>\n<p>O haxixe caramelo marroquino legal \u00e9 seguro, pode ser enviado para todo o mundo e \u00e9 sempre legal. N\u00e3o cont\u00e9m THC, canabinoides sint\u00e9ticos ou outras subst\u00e2ncias de pesquisa (como JWH-018, JWH-073, JWH-250, AM-2209, etc.). Normalmente, este haxixe n\u00e3o \u00e9 prensado \u00e0 m\u00e1quina. Possui uma consist\u00eancia agradavelmente macia e flex\u00edvel, resultante da prensagem manual. O haxixe deve ser colocado sobre o trono.<\/p>\n<h3>Onde posso comprar haxixe marroquino Caramello online?<\/h3>\n<p><a href=\"https:\/\/unkrautmarkt.com\/pt\/\"><strong>UnkrautMarkt<\/strong><\/a> Oferecemos haxixe marroquino Caramello para compra online. Como uma farm\u00e1cia de renome, voc\u00ea pode adquirir este produto de cannabis com confian\u00e7a e a um pre\u00e7o justo. Fa\u00e7a seu pedido hoje mesmo! Entregaremos seu pedido no seu endere\u00e7o o mais r\u00e1pido poss\u00edvel.<\/p>\n<p><strong><br \/>\n<a href=\"https:\/\/en.wikipedia.org\/wiki\/Cannabis_in_Morocco\" rel=\"nofollow noopener\" target=\"_blank\">Hash de Caramelo Marroquino<\/a>:<\/strong> Cont\u00e9m 5 g de \u00f3leo essencial de c\u00e2nhamo. O Haxixe de Caramelo Marroquino \u00e9 um produto de haxixe 100% natural, cont\u00e9m ingredientes alimentares de elevada qualidade e tem benef\u00edcios medicinais. O Haxixe de Caramelo Marroquino \u00e9 um energizante e as suas propriedades medicinais proporcionam al\u00edvio do stress e fortalecem o sistema imunit\u00e1rio do utilizador devido \u00e0 presen\u00e7a de \u00f3leo essencial de c\u00e2nhamo, que cont\u00e9m propriedades terap\u00eauticas.<\/p>\n<p><strong>Gosto:<\/strong> Prepare-se para um sabor frutado adocicado. Permanecer\u00e1 nas suas papilas gustativas por um bom tempo. \u00c9 o tipo de sabor que as pessoas querem saborear continuamente.<\/p>\n<p><strong>Efeito:<\/strong> O haxixe de caramelo marroquino tem um \u00f3timo efeito corporal. Excelente para problemas f\u00edsicos. Sentir-se-\u00e1 \u00f3timo. Praticamente invenc\u00edvel.<\/p>\n<p><strong>Peso<\/strong> 180 gramas, 30 gramas, 90 gramas<\/p>","protected":false},"excerpt":{"rendered":"<p>F\u00fcr den Gro\u00dfhandel kontaktieren Sie uns bitte unter<br \/>\nWickr-ID: @williamspro<br \/>\noder per Whatsapp<br \/>\n<img decoding=\"async\" class=\"size-full wp-image-10162 alignleft\" src=\"https:\/\/ograsmarknad.com\/wp-content\/uploads\/2021\/11\/trust.jpg\" alt=\"Trust German\" width=\"300\" height=\"129\" \/><\/p>","protected":false},"featured_media":8482,"comment_status":"open","ping_status":"closed","template":"","meta":{"_joinchat":[]},"product_cat":[322,321],"product_tag":[],"_links":{"self":[{"href":"https:\/\/unkrautmarkt.com\/pt\/wp-json\/wp\/v2\/product\/8478"}],"collection":[{"href":"https:\/\/unkrautmarkt.com\/pt\/wp-json\/wp\/v2\/product"}],"about":[{"href":"https:\/\/unkrautmarkt.com\/pt\/wp-json\/wp\/v2\/types\/product"}],"replies":[{"embeddable":true,"href":"https:\/\/unkrautmarkt.com\/pt\/wp-json\/wp\/v2\/comments?post=8478"}],"wp:featuredmedia":[{"embeddable":true,"href":"https:\/\/unkrautmarkt.com\/pt\/wp-json\/wp\/v2\/media\/8482"}],"wp:attachment":[{"href":"https:\/\/unkrautmarkt.com\/pt\/wp-json\/wp\/v2\/media?parent=8478"}],"wp:term":[{"taxonomy":"product_cat","embeddable":true,"href":"https:\/\/unkrautmarkt.com\/pt\/wp-json\/wp\/v2\/product_cat?post=8478"},{"taxonomy":"product_tag","embeddable":true,"href":"https:\/\/unkrautmarkt.com\/pt\/wp-json\/wp\/v2\/product_tag?post=8478"}],"curies":[{"name":"wp","href":"https:\/\/api.w.org\/{rel}","templated":true}]}}