{"id":8472,"date":"2022-08-03T12:56:42","date_gmt":"2022-08-03T12:56:42","guid":{"rendered":"https:\/\/unkrautmarkt.com\/?post_type=product&#038;p=8472"},"modified":"2026-03-12T06:26:33","modified_gmt":"2026-03-12T06:26:33","slug":"ak-48-hashish","status":"publish","type":"product","link":"https:\/\/unkrautmarkt.com\/pt\/product\/ak-48-hashish\/","title":{"rendered":"Ak-48-Hashish"},"content":{"rendered":"<h2>Compre haxixe AK-48 online rapidamente: Qualidade premium com entrega discreta.<\/h2>\n<p>Voc\u00ea est\u00e1 procurando uma maneira de <a href=\"https:\/\/unkrautmarkt.com\/pt\/product\/ak-48-hashish\/\"><strong>Encomende haxixe AK-48 online rapidamente<\/strong><\/a>Ent\u00e3o voc\u00ea veio ao lugar certo! Nossa farm\u00e1cia online de confian\u00e7a oferece cannabis de alta qualidade e haxixe premium a apenas um clique de dist\u00e2ncia. Oferecemos aos entusiastas da cannabis nos EUA, Canad\u00e1, Europa e em todo o mundo uma experi\u00eancia de compra tranquila e discreta. A satisfa\u00e7\u00e3o do cliente \u00e9 nossa prioridade: voc\u00ea receber\u00e1 haxixe AK-48 potente, processado e embalado com maestria para o seu prazer.<\/p>\n<p><strong>AK-48<\/strong> A AK-48 \u00e9 uma variedade h\u00edbrida popular, conhecida por seus efeitos equilibrados e aroma cativante. Concentrada como haxixe, oferece uma experi\u00eancia mais intensa e duradoura. Nosso haxixe AK-48 \u00e9 cuidadosamente produzido para preservar os terpenos e canabinoides naturais da variedade. O resultado \u00e9 um produto rico, arom\u00e1tico e incrivelmente potente. Seja voc\u00ea um apreciador experiente ou esteja explorando o mundo dos concentrados pela primeira vez, nosso haxixe AK-48 garante qualidade excepcional.<\/p>\n<h3>Descubra os benef\u00edcios do nosso haxixe AK-48<\/h3>\n<p>Ao comprar haxixe AK-48 online, voc\u00ea est\u00e1 investindo em um produto com in\u00fameros benef\u00edcios potenciais. Os consumidores frequentemente relatam uma melhora significativa no humor, acompanhada por uma sensa\u00e7\u00e3o suave e calmante que reduz o estresse e a tens\u00e3o. <a href=\"https:\/\/unkrautmarkt.com\/pt\/\">Unkrautmarkt<\/a><\/p>\n<h3>Loja online confi\u00e1vel para haxixe AK-48 e muito mais.<\/h3>\n<p><strong>Ao comprar cannabis online<\/strong> Confian\u00e7a \u00e9 essencial. Temos orgulho de ser um revendedor online confi\u00e1vel de produtos de cannabis de alta qualidade. Nossa sele\u00e7\u00e3o inclui uma ampla variedade de cepas, comest\u00edveis, concentrados e acess\u00f3rios, garantindo que voc\u00ea encontre o que procura. Discri\u00e7\u00e3o \u00e9 importante para n\u00f3s. Seus pedidos s\u00e3o embalados e enviados com seguran\u00e7a em envelopes ou caixas discretas para proteger sua privacidade. Oferecemos envio r\u00e1pido e confi\u00e1vel, para que voc\u00ea possa comprar haxixe AK-48 online e receb\u00ea-lo rapidamente.<\/p>\n<h3>Resumindo:<\/h3>\n<p>Quando voc\u00ea <strong>Compre haxixe AK-48 online rapidamente<\/strong> Se voc\u00ea busca um fornecedor que valorize qualidade, efic\u00e1cia e sua total satisfa\u00e7\u00e3o, escolha o nosso. Nosso haxixe AK-48 oferece um concentrado de cannabis de alta qualidade com as propriedades estimulantes e calmantes t\u00edpicas do AK-48, em sua forma concentrada. Da produ\u00e7\u00e3o cuidadosa ao envio discreto para todo o mundo, nosso objetivo \u00e9 ser sua primeira op\u00e7\u00e3o em compras de cannabis online. Descubra nossa sele\u00e7\u00e3o hoje mesmo e sinta a diferen\u00e7a que a qualidade faz. <a href=\"https:\/\/en.wikipedia.org\/wiki\/Hashish\" rel=\"nofollow noopener\" target=\"_blank\"><strong>Encomende seu haxixe AK-48 online.<\/strong><\/a> e desfrute do conforto e da qualidade do nosso servi\u00e7o confi\u00e1vel.<\/p>","protected":false},"excerpt":{"rendered":"<p>F\u00fcr den Gro\u00dfhandel kontaktieren Sie uns bitte unter<br \/>\nWickr-ID: @williamspro<br \/>\noder per Whatsapp<br \/>\n<img decoding=\"async\" class=\"size-full wp-image-10162 alignleft\" src=\"https:\/\/ograsmarknad.com\/wp-content\/uploads\/2021\/11\/trust.jpg\" alt=\"Trust German\" width=\"300\" height=\"129\" \/><\/p>","protected":false},"featured_media":8476,"comment_status":"open","ping_status":"closed","template":"","meta":{"_joinchat":[]},"product_cat":[322,321],"product_tag":[],"_links":{"self":[{"href":"https:\/\/unkrautmarkt.com\/pt\/wp-json\/wp\/v2\/product\/8472"}],"collection":[{"href":"https:\/\/unkrautmarkt.com\/pt\/wp-json\/wp\/v2\/product"}],"about":[{"href":"https:\/\/unkrautmarkt.com\/pt\/wp-json\/wp\/v2\/types\/product"}],"replies":[{"embeddable":true,"href":"https:\/\/unkrautmarkt.com\/pt\/wp-json\/wp\/v2\/comments?post=8472"}],"wp:featuredmedia":[{"embeddable":true,"href":"https:\/\/unkrautmarkt.com\/pt\/wp-json\/wp\/v2\/media\/8476"}],"wp:attachment":[{"href":"https:\/\/unkrautmarkt.com\/pt\/wp-json\/wp\/v2\/media?parent=8472"}],"wp:term":[{"taxonomy":"product_cat","embeddable":true,"href":"https:\/\/unkrautmarkt.com\/pt\/wp-json\/wp\/v2\/product_cat?post=8472"},{"taxonomy":"product_tag","embeddable":true,"href":"https:\/\/unkrautmarkt.com\/pt\/wp-json\/wp\/v2\/product_tag?post=8472"}],"curies":[{"name":"wp","href":"https:\/\/api.w.org\/{rel}","templated":true}]}}