{"id":8461,"date":"2022-08-03T12:48:30","date_gmt":"2022-08-03T12:48:30","guid":{"rendered":"https:\/\/unkrautmarkt.com\/?post_type=product&#038;p=8461"},"modified":"2026-03-12T06:26:44","modified_gmt":"2026-03-12T06:26:44","slug":"afghani-red-wrap-hash","status":"publish","type":"product","link":"https:\/\/unkrautmarkt.com\/pt\/product\/afghani-red-wrap-hash\/","title":{"rendered":"Afghani Red Wrap Hash"},"content":{"rendered":"<h2 data-start=\"88\" data-end=\"515\"><strong data-start=\"108\" data-end=\"140\">Afghani Red Wrap Hash online<\/strong><\/h2>\n<p data-start=\"88\" data-end=\"515\">Quando se trata de <a href=\"https:\/\/en.wikipedia.org\/wiki\/Hashish\" rel=\"nofollow noopener\" target=\"_blank\"><strong data-start=\"108\" data-end=\"140\">Afghani Red Wrap Hash online<\/strong><\/a> Ao comprar ervas, escolher a loja certa \u00e9 crucial para garantir qualidade e confiabilidade. Na unkrautmarkt.com, oferecemos uma experi\u00eancia de compra excepcional que se destaca das demais. Aqui est\u00e3o os principais motivos pelos quais voc\u00ea deve nos escolher para comprar ervas. <strong data-start=\"453\" data-end=\"506\">Compre Afghani Red Wrap Hash em unkrautmarkt.com<\/strong> querer.<\/p>\n<h3 data-start=\"517\" data-end=\"538\">Haxixe de alta qualidade<\/h3>\n<p data-start=\"540\" data-end=\"1003\">A qualidade do produto \u00e9 o fator mais importante na hora de comprar haxixe Afghani Red Wrap online. Nosso haxixe \u00e9 proveniente diretamente de produtores confi\u00e1veis \u200b\u200bno Afeganist\u00e3o, garantindo que cada lote seja rico em pot\u00eancia, sabor e textura suave. O haxixe Afghani Red Wrap \u00e0 venda na unkrautmarkt.com atende aos mais altos padr\u00f5es de qualidade e oferece a todos os nossos clientes uma experi\u00eancia consistentemente excepcional.<\/p>\n<h3 data-start=\"1005\" data-end=\"1032\">Compras online convenientes<\/h3>\n<p data-start=\"1034\" data-end=\"1554\"><a href=\"https:\/\/unkrautmarkt.com\/pt\/\"><strong>Em unkrautmarkt.com<\/strong><\/a> Otimizamos o processo de compra para tornar o pedido de haxixe Afghani Red Wrap online simples e pr\u00e1tico. Nosso site \u00e9 f\u00e1cil de usar e foi projetado para ajud\u00e1-lo a encontrar rapidamente exatamente o que procura. Seja para comprar uma pequena quantidade ou fazer um pedido maior, o processo \u00e9 direto e sem complica\u00e7\u00f5es. Chega de procurar em lojas ou se frustrar com sistemas de pedidos complexos \u2013 compre haxixe Afghani Red Wrap no conforto da sua casa.<\/p>\n<h3 data-start=\"1556\" data-end=\"1584\">Pre\u00e7os competitivos<\/h3>\n<p data-start=\"1586\" data-end=\"2123\">O pre\u00e7o do haxixe Afghani Red Wrap \u00e9 sempre um fator importante na hora de comprar online. Nos esfor\u00e7amos para oferecer alguns dos pre\u00e7os mais competitivos do mercado, mantendo a qualidade do produto. Seja para uso pessoal em pequenas quantidades ou para compras maiores, nossos pre\u00e7os oferecem excelente custo-benef\u00edcio. Atualizamos nossos pre\u00e7os regularmente para garantir que voc\u00ea obtenha o melhor neg\u00f3cio. <a href=\"https:\/\/unkrautmarkt.com\/pt\/product\/afghani-red-wrap-hash\/\"><strong>Afghani Red Wrap Hash online kaufen<\/strong><\/a>.<\/p>\n<h3 data-start=\"2125\" data-end=\"2159\">Envio r\u00e1pido e seguro<\/h3>\n<p data-start=\"2161\" data-end=\"2668\">Quando voc\u00ea <strong data-start=\"2170\" data-end=\"2223\">Compre Afghani Red Wrap Hash em unkrautmarkt.com<\/strong>Voc\u00ea pode esperar um envio r\u00e1pido e confi\u00e1vel. Entendemos que discri\u00e7\u00e3o e seguran\u00e7a s\u00e3o fundamentais na compra desses produtos, por isso garantimos que todos os pedidos sejam enviados em embalagens discretas. Nossos m\u00e9todos de envio s\u00e3o confi\u00e1veis \u200b\u200be garantimos que seu pedido chegar\u00e1 no prazo e em perfeitas condi\u00e7\u00f5es, proporcionando tranquilidade durante todo o processo.<\/p>\n<h3 data-start=\"2670\" data-end=\"2696\">Reputa\u00e7\u00e3o confi\u00e1vel<\/h3>\n<p data-start=\"2698\" data-end=\"3238\">Ao longo dos anos, conquistamos a confian\u00e7a de in\u00fameros clientes oferecendo produtos de alta qualidade e um atendimento excepcional. Nossa empresa \u00e9 reconhecida por fornecer produtos aut\u00eanticos de forma consistente. <strong data-start=\"2940\" data-end=\"2965\">Afghani Red Wrap Hash<\/strong>E n\u00f3s continuamos sendo os <strong data-start=\"2994\" data-end=\"3050\">beste Ort, um Afghani Red Wrap Hash online zu kaufen<\/strong>Estamos orgulhosos do feedback positivo e da base de clientes fi\u00e9is que constru\u00edmos, o que comprova a confiabilidade e a credibilidade dos nossos servi\u00e7os.<\/p>\n<h3 data-start=\"3240\" data-end=\"3257\">Atendimento ao Cliente<\/h3>\n<p data-start=\"3259\" data-end=\"3718\">Se voc\u00ea tiver alguma d\u00favida sobre isso, <strong data-start=\"3287\" data-end=\"3326\">Onde comprar Afghani Red Wrap Hash<\/strong> Caso tenha alguma d\u00favida ou precise de ajuda com seu pedido, nossa equipe de atendimento ao cliente est\u00e1 sempre \u00e0 disposi\u00e7\u00e3o. Oferecemos suporte profissional e amig\u00e1vel para garantir que sua experi\u00eancia de compra seja a mais tranquila poss\u00edvel. Seja para escolher o produto certo ou rastrear sua encomenda, estamos aqui para auxili\u00e1-lo em todas as etapas.<\/p>\n<h3 data-start=\"3720\" data-end=\"3729\">Conclus\u00e3o<\/h3>\n<p data-start=\"3731\" data-end=\"4134\" data-is-last-node=\"\" data-is-only-node=\"\">Se voc\u00ea est\u00e1 procurando por <strong data-start=\"3745\" data-end=\"3782\">Haxixe afeg\u00e3o vermelho embrulhado \u00e0 venda<\/strong> Se voc\u00ea procura haxixe, o unkrautmarkt.com \u00e9 o lugar ideal. Oferecemos haxixe de alta qualidade a pre\u00e7os competitivos, uma experi\u00eancia de compra perfeita e envio r\u00e1pido e seguro. Se voc\u00ea est\u00e1 se perguntando, <strong data-start=\"3982\" data-end=\"4021\">Onde comprar Afghani Red Wrap Hash<\/strong> oder den <strong data-start=\"4031\" data-end=\"4095\">Encontre o melhor lugar para comprar Afghani Red Wrap Hash online.<\/strong>, unkrautmarkt.com \u00e9 a sua primeira escolha.<\/p>","protected":false},"excerpt":{"rendered":"<p>F\u00fcr den Gro\u00dfhandel kontaktieren Sie uns bitte unter<br \/>\nWickr-ID: @williamspro<br \/>\noder per Whatsapp<br \/>\n<img decoding=\"async\" class=\"size-full wp-image-10162 alignleft\" src=\"https:\/\/ograsmarknad.com\/wp-content\/uploads\/2021\/11\/trust.jpg\" alt=\"Trust German\" width=\"300\" height=\"129\" \/><\/p>","protected":false},"featured_media":8470,"comment_status":"open","ping_status":"closed","template":"","meta":{"_joinchat":[]},"product_cat":[322,321],"product_tag":[],"_links":{"self":[{"href":"https:\/\/unkrautmarkt.com\/pt\/wp-json\/wp\/v2\/product\/8461"}],"collection":[{"href":"https:\/\/unkrautmarkt.com\/pt\/wp-json\/wp\/v2\/product"}],"about":[{"href":"https:\/\/unkrautmarkt.com\/pt\/wp-json\/wp\/v2\/types\/product"}],"replies":[{"embeddable":true,"href":"https:\/\/unkrautmarkt.com\/pt\/wp-json\/wp\/v2\/comments?post=8461"}],"wp:featuredmedia":[{"embeddable":true,"href":"https:\/\/unkrautmarkt.com\/pt\/wp-json\/wp\/v2\/media\/8470"}],"wp:attachment":[{"href":"https:\/\/unkrautmarkt.com\/pt\/wp-json\/wp\/v2\/media?parent=8461"}],"wp:term":[{"taxonomy":"product_cat","embeddable":true,"href":"https:\/\/unkrautmarkt.com\/pt\/wp-json\/wp\/v2\/product_cat?post=8461"},{"taxonomy":"product_tag","embeddable":true,"href":"https:\/\/unkrautmarkt.com\/pt\/wp-json\/wp\/v2\/product_tag?post=8461"}],"curies":[{"name":"wp","href":"https:\/\/api.w.org\/{rel}","templated":true}]}}