{"id":8456,"date":"2022-08-03T12:18:03","date_gmt":"2022-08-03T12:18:03","guid":{"rendered":"https:\/\/unkrautmarkt.com\/?post_type=product&#038;p=8456"},"modified":"2026-03-12T06:27:00","modified_gmt":"2026-03-12T06:27:00","slug":"afghan-black-hash","status":"publish","type":"product","link":"https:\/\/unkrautmarkt.com\/pt\/product\/afghan-black-hash\/","title":{"rendered":"Afghan Black Hash"},"content":{"rendered":"<article class=\"text-token-text-primary w-full focus:outline-none [--shadow-height:45px] has-data-writing-block:pointer-events-none has-data-writing-block:-mt-(--shadow-height) has-data-writing-block:pt-(--shadow-height) [&amp;:has([data-writing-block])&gt;*]:pointer-events-auto scroll-mt-(--header-height)\" dir=\"auto\" tabindex=\"-1\" data-turn-id=\"67e99a09-043b-461e-ac14-18a4a955a049\" data-testid=\"conversation-turn-7\" data-scroll-anchor=\"false\" data-turn=\"user\"><\/article>\n<article class=\"text-token-text-primary w-full focus:outline-none [--shadow-height:45px] has-data-writing-block:pointer-events-none has-data-writing-block:-mt-(--shadow-height) has-data-writing-block:pt-(--shadow-height) [&amp;:has([data-writing-block])&gt;*]:pointer-events-auto scroll-mt-[calc(var(--header-height)+min(200px,max(70px,20svh)))]\" dir=\"auto\" tabindex=\"-1\" data-turn-id=\"request-WEB:b3b71863-b3aa-4f21-8e13-39b16a858ae7-3\" data-testid=\"conversation-turn-8\" data-scroll-anchor=\"false\" data-turn=\"assistant\">\n<div class=\"text-base my-auto mx-auto [--thread-content-margin:--spacing(4)] @w-sm\/main:[--thread-content-margin:--spacing(6)] @w-lg\/main:[--thread-content-margin:--spacing(16)] px-(--thread-content-margin)\">\n<div class=\"[--thread-content-max-width:40rem] @w-lg\/main:[--thread-content-max-width:48rem] mx-auto max-w-(--thread-content-max-width) flex-1 group\/turn-messages focus-visible:outline-hidden relative flex w-full min-w-0 flex-col agent-turn\" tabindex=\"-1\">\n<div class=\"flex max-w-full flex-col grow\">\n<div class=\"min-h-8 text-message relative flex w-full flex-col items-end gap-2 text-start break-words whitespace-normal [.text-message+&amp;]:mt-1\" dir=\"auto\" data-message-author-role=\"assistant\" data-message-id=\"8c1d458f-0321-4003-b178-e1de01d2aa37\" data-message-model-slug=\"gpt-5-2\">\n<div class=\"flex w-full flex-col gap-1 empty:hidden first:pt-[1px]\">\n<div class=\"markdown prose dark:prose-invert w-full wrap-break-word dark markdown-new-styling\">\n<h2 data-start=\"0\" data-end=\"567\"><strong>Afghan <\/strong><strong>Black <\/strong><strong>Compre haxixe online<\/strong><\/h2>\n<p data-start=\"0\" data-end=\"567\">Quando se trata de <a href=\"https:\/\/unkrautmarkt.com\/pt\/product\/afghan-black-hash\/\"><strong>Compre haxixe preto afeg\u00e3o online<\/strong><\/a>\u00c9 crucial escolher uma loja confi\u00e1vel para garantir uma transa\u00e7\u00e3o segura e produtos de alta qualidade. Nossa loja se consolidou como uma das principais varejistas online de haxixe preto afeg\u00e3o, oferecendo uma combina\u00e7\u00e3o incompar\u00e1vel de produtos de alta qualidade, compras seguras e atendimento focado no cliente. Se voc\u00ea est\u00e1 se perguntando onde comprar haxixe preto afeg\u00e3o, aqui est\u00e3o os principais motivos pelos quais nossa loja \u00e9 a melhor escolha.<\/p>\n<h3 data-start=\"569\" data-end=\"620\"><strong data-start=\"569\" data-end=\"620\">Qualidade incompar\u00e1vel do haxixe preto afeg\u00e3o<\/strong><\/h3>\n<p data-start=\"622\" data-end=\"1295\">A qualidade do nosso Haxixe Negro Afeg\u00e3o o diferencia de outras variedades de haxixe no mercado, e nossa prioridade \u00e9 oferecer somente o melhor. Nosso Haxixe Negro Afeg\u00e3o \u00e9 cuidadosamente selecionado de produtores confi\u00e1veis \u200b\u200bno Afeganist\u00e3o, renomados por seus m\u00e9todos de cultivo de alta qualidade e processos de produ\u00e7\u00e3o aut\u00eanticos. Cada lote passa por um rigoroso controle de qualidade para garantir que atenda aos mais altos padr\u00f5es de pot\u00eancia, textura e sabor. Ao comprar Haxixe Negro Afeg\u00e3o conosco, voc\u00ea tem a certeza de estar adquirindo um produto premium, aut\u00eantico, potente e repleto de tradi\u00e7\u00e3o.<\/p>\n<h3 data-start=\"2114\" data-end=\"2172\"><strong data-start=\"2114\" data-end=\"2172\">Pre\u00e7os acess\u00edveis e transparentes.<\/strong><\/h3>\n<p data-start=\"2174\" data-end=\"2902\">Uma das perguntas mais frequentes dos clientes \u00e9: \u201cQual \u00e9 o <strong data-start=\"2240\" data-end=\"2271\">Pre\u00e7o do haxixe preto afeg\u00e3o<\/strong>\u201cEm nossa loja, acreditamos que produtos da mais alta qualidade devem ser acess\u00edveis a pre\u00e7os justos. <strong data-start=\"2388\" data-end=\"2421\">Haxixe preto afeg\u00e3o \u00e0 venda<\/strong> Nossos pre\u00e7os s\u00e3o competitivos, garantindo que voc\u00ea obtenha excelente custo-benef\u00edcio sem custos inflacionados. Tamb\u00e9m priorizamos a transpar\u00eancia de pre\u00e7os, portanto, n\u00e3o h\u00e1 taxas ocultas ou cobran\u00e7as inesperadas no momento do pagamento. Seja para pedidos pequenos ou grandes, oferecemos pre\u00e7os flex\u00edveis para atender ao seu or\u00e7amento. Voc\u00ea pode ter certeza de que est\u00e1 obtendo o melhor pre\u00e7o pela qualidade que est\u00e1 comprando.<\/p>\n<h3 data-start=\"2904\" data-end=\"2938\"><strong data-start=\"2904\" data-end=\"2938\">Entrega segura e discreta<\/strong><\/h3>\n<p data-start=\"2940\" data-end=\"3645\">Quando voc\u00ea <a href=\"https:\/\/en.wikipedia.org\/wiki\/Hashish\" rel=\"nofollow noopener\" target=\"_blank\"><strong data-start=\"2949\" data-end=\"2984\">Compre haxixe preto afeg\u00e3o online<\/strong><\/a>A discri\u00e7\u00e3o \u00e9 fundamental. Entendemos a import\u00e2ncia de proteger sua privacidade e garantir que seu pedido chegue com seguran\u00e7a e discri\u00e7\u00e3o. Nosso processo de envio \u00e9 realizado com o m\u00e1ximo cuidado e utilizamos embalagens de alta qualidade para garantir que seu pedido chegue em perfeitas condi\u00e7\u00f5es. Tamb\u00e9m oferecemos diversas op\u00e7\u00f5es de envio, permitindo que voc\u00ea escolha o m\u00e9todo que melhor atenda \u00e0s suas necessidades \u2014 seja uma entrega r\u00e1pida ou uma op\u00e7\u00e3o mais econ\u00f4mica. Nosso sistema de entrega confi\u00e1vel garante que seu pedido chegue com seguran\u00e7a e sem atrasos significativos.<\/p>\n<h3 data-start=\"5542\" data-end=\"5582\"><strong data-start=\"5542\" data-end=\"5582\">Descontos exclusivos e ofertas especiais<\/strong><\/h3>\n<p data-start=\"5584\" data-end=\"6160\">Nos esfor\u00e7amos para oferecer aos nossos clientes mais do que apenas produtos de qualidade. Se voc\u00ea est\u00e1 em busca de oportunidades, <strong data-start=\"5696\" data-end=\"5729\">Haxixe preto afeg\u00e3o \u00e0 venda<\/strong> Para que voc\u00ea possa adquirir nossos produtos a pre\u00e7os ainda melhores, nossa loja oferece regularmente promo\u00e7\u00f5es e descontos exclusivos. Essas ofertas por tempo limitado permitem que voc\u00ea compre seus produtos favoritos a pre\u00e7os reduzidos, tornando ainda mais f\u00e1cil obter produtos de alta qualidade. <a href=\"https:\/\/unkrautmarkt.com\/pt\/\"><strong data-start=\"5996\" data-end=\"6017\">Afghan Black Hash<\/strong><\/a> Divirta-se sem gastar muito. Visite nosso site regularmente para descobrir novas ofertas e promo\u00e7\u00f5es especiais.<\/p>\n<h3 data-start=\"6162\" data-end=\"6171\"><strong data-start=\"6162\" data-end=\"6171\">Conclus\u00e3o<\/strong><\/h3>\n<p data-start=\"6173\" data-end=\"6945\" data-is-last-node=\"\" data-is-only-node=\"\">Em um mercado concorrido, pode ser dif\u00edcil encontrar a loja certa para <strong data-start=\"6257\" data-end=\"6295\">Compre haxixe preto afeg\u00e3o online<\/strong>No entanto, com nosso compromisso com a qualidade do produto, pre\u00e7os competitivos, entrega segura e discreta e excelente atendimento ao cliente, estamos confiantes de que podemos atender \u00e0s demandas do mercado. <strong data-start=\"6468\" data-end=\"6525\">O melhor lugar para comprar haxixe preto afeg\u00e3o online \u00e9<\/strong>Se voc\u00ea est\u00e1 se perguntando \"<strong data-start=\"6553\" data-end=\"6594\">Onde posso comprar haxixe preto afeg\u00e3o?<\/strong>\"Ou se voc\u00ea est\u00e1 pronto para fazer seu pedido, nossa loja \u00e9 o lugar ideal para quem busca uma experi\u00eancia aut\u00eantica e de alta qualidade. Oferecemos uma maneira f\u00e1cil e segura de...\" <strong data-start=\"6806\" data-end=\"6847\">Encomende haxixe preto afeg\u00e3o online.<\/strong>, tornando mais f\u00e1cil do que nunca desfrutar deste produto t\u00e3o apreciado no conforto da sua pr\u00f3pria casa.<\/p>\n<\/div>\n<\/div>\n<\/div>\n<\/div>\n<\/div>\n<\/div>\n<\/article>","protected":false},"excerpt":{"rendered":"<p>F\u00fcr den Gro\u00dfhandel kontaktieren Sie uns bitte unter<br \/>\nWickr-ID: @williamspro<br \/>\noder per Whatsapp<br \/>\n<img decoding=\"async\" class=\"size-full wp-image-10162 alignleft\" src=\"https:\/\/ograsmarknad.com\/wp-content\/uploads\/2021\/11\/trust.jpg\" alt=\"Trust German\" width=\"300\" height=\"129\" \/><\/p>","protected":false},"featured_media":8460,"comment_status":"open","ping_status":"closed","template":"","meta":{"_joinchat":[]},"product_cat":[322,321],"product_tag":[],"_links":{"self":[{"href":"https:\/\/unkrautmarkt.com\/pt\/wp-json\/wp\/v2\/product\/8456"}],"collection":[{"href":"https:\/\/unkrautmarkt.com\/pt\/wp-json\/wp\/v2\/product"}],"about":[{"href":"https:\/\/unkrautmarkt.com\/pt\/wp-json\/wp\/v2\/types\/product"}],"replies":[{"embeddable":true,"href":"https:\/\/unkrautmarkt.com\/pt\/wp-json\/wp\/v2\/comments?post=8456"}],"wp:featuredmedia":[{"embeddable":true,"href":"https:\/\/unkrautmarkt.com\/pt\/wp-json\/wp\/v2\/media\/8460"}],"wp:attachment":[{"href":"https:\/\/unkrautmarkt.com\/pt\/wp-json\/wp\/v2\/media?parent=8456"}],"wp:term":[{"taxonomy":"product_cat","embeddable":true,"href":"https:\/\/unkrautmarkt.com\/pt\/wp-json\/wp\/v2\/product_cat?post=8456"},{"taxonomy":"product_tag","embeddable":true,"href":"https:\/\/unkrautmarkt.com\/pt\/wp-json\/wp\/v2\/product_tag?post=8456"}],"curies":[{"name":"wp","href":"https:\/\/api.w.org\/{rel}","templated":true}]}}