{"id":8062,"date":"2021-12-18T08:51:42","date_gmt":"2021-12-18T08:51:42","guid":{"rendered":"https:\/\/unkrautmarkt.com\/?post_type=product&#038;p=8062"},"modified":"2023-04-02T22:20:59","modified_gmt":"2023-04-02T22:20:59","slug":"angebotspaket-alle-5-strains-45g","status":"publish","type":"product","link":"https:\/\/unkrautmarkt.com\/pt\/product\/angebotspaket-alle-5-strains-45g\/","title":{"rendered":"Angebotspaket (alle 5 Strains &#8211; 45G)"},"content":{"rendered":"<h2>Pacote de oferta especial para estirpes<\/h2>\n<p>Se quiser experimentar diferentes tipos de variedades de can\u00e1bis, que as pessoas podem esperar de algumas das variedades mais populares de marijuana, mas n\u00e3o sabem onde encontrar um bom neg\u00f3cio de embalagem. No Unkrautmarkt.com , pela primeira vez, estamos a oferecer a todos os clientes e aos nossos compradores grossistas um pacote que inclui as nossas 5 estirpes de THC de alta qualidade. N\u00e3o tem de ir a lado nenhum para esta grande oferta, basta fazer uma encomenda de 5 sabores de 45 gramas e obter um grande desconto.<\/p>","protected":false},"excerpt":{"rendered":"<p>For Wholesale please contact us at<br \/>\nWickr ID: @williamspro<br \/>\nor via Whatsapp<br \/>\n<img decoding=\"async\" class=\"size-full wp-image-10162 alignleft\" src=\"https:\/\/ograsmarknad.com\/wp-content\/uploads\/2021\/11\/trust.jpg\" alt=\"Trust German\" width=\"300\" height=\"129\" \/><\/p>","protected":false},"featured_media":8067,"comment_status":"open","ping_status":"closed","template":"","meta":{"_joinchat":[]},"product_cat":[307],"product_tag":[],"_links":{"self":[{"href":"https:\/\/unkrautmarkt.com\/pt\/wp-json\/wp\/v2\/product\/8062"}],"collection":[{"href":"https:\/\/unkrautmarkt.com\/pt\/wp-json\/wp\/v2\/product"}],"about":[{"href":"https:\/\/unkrautmarkt.com\/pt\/wp-json\/wp\/v2\/types\/product"}],"replies":[{"embeddable":true,"href":"https:\/\/unkrautmarkt.com\/pt\/wp-json\/wp\/v2\/comments?post=8062"}],"wp:featuredmedia":[{"embeddable":true,"href":"https:\/\/unkrautmarkt.com\/pt\/wp-json\/wp\/v2\/media\/8067"}],"wp:attachment":[{"href":"https:\/\/unkrautmarkt.com\/pt\/wp-json\/wp\/v2\/media?parent=8062"}],"wp:term":[{"taxonomy":"product_cat","embeddable":true,"href":"https:\/\/unkrautmarkt.com\/pt\/wp-json\/wp\/v2\/product_cat?post=8062"},{"taxonomy":"product_tag","embeddable":true,"href":"https:\/\/unkrautmarkt.com\/pt\/wp-json\/wp\/v2\/product_tag?post=8062"}],"curies":[{"name":"wp","href":"https:\/\/api.w.org\/{rel}","templated":true}]}}