{"id":7854,"date":"2021-10-28T13:08:51","date_gmt":"2021-10-28T13:08:51","guid":{"rendered":"https:\/\/unkrautmarkt.com\/?post_type=product&#038;p=7854"},"modified":"2026-03-16T05:04:59","modified_gmt":"2026-03-16T05:04:59","slug":"super-silver-haze","status":"publish","type":"product","link":"https:\/\/unkrautmarkt.com\/pt\/product\/super-silver-haze\/","title":{"rendered":"Super Silver Haze"},"content":{"rendered":"<h2 style=\"text-align: justify;\">Comprar Super Silver Haze online<\/h2>\n<p style=\"text-align: justify;\"><a href=\"https:\/\/en.wikipedia.org\/wiki\/Cannabis_strain\" rel=\"nofollow noopener\" target=\"_blank\">Super Silver Haze<\/a> Super Silver Haze \u00e9 um produto criado a partir da combina\u00e7\u00e3o de Haze, Northern Lights e Skunk. Compre Super Silver Haze online. O resultado \u00e9 simplesmente incr\u00edvel e proporciona a experi\u00eancia Sativa \u00fanica que voc\u00ea sempre desejou. Com Super Silver Haze, voc\u00ea obt\u00e9m a melhor onda corporal energ\u00e9tica que dura bastante tempo. Ela tamb\u00e9m tem um efeito estimulante impressionante. E isso oferece uma \u00f3tima maneira de lidar com n\u00edveis extremamente altos de estresse. Se voc\u00ea sentir n\u00e1useas ou perda de apetite, Super Silver Haze ajudar\u00e1 a recuperar tudo isso. <a href=\"https:\/\/unkrautmarkt.com\/pt\/product\/super-silver-haze\/\">Compre Super Silver Haze online<\/a> Deutschland, \u00d6sterreich &amp; Schweiz!<\/p>\n<p style=\"text-align: justify;\">A variedade Super Silver Haze \u00e9 um h\u00edbrido com predomin\u00e2ncia sativa, ideal para um efeito m\u00e1ximo que dura o dia todo. Cont\u00e9m aproximadamente 18% de THC e 0,10% de CBD. Isto n\u00e3o s\u00f3 proporciona um efeito calmante e relaxante, como tamb\u00e9m lhe permite realizar tarefas importantes durante o dia. Isto contrasta com algumas outras variedades, que tendem a causar um efeito sedent\u00e1rio.<\/p>\n<h3 style=\"text-align: justify;\">Benef\u00edcios m\u00e9dicos do Super Silver Haze<\/h3>\n<p style=\"text-align: justify;\">Muitos usu\u00e1rios desta cepa atestam seus significativos benef\u00edcios medicinais. A Super Silver Haze possui sabores de especiarias, skunk e c\u00edtricos, e pode proporcionar efeitos psicoativos e f\u00edsicos potentes. Extremamente energizante, a Super Silver Haze muda de tom na segunda metade de seu efeito duradouro, come\u00e7ando a acalmar o corpo. Os usu\u00e1rios podem experimentar um aumento na percep\u00e7\u00e3o das cores e uma percep\u00e7\u00e3o mais agu\u00e7ada dos tons. Para a maioria dos usu\u00e1rios, esta cepa pode ser um rem\u00e9dio eficaz durante o dia para fadiga, altera\u00e7\u00f5es de humor, n\u00e1useas e enxaquecas. Outros usu\u00e1rios podem experimentar os efeitos f\u00edsicos com mais intensidade, mas ela pode aliviar dores cr\u00f4nicas. A Super Silver Haze est\u00e1 \u00e0 venda. <a href=\"https:\/\/unkrautmarkt.com\/pt\/\">Unkrautmarkt<\/a><\/p>\n<p style=\"text-align: justify;\">Sem d\u00favida, esta variedade tornou-se popular nos \u00faltimos anos. No entanto, os utilizadores desta variedade ainda t\u00eam dificuldade em comprar Super Silver Haze online. Isto porque a maioria prefere comprar online em dispens\u00e1rios online. Mesmo assim, estamos sempre felizes em ajud\u00e1-lo com as suas necessidades de compra. Boas compras e aproveite o seu dia.<\/p>","protected":false},"excerpt":{"rendered":"<p>For Wholesale please contact us at<br \/>\nWickr ID: @williamspro<br \/>\nor via Whatsapp<br \/>\n<img decoding=\"async\" class=\"size-full wp-image-10162 alignleft\" src=\"https:\/\/ograsmarknad.com\/wp-content\/uploads\/2021\/11\/trust.jpg\" alt=\"Trust German\" width=\"300\" height=\"129\" \/><\/p>","protected":false},"featured_media":7859,"comment_status":"open","ping_status":"closed","template":"","meta":{"_joinchat":[]},"product_cat":[307],"product_tag":[],"_links":{"self":[{"href":"https:\/\/unkrautmarkt.com\/pt\/wp-json\/wp\/v2\/product\/7854"}],"collection":[{"href":"https:\/\/unkrautmarkt.com\/pt\/wp-json\/wp\/v2\/product"}],"about":[{"href":"https:\/\/unkrautmarkt.com\/pt\/wp-json\/wp\/v2\/types\/product"}],"replies":[{"embeddable":true,"href":"https:\/\/unkrautmarkt.com\/pt\/wp-json\/wp\/v2\/comments?post=7854"}],"wp:featuredmedia":[{"embeddable":true,"href":"https:\/\/unkrautmarkt.com\/pt\/wp-json\/wp\/v2\/media\/7859"}],"wp:attachment":[{"href":"https:\/\/unkrautmarkt.com\/pt\/wp-json\/wp\/v2\/media?parent=7854"}],"wp:term":[{"taxonomy":"product_cat","embeddable":true,"href":"https:\/\/unkrautmarkt.com\/pt\/wp-json\/wp\/v2\/product_cat?post=7854"},{"taxonomy":"product_tag","embeddable":true,"href":"https:\/\/unkrautmarkt.com\/pt\/wp-json\/wp\/v2\/product_tag?post=7854"}],"curies":[{"name":"wp","href":"https:\/\/api.w.org\/{rel}","templated":true}]}}