{"id":7848,"date":"2021-10-28T13:03:14","date_gmt":"2021-10-28T13:03:14","guid":{"rendered":"https:\/\/unkrautmarkt.com\/?post_type=product&#038;p=7848"},"modified":"2026-03-16T05:05:41","modified_gmt":"2026-03-16T05:05:41","slug":"strawberry-haze","status":"publish","type":"product","link":"https:\/\/unkrautmarkt.com\/pt\/product\/strawberry-haze\/","title":{"rendered":"Strawberry Haze"},"content":{"rendered":"<h2 style=\"text-align: justify;\">Strawberry Haze online<\/h2>\n<p style=\"text-align: justify;\"><a href=\"https:\/\/en.wikipedia.org\/wiki\/Cannabis_strain\" rel=\"nofollow noopener\" target=\"_blank\">Strawberry Haze<\/a> Os bot\u00f5es da Strawberry Haze t\u00eam aroma de morango e um sabor adocicado que se intensifica ainda mais quando as ra\u00edzes crescem livremente no solo. Caracteriza-se por uma planta alta com ramos longos. \u00c9 uma planta f\u00e1cil de cultivar e manter, pois prospera em condi\u00e7\u00f5es de alta umidade. O per\u00edodo de flora\u00e7\u00e3o \u00e9 de aproximadamente 10 semanas, com um teor de THC de at\u00e9 20% e um teor de CBD de 1,2%.<\/p>\n<p style=\"text-align: justify;\"><a href=\"https:\/\/unkrautmarkt.com\/pt\/product\/strawberry-haze\/\">Unkrautmarkt.com<\/a> Somos reconhecidos como uma das melhores farm\u00e1cias online de cannabis. Isso se deve \u00e0 qualidade dos nossos produtos, ao nosso compromisso com a satisfa\u00e7\u00e3o do cliente e \u00e0 nossa dedica\u00e7\u00e3o em garantir a sua total satisfa\u00e7\u00e3o. A Strawberry Haze, tamb\u00e9m conhecida como \"Arjan's Strawberry Haze\", foi desenvolvida por Arjan e lan\u00e7ada ao p\u00fablico em 2006. Em 2005, a Strawberry Haze ganhou o primeiro pr\u00eamio no Green House Very Important Smokers Panel. Agora voc\u00ea pode comprar Strawberry Haze online conosco a pre\u00e7os competitivos, com entrega discreta garantida em todo o mundo.<\/p>\n<h3 style=\"text-align: justify;\">Strawberry Haze Efeitos<\/h3>\n<p style=\"text-align: justify;\">Fizemos uma amostra de algumas pessoas que compram Strawberry Haze a toda a hora e foi isto que descobrimos.<\/p>\n<p style=\"text-align: justify;\"><em><strong>113 pessoas falaram-nos dos efeitos:<\/strong><\/em><\/p>\n<p style=\"text-align: justify;\">\u2022 <a href=\"https:\/\/unkrautmarkt.com\/pt\/\">Gef\u00fchle<\/a><br \/>\n- Negativo<br \/>\n- Ajuda com<\/p>\n<p style=\"text-align: justify;\">Energ\u00e9tico: 53% das pessoas relatam sentir-se en\u00e9rgicas<br \/>\nFeliz: 53% das pessoas dizem que se sentem felizes<br \/>\n53% das pessoas relatam sentir-se elevadas<br \/>\nBoca seca: 26% das pessoas dizem ter uma boca seca<br \/>\nOlhos secos: 21% das pessoas reportam olhos secos<br \/>\nParan\u00f3ico: 11% das pessoas relatam sentir-se paran\u00f3icas<br \/>\nDepress\u00e3o: 31% das pessoas dizem que ajuda com a depress\u00e3o<br \/>\nStress: 28% das pessoas dizem que ajuda com o stress<br \/>\nAnsiedade: 22% das pessoas dizem que ajuda com a ansiedade<\/p>","protected":false},"excerpt":{"rendered":"<p>For Wholesale please contact us at<br \/>\nWickr ID: @williamspro<br \/>\nor via Whatsapp<br \/>\n<img decoding=\"async\" class=\"size-full wp-image-10162 alignleft\" src=\"https:\/\/ograsmarknad.com\/wp-content\/uploads\/2021\/11\/trust.jpg\" alt=\"Trust German\" width=\"300\" height=\"129\" \/><\/p>","protected":false},"featured_media":7853,"comment_status":"open","ping_status":"closed","template":"","meta":{"_joinchat":[]},"product_cat":[307],"product_tag":[],"_links":{"self":[{"href":"https:\/\/unkrautmarkt.com\/pt\/wp-json\/wp\/v2\/product\/7848"}],"collection":[{"href":"https:\/\/unkrautmarkt.com\/pt\/wp-json\/wp\/v2\/product"}],"about":[{"href":"https:\/\/unkrautmarkt.com\/pt\/wp-json\/wp\/v2\/types\/product"}],"replies":[{"embeddable":true,"href":"https:\/\/unkrautmarkt.com\/pt\/wp-json\/wp\/v2\/comments?post=7848"}],"wp:featuredmedia":[{"embeddable":true,"href":"https:\/\/unkrautmarkt.com\/pt\/wp-json\/wp\/v2\/media\/7853"}],"wp:attachment":[{"href":"https:\/\/unkrautmarkt.com\/pt\/wp-json\/wp\/v2\/media?parent=7848"}],"wp:term":[{"taxonomy":"product_cat","embeddable":true,"href":"https:\/\/unkrautmarkt.com\/pt\/wp-json\/wp\/v2\/product_cat?post=7848"},{"taxonomy":"product_tag","embeddable":true,"href":"https:\/\/unkrautmarkt.com\/pt\/wp-json\/wp\/v2\/product_tag?post=7848"}],"curies":[{"name":"wp","href":"https:\/\/api.w.org\/{rel}","templated":true}]}}