{"id":7842,"date":"2021-10-28T12:47:53","date_gmt":"2021-10-28T12:47:53","guid":{"rendered":"https:\/\/unkrautmarkt.com\/?post_type=product&#038;p=7842"},"modified":"2026-03-16T05:07:22","modified_gmt":"2026-03-16T05:07:22","slug":"sour-diesel","status":"publish","type":"product","link":"https:\/\/unkrautmarkt.com\/pt\/product\/sour-diesel\/","title":{"rendered":"Sour Diesel"},"content":{"rendered":"<h2 style=\"text-align: justify;\">Comprar Sour Diesel online<\/h2>\n<p style=\"text-align: justify;\">Tamb\u00e9m conhecido como Sour D, <a href=\"https:\/\/unkrautmarkt.com\/pt\/product\/sour-diesel\/\">Sour Diesel<\/a> Uma variedade sativa que exala um aroma c\u00edtrico, \u00e1cido e pungente, com um sabor picante e terroso. Suas folhas s\u00e3o verde-escuras, com c\u00e1lices cobertos de tricomas brancos e pelos finos quando prontas para a colheita. Sour Diesel \u00e0 venda, compre maconha barata online, erva \u00e0 venda online.<\/p>\n<p style=\"text-align: justify;\">A linhagem da Sour Diesel foi perdida, mas acredita-se que tenha sido um cruzamento entre o h\u00edbrido Chemdawg, a indica Northern Lights e um fen\u00f3tipo h\u00edbrido Skunk.<\/p>\n<p style=\"text-align: justify;\">Sabe-se que os n\u00edveis de THC chegam aos 25%, mas a m\u00e9dia ronda os 17%. Esta variedade sativa produz uma atividade cerebral rica, com a maioria dos avaliadores a relatar um aumento da criatividade e da energia. \u00c9 conhecida por ajudar a combater a fadiga e aliviar a ansiedade, sendo uma \u00f3tima variedade para despertar. Compre can\u00e1bis barata online na Alemanha, \u00c1ustria e Su\u00ed\u00e7a.<\/p>\n<p style=\"text-align: justify;\">Espere sentir boca e olhos secos ao consumir Sour Diesel. A paranoia tamb\u00e9m \u00e9 um efeito colateral comum devido \u00e0 atividade cerebral que induz, a qual pode ser avassaladora para alguns. Embora a Sour Diesel estimule a mente e aguce os sentidos, tamb\u00e9m pode causar distra\u00e7\u00e3o, dificultando a manuten\u00e7\u00e3o de uma conversa ou a concentra\u00e7\u00e3o em uma \u00fanica tarefa. <a href=\"https:\/\/en.wikipedia.org\/wiki\/Sour_Diesel\" rel=\"nofollow noopener\" target=\"_blank\">Sour Diesel \u00e0 venda<\/a><\/p>\n<p style=\"text-align: justify;\"><strong>Esta variedade potente \u00e9 ideal para utilizadores \u00e1vidos de can\u00e1bis, n\u00e3o para principiantes.<\/strong><\/p>\n<h3 style=\"text-align: justify;\">Comprar Sour Diesel online na Alemanha, \u00c1ustria e Su\u00ed\u00e7a<\/h3>\n<h4 style=\"text-align: justify;\">Experi\u00eancia<\/h4>\n<p style=\"text-align: justify;\">Das Gute, <a href=\"https:\/\/unkrautmarkt.com\/pt\/\">Encomende Sour Diesel online<\/a><\/p>\n<ul style=\"text-align: justify;\">\n<li>\u00c9nergique<\/li>\n<li>Tw\u00f3rczy<\/li>\n<li>Szcz\u0119\u015bliwy<\/li>\n<\/ul>\n<h4 style=\"text-align: justify;\">O mal<\/h4>\n<ul style=\"text-align: justify;\">\n<li>Yeux secs<\/li>\n<li>Sucho\u015b\u0107 w ustach<\/li>\n<\/ul>\n<h4 style=\"text-align: justify;\">Combina bem com a venda de can\u00e1bis online<\/h4>\n<ul style=\"text-align: justify;\">\n<li>Kunst en sculpturen<\/li>\n<li>czytanie<\/li>\n<li>Studie<\/li>\n<\/ul>\n<h4 style=\"text-align: justify;\">Sabor e cheiro<\/h4>\n<ul>\n<li style=\"text-align: justify;\">Fruchtig<\/li>\n<li style=\"text-align: justify;\">Kwa\u015bny<\/li>\n<li style=\"text-align: justify;\">Zoet<\/li>\n<\/ul>","protected":false},"excerpt":{"rendered":"<p>For Wholesale please contact us at<br \/>\nWickr ID: @williamspro<br \/>\nor via Whatsapp<br \/>\n<img decoding=\"async\" class=\"size-full wp-image-10162 alignleft\" src=\"https:\/\/ograsmarknad.com\/wp-content\/uploads\/2021\/11\/trust.jpg\" alt=\"Trust German\" width=\"300\" height=\"129\" \/><\/p>","protected":false},"featured_media":7847,"comment_status":"open","ping_status":"closed","template":"","meta":{"_joinchat":[]},"product_cat":[307],"product_tag":[],"_links":{"self":[{"href":"https:\/\/unkrautmarkt.com\/pt\/wp-json\/wp\/v2\/product\/7842"}],"collection":[{"href":"https:\/\/unkrautmarkt.com\/pt\/wp-json\/wp\/v2\/product"}],"about":[{"href":"https:\/\/unkrautmarkt.com\/pt\/wp-json\/wp\/v2\/types\/product"}],"replies":[{"embeddable":true,"href":"https:\/\/unkrautmarkt.com\/pt\/wp-json\/wp\/v2\/comments?post=7842"}],"wp:featuredmedia":[{"embeddable":true,"href":"https:\/\/unkrautmarkt.com\/pt\/wp-json\/wp\/v2\/media\/7847"}],"wp:attachment":[{"href":"https:\/\/unkrautmarkt.com\/pt\/wp-json\/wp\/v2\/media?parent=7842"}],"wp:term":[{"taxonomy":"product_cat","embeddable":true,"href":"https:\/\/unkrautmarkt.com\/pt\/wp-json\/wp\/v2\/product_cat?post=7842"},{"taxonomy":"product_tag","embeddable":true,"href":"https:\/\/unkrautmarkt.com\/pt\/wp-json\/wp\/v2\/product_tag?post=7842"}],"curies":[{"name":"wp","href":"https:\/\/api.w.org\/{rel}","templated":true}]}}