{"id":7836,"date":"2021-10-28T12:20:23","date_gmt":"2021-10-28T12:20:23","guid":{"rendered":"https:\/\/unkrautmarkt.com\/?post_type=product&#038;p=7836"},"modified":"2026-03-16T05:10:06","modified_gmt":"2026-03-16T05:10:06","slug":"pineapple-express","status":"publish","type":"product","link":"https:\/\/unkrautmarkt.com\/pt\/product\/pineapple-express\/","title":{"rendered":"Pineapple Express"},"content":{"rendered":"<h2 style=\"text-align: justify;\">Pineapple Express online kaufen von der besten Online-Apotheke<\/h2>\n<p style=\"text-align: justify;\">Ananas Express na sprzeda\u017c w Portugalii, Niemczech, Szwajcarii Austand mo\u017cna kupi\u0107 na Unkrautmarkt.com w przyst\u0119pnych cenach w chwili obecnej. Nasz ca\u0142y zesp\u00f3\u0142 sprzedawc\u00f3w i dostawc\u00f3w jest dost\u0119pny 24\/7, aby pom\u00f3c Ci kupi\u0107 Ananas Express online. Jeste\u015bmy do\u015bwiadczon\u0105 aptek\u0105 internetow\u0105, kt\u00f3ra rozumie swoich klient\u00f3w. Tutaj mo\u017cesz kupi\u0107 najlepsze produkty. Zam\u00f3w teraz Pineapple Express Niemcy, Austria i Szwajcaria!<\/p>\n<h3 style=\"text-align: justify;\">Quais s\u00e3o as caracter\u00edsticas do Pineapple Express?<\/h3>\n<p style=\"text-align: justify;\"><a href=\"https:\/\/unkrautmarkt.com\/pt\/product\/pineapple-express\/\"><strong>Pineapple Express<\/strong><\/a> A Pineapple Express \u00e9 uma variedade tropical criada a partir do cruzamento entre Trainwreck e Hawaiian. Ela produz uma fuma\u00e7a suave e adocicada, suficiente para proporcionar uma sensa\u00e7\u00e3o de euforia. Essa potente variedade tornou-se muito popular nos mercados online dos EUA, Reino Unido, Canad\u00e1, Alemanha e Austr\u00e1lia. O teor de THC dessa cepa geralmente ultrapassa os 24%. Seu aroma lembra uma barraca de frutas. Os buds da Pineapple Express s\u00e3o de cor verde-oliva e formato arredondado. O sabor \u00e9 como o de uma fatia fresca de abacaxi. Com essa cepa, voc\u00ea pode concluir suas tarefas rapidamente. Ela pode ser cultivada tanto em ambientes internos quanto externos. A flora\u00e7\u00e3o leva aproximadamente de 7 a 8 semanas.<\/p>\n<ul>\n<li style=\"text-align: justify;\">O sabor \u00e9 super forte.<\/li>\n<li style=\"text-align: justify;\">O seu zumbido \u00e9 poderoso.<\/li>\n<li style=\"text-align: justify;\">D\u00e1-lhe a sensa\u00e7\u00e3o de flutuar atrav\u00e9s do ar.<\/li>\n<li style=\"text-align: justify;\">Produz um ligeiro entorpecimento e uma alta intoxicante e feliz.<\/li>\n<li style=\"text-align: justify;\">Torna os utilizadores criativos e faladores.<\/li>\n<li style=\"text-align: justify;\">Ajuda a concentrar e a ser produtivo.<\/li>\n<li style=\"text-align: justify;\">\u00c9 \u00fatil para pessoas que sofrem de ansiedade, fadiga, depress\u00e3o, stress cr\u00f3nico e inquietude geral. <a href=\"https:\/\/unkrautmarkt.com\/pt\/\"><strong>Unkrautmarkt<\/strong><\/a><\/li>\n<li style=\"text-align: justify;\">Tem tamb\u00e9m algumas propriedades calmantes menores.<\/li>\n<\/ul>\n<h3 style=\"text-align: justify;\">Wie bestelle ich Pineapple Express online?<\/h3>\n<p style=\"text-align: justify;\">Quando voc\u00ea <a href=\"https:\/\/en.wikipedia.org\/wiki\/Pineapple_Express\" rel=\"nofollow noopener\" target=\"_blank\">Pineapple Express in Deutschland<\/a>Se voc\u00ea deseja fazer um pedido online da \u00c1ustria ou da Su\u00ed\u00e7a, escolha Unkrautmarkt.com. Embalaremos seu pedido com seguran\u00e7a e o enviaremos para o endere\u00e7o especificado. N\u00e3o haver\u00e1 atrasos da nossa parte. Conecte-se agora!<\/p>","protected":false},"excerpt":{"rendered":"<p>For Wholesale please contact us at<br \/>\nWickr ID: @williamspro<br \/>\nor via Whatsapp<br \/>\n<img decoding=\"async\" class=\"size-full wp-image-10162 alignleft\" src=\"https:\/\/ograsmarknad.com\/wp-content\/uploads\/2021\/11\/trust.jpg\" alt=\"Trust German\" width=\"300\" height=\"129\" \/><\/p>","protected":false},"featured_media":7841,"comment_status":"open","ping_status":"closed","template":"","meta":{"_joinchat":[]},"product_cat":[307],"product_tag":[],"_links":{"self":[{"href":"https:\/\/unkrautmarkt.com\/pt\/wp-json\/wp\/v2\/product\/7836"}],"collection":[{"href":"https:\/\/unkrautmarkt.com\/pt\/wp-json\/wp\/v2\/product"}],"about":[{"href":"https:\/\/unkrautmarkt.com\/pt\/wp-json\/wp\/v2\/types\/product"}],"replies":[{"embeddable":true,"href":"https:\/\/unkrautmarkt.com\/pt\/wp-json\/wp\/v2\/comments?post=7836"}],"wp:featuredmedia":[{"embeddable":true,"href":"https:\/\/unkrautmarkt.com\/pt\/wp-json\/wp\/v2\/media\/7841"}],"wp:attachment":[{"href":"https:\/\/unkrautmarkt.com\/pt\/wp-json\/wp\/v2\/media?parent=7836"}],"wp:term":[{"taxonomy":"product_cat","embeddable":true,"href":"https:\/\/unkrautmarkt.com\/pt\/wp-json\/wp\/v2\/product_cat?post=7836"},{"taxonomy":"product_tag","embeddable":true,"href":"https:\/\/unkrautmarkt.com\/pt\/wp-json\/wp\/v2\/product_tag?post=7836"}],"curies":[{"name":"wp","href":"https:\/\/api.w.org\/{rel}","templated":true}]}}