{"id":7830,"date":"2021-10-28T12:15:41","date_gmt":"2021-10-28T12:15:41","guid":{"rendered":"https:\/\/unkrautmarkt.com\/?post_type=product&#038;p=7830"},"modified":"2026-03-16T05:10:47","modified_gmt":"2026-03-16T05:10:47","slug":"orange-kush","status":"publish","type":"product","link":"https:\/\/unkrautmarkt.com\/pt\/product\/orange-kush\/","title":{"rendered":"Orange Kush"},"content":{"rendered":"<h2 style=\"text-align: justify;\">Comprar Orange Kush online<\/h2>\n<p style=\"text-align: justify;\"><a href=\"https:\/\/unkrautmarkt.com\/pt\/product\/orange-kush\/\">Orange Kush<\/a> wurde von Green Devil Genetics gez\u00fcchtet und ist das Kind von Orange Bud und OG Kush. Es bringt den K\u00f6rper in Entspannung und hebt die Stimmung mit einem s\u00fc\u00dfen und w\u00fcrzigen Zitrusgeschmack. Diese Sorte ist resistent gegen die meisten Sch\u00e4dlinge und Schimmelpilze und hat lange, dichte Knospen mit vielen orangefarbenen Haaren und Trichomkristallen. Kaufen Sie Orange Kush Online in Deutschland, \u00d6sterreich und der Schweiz.<\/p>\n<p style=\"text-align: justify;\">Criada pela Green Devil Genetics, a Orange Kush \u00e9 o resultado da fus\u00e3o entre a Orange Bud e a OG Kush. Induz o relaxamento e eleva o humor com um sabor c\u00edtrico doce e picante. Esta variedade \u00e9 resistente \u00e0 maioria das pragas e bolores e apresenta rebentos longos e densos, com abundantes pelos alaranjados e cristais de tricomas. Compre Orange Kush online na Alemanha, \u00c1ustria e Su\u00ed\u00e7a.<\/p>\n<p style=\"text-align: justify;\">Esta variedade h\u00edbrida de can\u00e1bis com predomin\u00e2ncia sativa foi desenvolvida para ser resistente e robusta. As plantas Organic Kush prov\u00eam de matrizes OG Kush e SAGE e, como muitas sativas, t\u00eam um per\u00edodo de flora\u00e7\u00e3o ligeiramente mais longo, de 10 a 11 semanas. Estas plantas t\u00eam muitos ramos com folhas verde-escuras, mas os seus rebentos s\u00e3o verde-vivo e cheiram a pinheiro rec\u00e9m-cortado. A Organic Kush \u00e9 uma \u00f3tima op\u00e7\u00e3o para um est\u00edmulo cerebral e pode fazer fluir a sua criatividade.<\/p>\n<p style=\"text-align: justify;\"><strong>Nome da variedade: Orange Kush<\/strong><\/p>\n<p style=\"text-align: justify;\">Note: B+<\/p>\n<p style=\"text-align: justify;\">Typ: <a href=\"https:\/\/unkrautmarkt.com\/pt\/\">Indica<\/a><\/p>\n<p style=\"text-align: justify;\"><strong>Visual<\/strong><br \/>\nVerde-claro com cerdas alaranjadas brilhantes e espessas. Muitos cristais brilham \u00e0 luz. 10\/10<\/p>\n<p style=\"text-align: justify;\"><strong>Odor<\/strong><br \/>\nUm ligeiro aroma a ervas terrosas, mas, de resto, n\u00e3o tem cheiro. Muito subtil. 7\/10<\/p>\n<p style=\"text-align: justify;\"><strong>Gosto:<\/strong><br \/>\nSemelhante ao cheiro, n\u00e3o tem sabor. \u00c9 um sabor muito suave, ligeiramente terroso e herb\u00e1ceo. Coloque em sacos vulc\u00e2nicos grossos. 7\/10<\/p>\n<p style=\"text-align: justify;\"><strong>Impacto<\/strong><br \/>\n<a href=\"https:\/\/en.wikipedia.org\/wiki\/Kush_(cannabis)\" rel=\"nofollow noopener\" target=\"_blank\">Uso noturno<\/a>Nem terminei um pacote de Volcano ainda e meu est\u00f4mago est\u00e1 roncando como um le\u00e3o, e eu acabei de comer\u2026 Parece ser uma daquelas cepas que provoca uma fome extrema. Efeitos indica fortes com racioc\u00ednio relativamente claro. Boa para dor e para aquela sensa\u00e7\u00e3o estranha no olhar. 9\/10<\/p>\n<p style=\"text-align: justify;\">Potenz: 8\/10<\/p>\n<p style=\"text-align: justify;\"><strong>Bom para<\/strong><br \/>\nAumento do apetite, n\u00e1useas, al\u00edvio ligeiro da dor, relaxamento, stress, asma. Encomende a variedade Orange Kush na Alemanha, \u00c1ustria e Su\u00ed\u00e7a.<\/p>","protected":false},"excerpt":{"rendered":"<p>For Wholesale please contact us at<br \/>\nWickr ID: @williamspro<br \/>\nor via Whatsapp<br \/>\n<img decoding=\"async\" class=\"size-full wp-image-10162 alignleft\" src=\"https:\/\/ograsmarknad.com\/wp-content\/uploads\/2021\/11\/trust.jpg\" alt=\"Trust German\" width=\"300\" height=\"129\" \/><\/p>","protected":false},"featured_media":7835,"comment_status":"open","ping_status":"closed","template":"","meta":{"_joinchat":[]},"product_cat":[307],"product_tag":[],"_links":{"self":[{"href":"https:\/\/unkrautmarkt.com\/pt\/wp-json\/wp\/v2\/product\/7830"}],"collection":[{"href":"https:\/\/unkrautmarkt.com\/pt\/wp-json\/wp\/v2\/product"}],"about":[{"href":"https:\/\/unkrautmarkt.com\/pt\/wp-json\/wp\/v2\/types\/product"}],"replies":[{"embeddable":true,"href":"https:\/\/unkrautmarkt.com\/pt\/wp-json\/wp\/v2\/comments?post=7830"}],"wp:featuredmedia":[{"embeddable":true,"href":"https:\/\/unkrautmarkt.com\/pt\/wp-json\/wp\/v2\/media\/7835"}],"wp:attachment":[{"href":"https:\/\/unkrautmarkt.com\/pt\/wp-json\/wp\/v2\/media?parent=7830"}],"wp:term":[{"taxonomy":"product_cat","embeddable":true,"href":"https:\/\/unkrautmarkt.com\/pt\/wp-json\/wp\/v2\/product_cat?post=7830"},{"taxonomy":"product_tag","embeddable":true,"href":"https:\/\/unkrautmarkt.com\/pt\/wp-json\/wp\/v2\/product_tag?post=7830"}],"curies":[{"name":"wp","href":"https:\/\/api.w.org\/{rel}","templated":true}]}}