{"id":7818,"date":"2021-10-28T10:51:46","date_gmt":"2021-10-28T10:51:46","guid":{"rendered":"https:\/\/unkrautmarkt.com\/?post_type=product&#038;p=7818"},"modified":"2026-03-13T09:19:47","modified_gmt":"2026-03-13T09:19:47","slug":"hawaiian-snow","status":"publish","type":"product","link":"https:\/\/unkrautmarkt.com\/pt\/product\/hawaiian-snow\/","title":{"rendered":"Neve havaiana"},"content":{"rendered":"<h2 style=\"text-align: justify;\">Hawaiian Snow online<\/h2>\n<p style=\"text-align: justify;\"><a href=\"https:\/\/unkrautmarkt.com\/pt\/\">Neve havaiana<\/a> \u00e9 uma estirpe de pura sativa que ganhou o primeiro lugar em muitas competi\u00e7\u00f5es e \u00e9 conhecida por ter um teor de THC de at\u00e9 24%. Esta estirpe \u00e9 uma Haze devido ao seu efeito cerebral forte, nebuloso e atordoado.<\/p>\n<p style=\"text-align: justify;\">O humor elevado da neve havaiana \u00e9 frequentemente acompanhado de energia e criatividade. Estas ondas de euforia come\u00e7am na mente e irradiam para acalmar e acalmar o corpo. Alguns utilizadores experimentam fortes apetite e outros acham os efeitos cerebrais intensos e intoxicantes. Esta estirpe tem aromas de pinheiro e florais. Os efeitos negativos podem incluir cotonetes, olhos secos, tonturas, paran\u00f3ia ou ansiedade. Encomende Hawaiian Snow em Portugal, It\u00e1lia, Alemanha, \u00c1ustria e Su\u00ed\u00e7a.<\/p>\n<p style=\"text-align: justify;\"><a href=\"https:\/\/en.wikipedia.org\/wiki\/Cannabis_strain\" rel=\"nofollow noopener\" target=\"_blank\">Neve havaiana<\/a> \u00e9 ideal para uso diurno e \u00e9 mais frequentemente recomendada a pessoas com stress, ansiedade e depress\u00e3o. No entanto, os efeitos f\u00edsicos s\u00e3o tamb\u00e9m \u00fateis para aliviar dores cr\u00f3nicas, tais como dores articulares. A tens\u00e3o tamb\u00e9m pode reduzir a inflama\u00e7\u00e3o. Os pacientes utilizam-no por vezes para aliviar as n\u00e1useas e combater os dist\u00farbios alimentares. Em menor grau, \u00e9 utilizado para enxaquecas, glaucoma, dores de cabe\u00e7a e ins\u00f3nia.<\/p>\n<p style=\"text-align: justify;\">A neve havaiana \u00e9 completamente descendente de Hazes, especialmente da Haze pura, da Haze havaiana e da Haze de Neville. A linhagem foi criada pela Green House Seeds e pode ser cultivada tanto dentro como fora de casa. No interior, estas plantas florescem durante at\u00e9 onze semanas e podem produzir at\u00e9 700 gramas por metro quadrado. Ao ar livre, no hemisf\u00e9rio sul, est\u00e3o normalmente prontos em Junho. No hemisf\u00e9rio norte, est\u00e3o maduros entre Outubro e Novembro e podem render at\u00e9 1200 gramas por planta. <a href=\"https:\/\/unkrautmarkt.com\/pt\/\">Unkrautmarkt<\/a><\/p>","protected":false},"excerpt":{"rendered":"<p>For Wholesale please contact us at<br \/>\nWickr ID: @williamspro<br \/>\nor via Whatsapp<br \/>\n<img decoding=\"async\" class=\"size-full wp-image-10162 alignleft\" src=\"https:\/\/ograsmarknad.com\/wp-content\/uploads\/2021\/11\/trust.jpg\" alt=\"Trust German\" width=\"300\" height=\"129\" \/><\/p>","protected":false},"featured_media":7823,"comment_status":"open","ping_status":"closed","template":"","meta":{"_joinchat":[]},"product_cat":[307],"product_tag":[],"_links":{"self":[{"href":"https:\/\/unkrautmarkt.com\/pt\/wp-json\/wp\/v2\/product\/7818"}],"collection":[{"href":"https:\/\/unkrautmarkt.com\/pt\/wp-json\/wp\/v2\/product"}],"about":[{"href":"https:\/\/unkrautmarkt.com\/pt\/wp-json\/wp\/v2\/types\/product"}],"replies":[{"embeddable":true,"href":"https:\/\/unkrautmarkt.com\/pt\/wp-json\/wp\/v2\/comments?post=7818"}],"wp:featuredmedia":[{"embeddable":true,"href":"https:\/\/unkrautmarkt.com\/pt\/wp-json\/wp\/v2\/media\/7823"}],"wp:attachment":[{"href":"https:\/\/unkrautmarkt.com\/pt\/wp-json\/wp\/v2\/media?parent=7818"}],"wp:term":[{"taxonomy":"product_cat","embeddable":true,"href":"https:\/\/unkrautmarkt.com\/pt\/wp-json\/wp\/v2\/product_cat?post=7818"},{"taxonomy":"product_tag","embeddable":true,"href":"https:\/\/unkrautmarkt.com\/pt\/wp-json\/wp\/v2\/product_tag?post=7818"}],"curies":[{"name":"wp","href":"https:\/\/api.w.org\/{rel}","templated":true}]}}