{"id":7812,"date":"2021-10-28T10:34:02","date_gmt":"2021-10-28T10:34:02","guid":{"rendered":"https:\/\/unkrautmarkt.com\/?post_type=product&#038;p=7812"},"modified":"2026-03-12T06:24:02","modified_gmt":"2026-03-12T06:24:02","slug":"ghost-train-haze","status":"publish","type":"product","link":"https:\/\/unkrautmarkt.com\/pt\/product\/ghost-train-haze\/","title":{"rendered":"Ghost Train Haze"},"content":{"rendered":"<h2 style=\"text-align: justify;\">Comprar Ghost Train Haze online<\/h2>\n<p style=\"text-align: justify;\"><a href=\"https:\/\/unkrautmarkt.com\/pt\/product\/ghost-train-haze\/\"><strong>Compre Ghost Train Haze na Alemanha<\/strong><\/a>Rakousko, \u0160v\u00fdcarsko, je legend\u00e1rn\u00ed hybridn\u00ed odr\u016fda konop\u00ed s p\u0159evahou sativy, kterou vy\u0161lechtila odr\u016fda Rare Dankness. Ghost Train Haze je k\u0159\u00ed\u017eencem odr\u016fd Neville's Wreck a Ghost OG. Sv\u011btle zelen\u00e9 palice Ghost Train Haze Nuggets jsou siln\u00e9 a hust\u00e9, bohat\u00e9 na trichomy a pokryt\u00e9 sv\u011btle oran\u017eov\u00fdmi chloupky. Toto se otev\u0159e v nov\u00e9m okn\u011b. Mistrovsk\u00e9 genetick\u00e9 k\u0159\u00ed\u017een\u00ed rodi\u010dovsk\u00fdch odr\u016fd. <strong>Ghost OG (H\u00edbrido)<\/strong> E Nevil\u2019s Wreck (Sativa) \u00e9 a Ghost Train Haze, uma maravilha da maconha extremamente potente \u2013 not\u00f3ria por ser uma das mais fortes do mundo e ter um teor m\u00e9dio de THC de 28%.<\/p>\n<p style=\"text-align: justify;\"><strong>Compre Ghost Train Haze<\/strong>\u00c9 um h\u00edbrido com predomin\u00e2ncia sativa, f\u00e1cil de cultivar e que produz grandes quantidades de buds ricos em tricomas e a\u00e7\u00facar durante um per\u00edodo de flora\u00e7\u00e3o de 65 a 80 dias. A Ghost Train Haze tem um toque c\u00edtrico \u00e1cido, semelhante ao seu aroma. \u00c9 levemente picante no in\u00edcio, seguido por sabores terrosos e apimentados que remetem \u00e0 sua gen\u00e9tica Haze. A Ghost Train Haze \u00e9 um h\u00edbrido lend\u00e1rio de cannabis com predomin\u00e2ncia sativa, criado pela Rare Dankness. O aroma da Ghost Train Haze \u00e9 doce e resinoso, com notas c\u00edtricas, de lim\u00e3o e especiarias. Mesmo ao abrir um bud, libera-se um aroma forte e intenso que permeia o ambiente. Um cruzamento gen\u00e9tico magistral das cepas parentais Ghost OG (h\u00edbrida) e Nevil\u2019s Wreck (sativa), a Ghost Train Haze \u00e9 uma maravilha da cannabis extremamente potente \u2013 not\u00f3ria por ser uma das mais fortes do mundo e ostentar um teor m\u00e9dio de THC de 28%. A Sour Diesel \u00e9 classificada como uma variedade de maconha sativa, apresentando pouqu\u00edssimas caracter\u00edsticas indica em sua personalidade e exibindo uma propor\u00e7\u00e3o de 90% sativa para 10% indica. <a href=\"https:\/\/unkrautmarkt.com\/pt\/\"><strong>Unkrautmarkt<\/strong><\/a><\/p>\n<h3>Ghost Train Haze<\/h3>\n<p>Quer levar um susto? Esta variedade \u00e9 perfeita para o seu filme de terror favorito! A Ghost Train Haze (GTH), desenvolvida pela Rare Dankness, \u00e9 um h\u00edbrido com predomin\u00e2ncia sativa, resultado do cruzamento entre Neville\u2019s Wreck e Ghost OG. <strong><a href=\"https:\/\/en.wikipedia.org\/wiki\/Cannabis_strain\" rel=\"nofollow noopener\" target=\"_blank\">Ghost Train Haze est\u00e1 dispon\u00edvel<\/a>.<\/strong><\/p>\n<p><strong>Ghost Train Haze<\/strong> \u00c9 uma verdadeira lenda da cannabis: conquistou o primeiro lugar na categoria Sativa na High Times Cannabis Cup em 2014, ficou em segundo lugar na categoria \"Melhor Sativa Medicinal\" em 2013 e recebeu o pr\u00eamio de \"Cepa Mais Potente do Mundo\" da High Times diversas vezes. Com um teor m\u00e9dio de THC de 27%, n\u00e3o \u00e9 para os fracos de cora\u00e7\u00e3o!<br \/>\nO seu poderoso efeito \u2014 combinado com aromas doces e c\u00edtricos de lim\u00e3o e pinheiro fresco \u2014 tem a garantia de trazer um \u00f3timo humor, energia, risos e pura paix\u00e3o pela vida. Parece tentador? Ent\u00e3o, do que est\u00e1 \u00e0 espera?<\/p>","protected":false},"excerpt":{"rendered":"<p>For Wholesale please contact us at<br \/>\nWickr ID: @williamspro<br \/>\nor via Whatsapp<br \/>\n<img decoding=\"async\" class=\"size-full wp-image-10162 alignleft\" src=\"https:\/\/ograsmarknad.com\/wp-content\/uploads\/2021\/11\/trust.jpg\" alt=\"Trust German\" width=\"300\" height=\"129\" \/><\/p>","protected":false},"featured_media":7817,"comment_status":"open","ping_status":"closed","template":"","meta":{"_joinchat":[]},"product_cat":[307],"product_tag":[],"_links":{"self":[{"href":"https:\/\/unkrautmarkt.com\/pt\/wp-json\/wp\/v2\/product\/7812"}],"collection":[{"href":"https:\/\/unkrautmarkt.com\/pt\/wp-json\/wp\/v2\/product"}],"about":[{"href":"https:\/\/unkrautmarkt.com\/pt\/wp-json\/wp\/v2\/types\/product"}],"replies":[{"embeddable":true,"href":"https:\/\/unkrautmarkt.com\/pt\/wp-json\/wp\/v2\/comments?post=7812"}],"wp:featuredmedia":[{"embeddable":true,"href":"https:\/\/unkrautmarkt.com\/pt\/wp-json\/wp\/v2\/media\/7817"}],"wp:attachment":[{"href":"https:\/\/unkrautmarkt.com\/pt\/wp-json\/wp\/v2\/media?parent=7812"}],"wp:term":[{"taxonomy":"product_cat","embeddable":true,"href":"https:\/\/unkrautmarkt.com\/pt\/wp-json\/wp\/v2\/product_cat?post=7812"},{"taxonomy":"product_tag","embeddable":true,"href":"https:\/\/unkrautmarkt.com\/pt\/wp-json\/wp\/v2\/product_tag?post=7812"}],"curies":[{"name":"wp","href":"https:\/\/api.w.org\/{rel}","templated":true}]}}