{"id":7806,"date":"2021-10-28T10:27:45","date_gmt":"2021-10-28T10:27:45","guid":{"rendered":"https:\/\/unkrautmarkt.com\/?post_type=product&#038;p=7806"},"modified":"2026-03-12T06:24:30","modified_gmt":"2026-03-12T06:24:30","slug":"cinex","status":"publish","type":"product","link":"https:\/\/unkrautmarkt.com\/pt\/product\/cinex\/","title":{"rendered":"Cinex"},"content":{"rendered":"<h2 style=\"text-align: justify;\">Comprar Cinex online<\/h2>\n<p style=\"text-align: justify;\"><strong>Cinex<\/strong>, um h\u00edbrido das estirpes originais Cinderella 99 e Vortex, oferece inicialmente uma mistura de sabores que v\u00e3o desde o c\u00edtrico doce ao skunk terroso. Al\u00e9m disso, os efeitos s\u00e3o claros e estimulantes, perfeitos para estabelecer uma mentalidade positiva e estimular a energia criativa. Os consumidores valorizam a Cinex pela sua capacidade de suprimir a dor e a depress\u00e3o.<\/p>\n<h3 style=\"text-align: justify;\">Al\u00e9m disso, efeito(s)<\/h3>\n<p style=\"text-align: justify;\">Primeiro, Cerebral<br \/>\nTw\u00f3rczy<br \/>\n\u00c9nergique<br \/>\neuforia<br \/>\nGefocust<br \/>\nSzcz\u0119\u015bliwy<br \/>\nSchmerzlinderung<br \/>\nDescontra\u00eddo<br \/>\nSozial<br \/>\nGespr\u00e4chig<br \/>\n<a href=\"https:\/\/unkrautmarkt.com\/pt\/product\/cinex\/\">Por \u00faltimo, mas n\u00e3o menos importante, edificante<\/a><\/p>\n<h3>Sabores<\/h3>\n<p>Owoce cytrusowe<br \/>\nAards<br \/>\nMouffette<br \/>\nZoet<\/p>\n<h3 style=\"text-align: justify;\">Cannabis sativa<\/h3>\n<p style=\"text-align: justify;\">Em suma, as plantas de *Cannabis sativa* s\u00e3o o oposto das variedades Indica; crescem altas e esbeltas, com folhas estreitas. As plantas Sativa apresentam, geralmente, tamb\u00e9m um tom de verde mais claro do que a sua cong\u00e9nere, a variedade Indica. Al\u00e9m disso, as estirpes Sativa demoram mais tempo a crescer e a amadurecer, e requerem mais luz. Os medicamentos derivados de plantas de *Cannabis sativa* apresentam um teor de CBD mais baixo e um teor de THC mais elevado. <strong>Compre a variedade Cinex online<\/strong>, Su\u00ed\u00e7a, \u00c1ustria!<\/p>\n<p style=\"text-align: justify;\">Em suma, as plantas de *Cannabis sativa* s\u00e3o o oposto das variedades Indica; crescem altas e esbeltas, com folhas estreitas. As plantas Sativa apresentam, geralmente, tamb\u00e9m um tom de verde mais claro do que a sua cong\u00e9nere, a variedade Indica. Al\u00e9m disso, as estirpes Sativa demoram mais tempo a crescer e a amadurecer, e requerem mais luz. Os medicamentos derivados de plantas de *Cannabis sativa* apresentam um teor de CBD mais baixo e um teor de THC mais elevado. <a href=\"https:\/\/en.wikipedia.org\/wiki\/Cannabis_strain\" rel=\"nofollow noopener\" target=\"_blank\"><strong>Comprar Cinex<\/strong><\/a><\/p>\n<p style=\"text-align: justify;\">As qualidades mais importantes das variedades sativa medicinais incluem: Comprar Cinex na Alemanha, Su\u00ed\u00e7a, \u00c1ustria<\/p>\n<p style=\"text-align: justify;\">D'abord,<br \/>\nAnty-Angst<br \/>\nLek przeciwdepresyjny<br \/>\nBehandelt chronische pijn<br \/>\nAumenta a concentra\u00e7\u00e3o e a criatividade.<br \/>\nAumenta a serotonina (um neurotransmissor envolvido na regula\u00e7\u00e3o da aprendizagem, do humor, do sono, da ansiedade e do apetite).<br \/>\nFinalmente, para uso di\u00e1rio.<\/p>\n<h3 style=\"text-align: justify;\">Compre a variedade Cinex online<\/h3>\n<p style=\"text-align: justify;\"><a href=\"https:\/\/unkrautmarkt.com\/pt\/\"><strong>Plantas de can\u00e1bis Sativa<\/strong><\/a> Possuem folhas mais finas e ciclos de flora\u00e7\u00e3o mais longos do que as suas cong\u00e9neres Indica. S\u00e3o tamb\u00e9m mais altas: algumas Sativas podem crescer at\u00e9 25 p\u00e9s de altura, embora a maioria se mantenha abaixo dos 12 p\u00e9s. <strong>Compre a Cepa Cinex Online \u2013 Portugal, Su\u00ed\u00e7a, \u00c1ustria!<\/strong><\/p>","protected":false},"excerpt":{"rendered":"<p>For Wholesale please contact us at<br \/>\nWickr ID: @williamspro<br \/>\nor via Whatsapp<br \/>\n<img decoding=\"async\" class=\"size-full wp-image-10162 alignleft\" src=\"https:\/\/ograsmarknad.com\/wp-content\/uploads\/2021\/11\/trust.jpg\" alt=\"Trust German\" width=\"300\" height=\"129\" \/><\/p>","protected":false},"featured_media":7811,"comment_status":"open","ping_status":"closed","template":"","meta":{"_joinchat":[]},"product_cat":[307],"product_tag":[],"_links":{"self":[{"href":"https:\/\/unkrautmarkt.com\/pt\/wp-json\/wp\/v2\/product\/7806"}],"collection":[{"href":"https:\/\/unkrautmarkt.com\/pt\/wp-json\/wp\/v2\/product"}],"about":[{"href":"https:\/\/unkrautmarkt.com\/pt\/wp-json\/wp\/v2\/types\/product"}],"replies":[{"embeddable":true,"href":"https:\/\/unkrautmarkt.com\/pt\/wp-json\/wp\/v2\/comments?post=7806"}],"wp:featuredmedia":[{"embeddable":true,"href":"https:\/\/unkrautmarkt.com\/pt\/wp-json\/wp\/v2\/media\/7811"}],"wp:attachment":[{"href":"https:\/\/unkrautmarkt.com\/pt\/wp-json\/wp\/v2\/media?parent=7806"}],"wp:term":[{"taxonomy":"product_cat","embeddable":true,"href":"https:\/\/unkrautmarkt.com\/pt\/wp-json\/wp\/v2\/product_cat?post=7806"},{"taxonomy":"product_tag","embeddable":true,"href":"https:\/\/unkrautmarkt.com\/pt\/wp-json\/wp\/v2\/product_tag?post=7806"}],"curies":[{"name":"wp","href":"https:\/\/api.w.org\/{rel}","templated":true}]}}