{"id":7800,"date":"2021-10-28T09:11:17","date_gmt":"2021-10-28T09:11:17","guid":{"rendered":"https:\/\/unkrautmarkt.com\/?post_type=product&#038;p=7800"},"modified":"2026-03-12T06:24:51","modified_gmt":"2026-03-12T06:24:51","slug":"cherry-pie","status":"publish","type":"product","link":"https:\/\/unkrautmarkt.com\/pt\/product\/cherry-pie\/","title":{"rendered":"Cherry Pie"},"content":{"rendered":"<h2 style=\"text-align: justify;\">Cherry Pie Strain<\/h2>\n<p style=\"text-align: justify;\">Primeiro, \u00e9 <a href=\"https:\/\/unkrautmarkt.com\/pt\/product\/cherry-pie\/\"><strong>Compre Pie de Cerejeira Online<\/strong><\/a>Na \u00c1ustria e na Su\u00ed\u00e7a, esta \u00e9 uma variedade h\u00edbrida fortemente dominante em Indica (at\u00e9 80%) \u2014 um cruzamento entre a Durban Poison e a Granddaddy Purple. Com pais de tal estatuto de \"rock star\", seria de esperar que esta variedade fosse de uma qualidade irrepreens\u00edvel; e, se a adquirir da fonte certa, n\u00e3o ficar\u00e1 desapontado.<\/p>\n<p style=\"text-align: justify;\">Cherry Kush tem p\u00ealos cor-de-laranja fracos, um bot\u00e3o grosso e um cheiro dif\u00edcil de estragar. Tem um \u00f3ptimo aspecto, com um centro verde escuro rodeado de cabelos castanhos densos e coberto de cristais. Quando se quebra um bot\u00e3o, pode-se ver novos cristais que apenas brilham na luz. <a href=\"https:\/\/en.wikipedia.org\/wiki\/Cannabis_strain\" rel=\"nofollow noopener\" target=\"_blank\">Wikipedia<\/a><\/p>\n<h3 style=\"text-align: justify;\">Sorteninfo \u2013 Cherry Pie<\/h3>\n<p style=\"text-align: justify;\">Em segundo lugar. Comprar Cherry Pie Online um h\u00edbrido indica-dominante de Grand Daddy Purple e Durban Poison. Embora seja dif\u00edcil encontrar a vers\u00e3o aut\u00eantica desta estirpe m\u00e9dica espec\u00edfica de marijuana. N\u00e3o ser\u00e1 definitivamente dif\u00edcil de acreditar que esta \u00e9 a melhor estirpe. Na sua composi\u00e7\u00e3o estrutural, tem bot\u00f5es densos com p\u00ealos cor de laranja e mostra uma ligeira tonalidade p\u00farpura. Inspirou o nome desta variedade de marijuana medicinal Buy Cherry Pie na Alemanha, \u00c1ustria e Su\u00ed\u00e7a, o aroma \u00e9 o da torta de cereja. \u00c9 mais frequentemente utilizado por doentes que sofrem de sintomas \u00f3bvios de TEPT, ansiedade, dist\u00farbio bipolar, enxaquecas e outras s\u00edndromes orientadas para o stress.<\/p>\n<p style=\"text-align: justify;\">Embora a sua utiliza\u00e7\u00e3o por parte dos doentes possa causar secura nos olhos e na boca, ajuda definitivamente a intensificar a euforia, a relaxar tanto o corpo como a mente, a elevar o humor e a agu\u00e7ar o foco. Para os pacientes que procuram especificamente algo para aliviar a rigidez muscular e o desconforto associado, esta variedade pode, sem d\u00favida, revelar-se uma verdadeira salva\u00e7\u00e3o. Em suma, esta representa o tipo de excel\u00eancia entre as variedades de can\u00e1bis com benef\u00edcios medicinais \u2014 aquela que os doentes preferem acima de todas as outras; alivia os sintomas supracitados da forma mais relaxante poss\u00edvel e, embora os seus efeitos sedativos possam ocasionalmente causar uma ligeira irrita\u00e7\u00e3o, o seu valor terap\u00eautico permanece ineg\u00e1vel. <a href=\"https:\/\/unkrautmarkt.com\/pt\/p\/\"><strong>Cherry Pie<\/strong><\/a> Compre online na Alemanha, \u00c1ustria e Su\u00ed\u00e7a!<\/p>","protected":false},"excerpt":{"rendered":"<p>For Wholesale please contact us at<br \/>\nWickr ID: @williamspro<br \/>\nor via Whatsapp<br \/>\n<img decoding=\"async\" class=\"size-full wp-image-10162 alignleft\" src=\"https:\/\/ograsmarknad.com\/wp-content\/uploads\/2021\/11\/trust.jpg\" alt=\"Trust German\" width=\"300\" height=\"129\" \/><\/p>","protected":false},"featured_media":7805,"comment_status":"open","ping_status":"closed","template":"","meta":{"_joinchat":[]},"product_cat":[307],"product_tag":[],"_links":{"self":[{"href":"https:\/\/unkrautmarkt.com\/pt\/wp-json\/wp\/v2\/product\/7800"}],"collection":[{"href":"https:\/\/unkrautmarkt.com\/pt\/wp-json\/wp\/v2\/product"}],"about":[{"href":"https:\/\/unkrautmarkt.com\/pt\/wp-json\/wp\/v2\/types\/product"}],"replies":[{"embeddable":true,"href":"https:\/\/unkrautmarkt.com\/pt\/wp-json\/wp\/v2\/comments?post=7800"}],"wp:featuredmedia":[{"embeddable":true,"href":"https:\/\/unkrautmarkt.com\/pt\/wp-json\/wp\/v2\/media\/7805"}],"wp:attachment":[{"href":"https:\/\/unkrautmarkt.com\/pt\/wp-json\/wp\/v2\/media?parent=7800"}],"wp:term":[{"taxonomy":"product_cat","embeddable":true,"href":"https:\/\/unkrautmarkt.com\/pt\/wp-json\/wp\/v2\/product_cat?post=7800"},{"taxonomy":"product_tag","embeddable":true,"href":"https:\/\/unkrautmarkt.com\/pt\/wp-json\/wp\/v2\/product_tag?post=7800"}],"curies":[{"name":"wp","href":"https:\/\/api.w.org\/{rel}","templated":true}]}}