{"id":7794,"date":"2021-10-28T08:55:56","date_gmt":"2021-10-28T08:55:56","guid":{"rendered":"https:\/\/unkrautmarkt.com\/?post_type=product&#038;p=7794"},"modified":"2026-03-12T06:24:59","modified_gmt":"2026-03-12T06:24:59","slug":"blueberry-kush","status":"publish","type":"product","link":"https:\/\/unkrautmarkt.com\/pt\/product\/blueberry-kush\/","title":{"rendered":"Blueberry Kush"},"content":{"rendered":"<h2 style=\"text-align: justify;\">Blueberry Kush online<\/h2>\n<p style=\"text-align: justify;\"><a href=\"https:\/\/en.wikipedia.org\/wiki\/Cannabis_(drug)\" rel=\"nofollow noopener\" target=\"_blank\"><strong>Blueberry Kush:<\/strong><\/a> Esta mistura de origem ocidental de Blueberry curativa e o popular OG Kush proporciona efeitos profundamente calmantes, induzidos por indica\u00e7\u00f5es, que podem aliviar a ins\u00f3nia mais teimosa e aliviar at\u00e9 as dores mais severas. Com as sementes de can\u00e1bis Blueberry Kush da Growers Choice, pode aliviar a dor com uma alternativa totalmente natural aos opi\u00e1ceos farmac\u00eauticos e comprimidos para dormir que o t\u00eam impedido de dormir.<\/p>\n<h3 style=\"text-align: justify;\">Os pais do Blueberry<\/h3>\n<p style=\"text-align: justify;\">Afg \u2013 Indica Afeg\u00e3<\/p>\n<p style=\"text-align: justify;\">Tha \u2013 Tailand\u00eas-Sativa<\/p>\n<p style=\"text-align: justify;\">Pth \u2013 Lila Thai Sativa<\/p>\n<h3 style=\"text-align: justify;\">Quais os efeitos?<\/h3>\n<p style=\"text-align: justify;\">A Blueberry Kush vai fazer com que se sinta feliz, relaxado e um pouco euf\u00f3rico antes de adormecer. Gra\u00e7as aos efeitos curativos do CBD e \u00e0 mistura \u00fanica de outros canabinoides indica, a can\u00e1bis Blueberry Kush pode aliviar a depress\u00e3o e aliviar o stress e a tens\u00e3o. A euforia moderada desta variedade n\u00e3o deve desmotivar quem procura tratamento m\u00e9dico, pois o sono acompanha logo.<\/p>\n<h3 style=\"text-align: justify;\">Aplica\u00e7\u00f5es m\u00e9dicas<\/h3>\n<p style=\"text-align: justify;\">Os pacientes t\u00eam tido grande sucesso usando sementes de can\u00e1bis Blueberry Kush para tratar ansiedade e enxaquecas, n\u00e1useas, dist\u00farbios de humor e condi\u00e7\u00f5es como o ADHD. Os sintomas da quimioterapia podem ser agredidos por esta erva frutada, e alguns descobrem que os n\u00edveis moderados de CDB neutralizam convuls\u00f5es e convuls\u00f5es.<\/p>\n<h3 style=\"text-align: justify;\">Comprar Blueberry Kush em Portugal, Alemanha, \u00c1ustria, Su\u00ed\u00e7a<\/h3>\n<p style=\"text-align: justify;\">Depois de ter germinado as suas sementes de can\u00e1bis Blueberry Kush, dever\u00e1 ver plantas de tamanho m\u00e9dio. Requerem um pouco de know-how para o cultivo bem sucedido. Um per\u00edodo de flora\u00e7\u00e3o de seis a nove semanas deve resultar numa colheita moderada de bot\u00f5es resinosos - at\u00e9 400 gramas por metro quadrado quando cultivados dentro de casa.<\/p>\n<p style=\"text-align: justify;\">A temperaturas ideais, receber\u00e1 at\u00e9 600 gramas por planta ao ar livre. Dependendo das condi\u00e7\u00f5es, s\u00e3o poss\u00edveis rendimentos mais baixos, mas esta linhagem medicinal superior n\u00e3o \u00e9 geralmente cultivada para a sua enorme colheita; em vez disso, os doentes que crescem em casa procuram os efeitos potentes.<\/p>\n<p style=\"text-align: justify;\">Bei <strong><a href=\"https:\/\/unkrautmarkt.com\/pt\/product\/blueberry-kush\/\">Unkrautmarkt.com<\/a><\/strong> vendemos apenas os melhores produtos. As nossas sementes de can\u00e1bis Blueberry Kush s\u00e3o apenas mais um exemplo do nosso compromisso com a qualidade. Testadas em laborat\u00f3rio para gen\u00e9tica e seleccionadas \u00e0 m\u00e3o antes da entrega, as nossas sementes de can\u00e1bis Blueberry Kush s\u00e3o embaladas em frascos de vidro m\u00e9dico. Assegura que as suas sementes se mant\u00eam frescas e vi\u00e1veis durante o m\u00e1ximo de tempo poss\u00edvel.<\/p>\n<p style=\"text-align: justify;\">Garantimos 90% de germina\u00e7\u00e3o em todas as encomendas. Entre em contacto com a nossa equipa de suporte especializada caso tenha alguma d\u00favida sobre este produto premium. <a href=\"https:\/\/unkrautmarkt.com\/pt\/\"><strong>Bestellen Sie noch heute Blueberry Kush<\/strong><\/a> Hanfsamen.<\/p>\n<p style=\"text-align: justify;\">Se desejar adquirir estes produtos, por favor fa\u00e7a uma encomenda. A nossa equipa ir\u00e1 servi-lo \u00e0 sua porta. Por favor, visite tamb\u00e9m os nossos outros produtos.<\/p>","protected":false},"excerpt":{"rendered":"<p>For Wholesale please contact us at<br \/>\nWickr ID: @williamspro<br \/>\nor via Whatsapp<br \/>\n<img decoding=\"async\" class=\"size-full wp-image-10162 alignleft\" src=\"https:\/\/ograsmarknad.com\/wp-content\/uploads\/2021\/11\/trust.jpg\" alt=\"Trust German\" width=\"300\" height=\"129\" \/><\/p>","protected":false},"featured_media":7799,"comment_status":"open","ping_status":"closed","template":"","meta":{"_joinchat":[]},"product_cat":[307],"product_tag":[],"_links":{"self":[{"href":"https:\/\/unkrautmarkt.com\/pt\/wp-json\/wp\/v2\/product\/7794"}],"collection":[{"href":"https:\/\/unkrautmarkt.com\/pt\/wp-json\/wp\/v2\/product"}],"about":[{"href":"https:\/\/unkrautmarkt.com\/pt\/wp-json\/wp\/v2\/types\/product"}],"replies":[{"embeddable":true,"href":"https:\/\/unkrautmarkt.com\/pt\/wp-json\/wp\/v2\/comments?post=7794"}],"wp:featuredmedia":[{"embeddable":true,"href":"https:\/\/unkrautmarkt.com\/pt\/wp-json\/wp\/v2\/media\/7799"}],"wp:attachment":[{"href":"https:\/\/unkrautmarkt.com\/pt\/wp-json\/wp\/v2\/media?parent=7794"}],"wp:term":[{"taxonomy":"product_cat","embeddable":true,"href":"https:\/\/unkrautmarkt.com\/pt\/wp-json\/wp\/v2\/product_cat?post=7794"},{"taxonomy":"product_tag","embeddable":true,"href":"https:\/\/unkrautmarkt.com\/pt\/wp-json\/wp\/v2\/product_tag?post=7794"}],"curies":[{"name":"wp","href":"https:\/\/api.w.org\/{rel}","templated":true}]}}