{"id":5568,"date":"2018-11-05T22:21:36","date_gmt":"2018-11-05T22:21:36","guid":{"rendered":"https:\/\/unkrautmarkt.com\/?post_type=product&#038;p=5568"},"modified":"2026-03-12T06:25:17","modified_gmt":"2026-03-12T06:25:17","slug":"banana-kush","status":"publish","type":"product","link":"https:\/\/unkrautmarkt.com\/pt\/product\/banana-kush\/","title":{"rendered":"Banana Kush"},"content":{"rendered":"<h2 style=\"text-align: justify;\">Banana Kush Strain online<\/h2>\n<p style=\"text-align: justify;\">A variedade Banana Kush \u00e9 uma nova variedade que foi lan\u00e7ada h\u00e1 alguns meses atr\u00e1s. A variedade est\u00e1 a tornar-se cada vez mais popular e amada por muitos.<\/p>\n<p style=\"text-align: justify;\">A estirpe \u00e9 uma estirpe ligeiramente dominada por sativa (60% sativa\/40% indica). O nome diz-lhe porque<\/p>\n<p style=\"text-align: justify;\">o seu aroma e paladar frutado e semelhante a uma sobremesa s\u00e3o um verdadeiro deleite para os sentidos. O Banana Kush d\u00e1 um formigueiro \u00e0s suas papilas gustativas, \u00e0 medida que o leva para o relaxamento que merece. Ent\u00e3o compre Banana Kush Europe, Banana Kush Weed, THC conte\u00fado de Banana Kush... <a href=\"https:\/\/unkrautmarkt.com\/pt\/product\/banana-kush\/\"><strong>Banana Kush Strain online<\/strong><\/a><\/p>\n<h3 style=\"text-align: justify;\">Apar\u00eancia<\/h3>\n<p style=\"text-align: justify;\">Esta linhagem mant\u00e9m-se fiel \u00e0 sua heran\u00e7a e \u00e9 famosa pelo seu aroma frutado e semelhante a uma sobremesa. Embora o Banana Kush assuma uma estrutura densa. Isto \u00e9 representativo da sua linhagem parental, ao mesmo tempo que d\u00e1 um aroma pr\u00f3prio. Portanto, comprar Banana Weed online, comprar Banana Kush Alemanha, encomendar Banana Kush online \u00c1ustria, comprar Banana Strain Su\u00ed\u00e7a.<\/p>\n<h3 style=\"text-align: justify;\">Efeitos do Banana Kush<\/h3>\n<p style=\"text-align: justify;\">O seu sabor sedutor baseia-se em ma\u00e7\u00e3s e num toque de sabor frutado, doce e doce. Vai certamente dar-lhe uma alta forte que ir\u00e1 relaxar cada peda\u00e7o dos seus m\u00fasculos. Portanto, \u00e9 melhor consumir esta erva daninha<\/p>\n<p style=\"text-align: justify;\">em dias de pregui\u00e7a e depois de um dia atarefado. Pode at\u00e9 p\u00f4-lo num estado de cadeado de sof\u00e1. Por conseguinte, pode procurar por Erva de Banana para venda na Alemanha. Para saber mais sobre esta estirpe. Tamb\u00e9m, as pessoas perguntam frequentemente se o Banana Kush \u00e9 Sativa ou Indica.<\/p>\n<h3 style=\"text-align: justify;\">Vantagens m\u00e9dicas<\/h3>\n<p style=\"text-align: justify;\">Medicamente, o Banana Kush \u00e9 conhecido por ajudar a resolver problemas de sono intenso. O Banana Kush tamb\u00e9m \u00e9 conhecido por ser muito \u00fatil no tratamento da depress\u00e3o. A depress\u00e3o \u00e9 bastante comum sem que a maioria das pessoas saiba que a tem. Como tal, s\u00f3 os profissionais m\u00e9dicos podem detectar esta estirpe do \"Banana Kush\". Al\u00e9m disso, o Banana Kush \u00e9 conhecido por ser perfeito no tratamento do cancro e de muitas outras doen\u00e7as. Comprar Banana Kush na \u00c1ustria.<\/p>\n<p style=\"text-align: justify;\">Termos de pesquisa comuns para esta variedade s\u00e3o Banana Strain Review, Buy Banana Kush for sale Europe, Banana weed for sale. Tamb\u00e9m pode procurar por Banana Kush venda Su\u00ed\u00e7a, Banana Kush weed sale Alemanha, Banana Kush weed sale \u00c1ustria.<\/p>\n<h3>Por que voc\u00ea deveria comprar Banana Kush online conosco?<\/h3>\n<p>Como um dos principais varejistas online de cannabis, prezamos pela qualidade incompar\u00e1vel, discri\u00e7\u00e3o absoluta e excelente atendimento ao cliente. Se voc\u00ea <a href=\"https:\/\/en.wikipedia.org\/wiki\/Kush_(cannabis)\" rel=\"nofollow noopener\" target=\"_blank\"><strong>Encomende Banana Kush online conosco.<\/strong><\/a>Garantimos a voc\u00ea:<\/p>\n<p><strong>Qualidade premium:<\/strong> Nossas variedades s\u00e3o provenientes de produtores reconhecidos, para que voc\u00ea receba apenas o melhor cannabis, testado em laborat\u00f3rio.<br \/>\n<strong>Envio discreto:<\/strong> Seu pedido ser\u00e1 embalado e enviado com a m\u00e1xima discri\u00e7\u00e3o e seguran\u00e7a \u2013 para todo o mundo.<br \/>\nAl\u00e9m da Banana Kush, voc\u00ea tamb\u00e9m encontrar\u00e1 uma ampla sele\u00e7\u00e3o de variedades de cannabis, comest\u00edveis, concentrados e acess\u00f3rios conosco.<br \/>\n<strong>Atendimento ao Cliente:<\/strong> Nossa equipe qualificada ter\u00e1 prazer em responder \u00e0s suas perguntas e orient\u00e1-lo durante todo o processo de compra.<\/p>\n<p><strong>* Conforto:<\/strong> Encomende cannabis de alta qualidade no conforto da sua casa e evite filas.<\/p>\n<p>N\u00e3o perca a oportunidade de experimentar os efeitos revigorantes e arom\u00e1ticos da Banana Kush. <strong>Quer comprar Banana Kush online?<\/strong>Certifique-se de encontrar um fornecedor confi\u00e1vel. Fa\u00e7a seu pedido hoje mesmo e veja por si pr\u00f3prio porqu\u00ea. <a href=\"https:\/\/unkrautmarkt.com\/pt\/\"><strong>unkrautmark.com<\/strong><\/a> Somos a melhor op\u00e7\u00e3o para cannabis premium. Oferecemos aos nossos clientes em todo o mundo uma forma segura, confi\u00e1vel e agrad\u00e1vel de comprar cannabis online.<\/p>","protected":false},"excerpt":{"rendered":"<p>For Wholesale please contact us at<br \/>\nWickr ID: @williamspro<br \/>\nor via Whatsapp<br \/>\n<img decoding=\"async\" class=\"size-full wp-image-10162 alignleft\" src=\"https:\/\/ograsmarknad.com\/wp-content\/uploads\/2021\/11\/trust.jpg\" alt=\"Trust German\" width=\"300\" height=\"129\" \/><\/p>","protected":false},"featured_media":7793,"comment_status":"open","ping_status":"closed","template":"","meta":{"_joinchat":[]},"product_cat":[307],"product_tag":[],"_links":{"self":[{"href":"https:\/\/unkrautmarkt.com\/pt\/wp-json\/wp\/v2\/product\/5568"}],"collection":[{"href":"https:\/\/unkrautmarkt.com\/pt\/wp-json\/wp\/v2\/product"}],"about":[{"href":"https:\/\/unkrautmarkt.com\/pt\/wp-json\/wp\/v2\/types\/product"}],"replies":[{"embeddable":true,"href":"https:\/\/unkrautmarkt.com\/pt\/wp-json\/wp\/v2\/comments?post=5568"}],"wp:featuredmedia":[{"embeddable":true,"href":"https:\/\/unkrautmarkt.com\/pt\/wp-json\/wp\/v2\/media\/7793"}],"wp:attachment":[{"href":"https:\/\/unkrautmarkt.com\/pt\/wp-json\/wp\/v2\/media?parent=5568"}],"wp:term":[{"taxonomy":"product_cat","embeddable":true,"href":"https:\/\/unkrautmarkt.com\/pt\/wp-json\/wp\/v2\/product_cat?post=5568"},{"taxonomy":"product_tag","embeddable":true,"href":"https:\/\/unkrautmarkt.com\/pt\/wp-json\/wp\/v2\/product_tag?post=5568"}],"curies":[{"name":"wp","href":"https:\/\/api.w.org\/{rel}","templated":true}]}}