{"id":9047,"date":"2023-06-25T05:53:24","date_gmt":"2023-06-25T05:53:24","guid":{"rendered":"https:\/\/unkrautmarkt.com\/?page_id=9047"},"modified":"2023-06-25T05:55:44","modified_gmt":"2023-06-25T05:55:44","slug":"blog","status":"publish","type":"page","link":"https:\/\/unkrautmarkt.com\/pt\/blog\/","title":{"rendered":"Blog"},"content":{"rendered":"<section class=\"wpb-content-wrapper\"><div class=\"vc_row wpb_row vc_row-fluid\"><div class=\"wpb_column vc_column_container vc_col-sm-12\"><div class=\"vc_column-inner\"><div class=\"wpb_wrapper\">\n<div class=\"vc_grid-container-wrapper vc_clearfix vc_grid-animation-fadeIn\">\n\t<div class=\"vc_grid-container vc_clearfix wpb_content_element vc_basic_grid\" data-initial-loading-animation=\"fadeIn\" data-vc-grid-settings=\"{&quot;page_id&quot;:9047,&quot;style&quot;:&quot;all&quot;,&quot;action&quot;:&quot;vc_get_vc_grid_data&quot;,&quot;shortcode_id&quot;:&quot;1687672410194-0d309410-4382-0&quot;,&quot;tag&quot;:&quot;vc_basic_grid&quot;}\" data-vc-request=\"https:\/\/unkrautmarkt.com\/wp-admin\/admin-ajax.php\" data-vc-post-id=\"9047\" data-vc-public-nonce=\"0338a4bd2e\">\n\t\t<style data-type=\"vc_shortcodes-custom-css\">.vc_custom_1419240516480{background-color: #f9f9f9 !important;}<\/style><div class=\"vc_grid vc_row vc_grid-gutter-30px vc_pageable-wrapper vc_hook_hover\" data-vc-pageable-content=\"true\"><div class=\"vc_pageable-slide-wrapper vc_clearfix\" data-vc-grid-content=\"true\"><div class=\"vc_grid-item vc_clearfix vc_col-sm-4 vc_grid-item-zone-c-bottom\"><div class=\"vc_grid-item-mini vc_clearfix\"><div class=\"vc_gitem-animated-block\" ><div class=\"vc_gitem-zone vc_gitem-zone-a vc-gitem-zone-height-mode-auto vc-gitem-zone-height-mode-auto-1-1 vc_gitem-is-link\" style=\"background-image: url('https:\/\/unkrautmarkt.com\/wp-content\/plugins\/js_composer\/assets\/vc\/vc_gitem_image.png') !important;\"><a href=\"https:\/\/unkrautmarkt.com\/pt\/warum-kiffen-marihuana\/\" title=\"As 10 principais raz\u00f5es pelas quais as pessoas fumam erva (marijuana)\" class=\"vc_gitem-link vc-zone-link\"><\/a><img src=\"https:\/\/unkrautmarkt.com\/wp-content\/plugins\/js_composer\/assets\/vc\/vc_gitem_image.png\" class=\"vc_gitem-zone-img\" alt=\"\"><div class=\"vc_gitem-zone-mini\"><\/div><\/div><\/div><div class=\"vc_gitem-zone vc_gitem-zone-c vc_custom_1419240516480\"><div class=\"vc_gitem-zone-mini\"><div class=\"vc_gitem_row vc_row vc_gitem-row-position-top\"><div class=\"vc_col-sm-12 vc_gitem-col vc_gitem-col-align-\"><div class=\"vc_custom_heading vc_gitem-post-data vc_gitem-post-data-source-post_title\" ><h4 style=\"text-align: left\" >As 10 principais raz\u00f5es pelas quais as pessoas fumam erva (marijuana)<\/h4><\/div><div class=\"vc_custom_heading vc_gitem-post-data vc_gitem-post-data-source-post_excerpt\" ><p style=\"text-align: left\" ><p>Warum Kiffen (Marihuana), Bis heute haben zahlreiche Staaten in Europa den Cannabiskonsum legalisiert. Diejenigen, die seine medizinische Verwendung bef\u00fcrworten, behaupten, dass die Legalisierung von Cannabis die beste Option sei, da die Marihuanapflanze Chemikalien enth\u00e4lt, die bei der Behandlung einer Vielzahl von St\u00f6rungen und Symptomen hilfreich sein k\u00f6nnen. Auf der anderen Seite gibt es Bef\u00fcrworter, die glauben, dass die Legalisierung von Gras zur Linderung der Opioidkrise beitragen wird. Laut einer Studie starben zwischen 1999 und 2016 in den USA \u00fcber 200.000 Menschen an den Folgen einer \u00dcberdosis verschreibungspflichtiger Opioide. Infolgedessen wurden sowohl die medizinische Marihuana-Forschung als auch die liberale Cannabis-Gesetzgebung untersucht, um fundierte Ergebnisse zu liefern. Dennoch gibt es immer noch viele Menschen, Institutionen und Organisationen, die sich dieser Idee widersetzen. Anstatt die Opiatabh\u00e4ngigkeit zu reduzieren, glauben sie, dass die Legalisierung von Gras nur zu mehr Sucht-, Missbrauchs- und \u00dcberdosis-Todesf\u00e4llen f\u00fchren wird. Trotz all dieser Argumente f\u00fcr und gegen Gras wurde [&hellip;]<\/p>\n<\/p><\/div><div class=\"vc_btn3-container vc_btn3-left\"><a class=\"vc_gitem-link vc_general vc_btn3 vc_general vc_btn3 vc_btn3-size-md vc_btn3-shape-rounded vc_btn3-style-flat vc_btn3-color-juicy-pink\" href=\"https:\/\/unkrautmarkt.com\/pt\/warum-kiffen-marihuana\/\" title=\"Read more\" a>Read more<\/a><\/div><\/div><\/div><\/div><\/div><\/div><div class=\"vc_clearfix\"><\/div><\/div><div class=\"vc_grid-item vc_clearfix vc_col-sm-4 vc_grid-item-zone-c-bottom\"><div class=\"vc_grid-item-mini vc_clearfix\"><div class=\"vc_gitem-animated-block\" ><div class=\"vc_gitem-zone vc_gitem-zone-a vc-gitem-zone-height-mode-auto vc-gitem-zone-height-mode-auto-1-1 vc_gitem-is-link\" style=\"background-image: url('https:\/\/unkrautmarkt.com\/wp-content\/plugins\/js_composer\/assets\/vc\/vc_gitem_image.png') !important;\"><a href=\"https:\/\/unkrautmarkt.com\/pt\/beneficios-para-a-saude-de-thc\/\" title=\"OS MUITOS BENEF\u00cdCIOS DO THC PARA A SA\u00daDE\" class=\"vc_gitem-link vc-zone-link\"><\/a><img src=\"https:\/\/unkrautmarkt.com\/wp-content\/plugins\/js_composer\/assets\/vc\/vc_gitem_image.png\" class=\"vc_gitem-zone-img\" alt=\"\"><div class=\"vc_gitem-zone-mini\"><\/div><\/div><\/div><div class=\"vc_gitem-zone vc_gitem-zone-c vc_custom_1419240516480\"><div class=\"vc_gitem-zone-mini\"><div class=\"vc_gitem_row vc_row vc_gitem-row-position-top\"><div class=\"vc_col-sm-12 vc_gitem-col vc_gitem-col-align-\"><div class=\"vc_custom_heading vc_gitem-post-data vc_gitem-post-data-source-post_title\" ><h4 style=\"text-align: left\" >OS MUITOS BENEF\u00cdCIOS DO THC PARA A SA\u00daDE<\/h4><\/div><div class=\"vc_custom_heading vc_gitem-post-data vc_gitem-post-data-source-post_excerpt\" ><p style=\"text-align: left\" ><p>DIE VIELEN GESUNDHEITSVORTEILE VON THC GESUNDHEITLICHE VORTEILE VON THC, Seit Tausenden von Jahren wird THC-haltiges Cannabis medizinisch genutzt \u2013 in Volksheilmitteln. Allerdings hat es erst vor kurzem Einzug in die moderne Wissenschaft und Medizin gehalten. In diesem Aufsatz werden wir viele Facetten der Auswirkungen von THC auf Gesundheit und Wohlbefinden betrachten. Was ist THC? THC (Tetrahydrocannabinol) ist der psychoaktive Inhaltsstoff und das wichtigste Cannabinoid in Marihuana. THC ist in anderen Cannabissorten wie Hanf vorhanden, wenn auch in geringeren Konzentrationen. Angesichts der zunehmenden Legalit\u00e4t und gesellschaftlichen Akzeptanz dieses Cannabinoids ist es keine \u00dcberraschung, dass Menschen wissen m\u00f6chten, wie THC ihnen helfen kann, sich besser zu f\u00fchlen. THC und das Endocannabinoid-System (ECS) THC interagiert mit dem Endocannabinoidsystem (ECS) im K\u00f6rper und l\u00f6st eine Vielzahl geistiger und k\u00f6rperlicher Reaktionen und Ergebnisse aus. Das ECS ist ein Netzwerk aus Endocannabinoiden, Rezeptoren und Enzymen, das viele Aktivit\u00e4ten Ihres K\u00f6rpers steuert oder deren Regulierung unterst\u00fctzt. THC [&hellip;]<\/p>\n<\/p><\/div><div class=\"vc_btn3-container vc_btn3-left\"><a class=\"vc_gitem-link vc_general vc_btn3 vc_general vc_btn3 vc_btn3-size-md vc_btn3-shape-rounded vc_btn3-style-flat vc_btn3-color-juicy-pink\" href=\"https:\/\/unkrautmarkt.com\/pt\/beneficios-para-a-saude-de-thc\/\" title=\"Read more\" a>Read more<\/a><\/div><\/div><\/div><\/div><\/div><\/div><div class=\"vc_clearfix\"><\/div><\/div><div class=\"vc_grid-item vc_clearfix vc_col-sm-4 vc_grid-item-zone-c-bottom\"><div class=\"vc_grid-item-mini vc_clearfix\"><div class=\"vc_gitem-animated-block\" ><div class=\"vc_gitem-zone vc_gitem-zone-a vc-gitem-zone-height-mode-auto vc-gitem-zone-height-mode-auto-1-1 vc_gitem-is-link\" style=\"background-image: url('https:\/\/unkrautmarkt.com\/wp-content\/plugins\/js_composer\/assets\/vc\/vc_gitem_image.png') !important;\"><a href=\"https:\/\/unkrautmarkt.com\/pt\/thc-gewichtsverlust-gewichtszunahme\/\" title=\"THC PARA PERDA E AUMENTO DE PESO\" class=\"vc_gitem-link vc-zone-link\"><\/a><img src=\"https:\/\/unkrautmarkt.com\/wp-content\/plugins\/js_composer\/assets\/vc\/vc_gitem_image.png\" class=\"vc_gitem-zone-img\" alt=\"\"><div class=\"vc_gitem-zone-mini\"><\/div><\/div><\/div><div class=\"vc_gitem-zone vc_gitem-zone-c vc_custom_1419240516480\"><div class=\"vc_gitem-zone-mini\"><div class=\"vc_gitem_row vc_row vc_gitem-row-position-top\"><div class=\"vc_col-sm-12 vc_gitem-col vc_gitem-col-align-\"><div class=\"vc_custom_heading vc_gitem-post-data vc_gitem-post-data-source-post_title\" ><h4 style=\"text-align: left\" >THC PARA PERDA E AUMENTO DE PESO<\/h4><\/div><div class=\"vc_custom_heading vc_gitem-post-data vc_gitem-post-data-source-post_excerpt\" ><p style=\"text-align: left\" ><p>Verursacht THC eine Gewichtszunahme oder -abnahme? THC GEWICHTSVERLUST\/ GEWICHTSZUNAHME, Wenn Sie wie die meisten Menschen sind, glauben Sie wahrscheinlich, dass THC eine Gewichtszunahme verursacht. Sind Hei\u00dfhungerattacken nicht eine Sache? Die wahre Antwort k\u00f6nnte Sie \u00fcberraschen. Schauen wir uns die Zusammenh\u00e4nge zwischen THC, Gewichtszunahme und Gewichtsabnahme an. THC definiert THC ist eine Abk\u00fcrzung f\u00fcr Tetrahydrocannabinol, den prim\u00e4ren psychoaktiven Bestandteil von Cannabis. THC ist daf\u00fcr verantwortlich, dass Sie sich ruhig, euphorisch und high f\u00fchlen. THC beeinflusst Ihre Stimmung und Wahrnehmung, indem es mit Cannabinoidrezeptoren in Ihrem Gehirn interagiert. Der THC-Konsum wird auch mit mehreren gesundheitlichen Vorteilen in Verbindung gebracht, wie etwa Schmerzlinderung, Entspannung, Linderung von \u00dcbelkeit und mehr. THC und Gewichtszunahme Manche Menschen glauben, dass THC eine Gewichtszunahme verursacht. Haben diese Behauptungen irgendeinen Inhalt? Knabbereien: Fakt oder Fiktion? Das Klischee vom auf der Couch sitzenden \u201eKiffer\u201c, der sich Junkfood verschlingt, existiert aus gutem Grund. THC k\u00f6nnte vor\u00fcbergehend Ihren Appetit steigern und Sie [&hellip;]<\/p>\n<\/p><\/div><div class=\"vc_btn3-container vc_btn3-left\"><a class=\"vc_gitem-link vc_general vc_btn3 vc_general vc_btn3 vc_btn3-size-md vc_btn3-shape-rounded vc_btn3-style-flat vc_btn3-color-juicy-pink\" href=\"https:\/\/unkrautmarkt.com\/pt\/thc-gewichtsverlust-gewichtszunahme\/\" title=\"Read more\" a>Read more<\/a><\/div><\/div><\/div><\/div><\/div><\/div><div class=\"vc_clearfix\"><\/div><\/div><div class=\"vc_grid-item vc_clearfix vc_col-sm-4 vc_grid-item-zone-c-bottom\"><div class=\"vc_grid-item-mini vc_clearfix\"><div class=\"vc_gitem-animated-block\" ><div class=\"vc_gitem-zone vc_gitem-zone-a vc-gitem-zone-height-mode-auto vc-gitem-zone-height-mode-auto-1-1 vc_gitem-is-link\" style=\"background-image: url('https:\/\/unkrautmarkt.com\/wp-content\/plugins\/js_composer\/assets\/vc\/vc_gitem_image.png') !important;\"><a href=\"https:\/\/unkrautmarkt.com\/pt\/thc-wohlfuehl-routine\/\" title=\"Integrar o THC na sua rotina de bem-estar\" class=\"vc_gitem-link vc-zone-link\"><\/a><img src=\"https:\/\/unkrautmarkt.com\/wp-content\/plugins\/js_composer\/assets\/vc\/vc_gitem_image.png\" class=\"vc_gitem-zone-img\" alt=\"\"><div class=\"vc_gitem-zone-mini\"><\/div><\/div><\/div><div class=\"vc_gitem-zone vc_gitem-zone-c vc_custom_1419240516480\"><div class=\"vc_gitem-zone-mini\"><div class=\"vc_gitem_row vc_row vc_gitem-row-position-top\"><div class=\"vc_col-sm-12 vc_gitem-col vc_gitem-col-align-\"><div class=\"vc_custom_heading vc_gitem-post-data vc_gitem-post-data-source-post_title\" ><h4 style=\"text-align: left\" >Integrar o THC na sua rotina de bem-estar<\/h4><\/div><div class=\"vc_custom_heading vc_gitem-post-data vc_gitem-post-data-source-post_excerpt\" ><p style=\"text-align: left\" ><p>Integrieren Sie THC in Ihre Wellness-Routine \/ THC-Wohlf\u00fchl-Routine THC-Wohlf\u00fchl-Routine, Wie l\u00e4uft Ihr Wellnessprogramm heutzutage? Wenn Sie wie die meisten Menschen sind, k\u00f6nnte eine Optimierung von Vorteil sein. Das Leben ist schnelllebig und anspruchsvoll. Wir sind st\u00e4ndig unterwegs und m\u00fcssen Job, Familie und soziale Verpflichtungen unter einen Hut bringen. Wenn wir jedoch nicht auf uns selbst achten, k\u00f6nnen wir ersch\u00f6pft und m\u00fcde werden. Cannabis erfreut sich als Mittel zur Verbesserung des Wohlbefindens immer gr\u00f6\u00dferer Beliebtheit. Da CBD und Marihuana zunehmend \u00f6ffentlich verf\u00fcgbar sind, beginnen die Menschen, alle M\u00f6glichkeiten zu erforschen, wie THC ihr allgemeines Wohlbefinden verbessern kann THC-Wohlf\u00fchl-Routine. Wie k\u00f6nnen Sie THC in Ihr Wellnessprogramm integrieren? Lesen Sie weiter, um es zu entdecken. Welche Produkte enthalten THC? THC kommt sowohl in Hanf- als auch in Marihuana-Cannabissorten vor und kommt heutzutage in verschiedenen Formen vor: THC-\u00d6l aus Cannabisbl\u00fcten Kapseln mit THC THC-Verdampfer THC-Cremes Essbares THC THC kann auch in Vollspektrum-CBD-Produkten nachgewiesen werden. [&hellip;]<\/p>\n<\/p><\/div><div class=\"vc_btn3-container vc_btn3-left\"><a class=\"vc_gitem-link vc_general vc_btn3 vc_general vc_btn3 vc_btn3-size-md vc_btn3-shape-rounded vc_btn3-style-flat vc_btn3-color-juicy-pink\" href=\"https:\/\/unkrautmarkt.com\/pt\/thc-wohlfuehl-routine\/\" title=\"Read more\" a>Read more<\/a><\/div><\/div><\/div><\/div><\/div><\/div><div class=\"vc_clearfix\"><\/div><\/div><div class=\"vc_grid-item vc_clearfix vc_col-sm-4 vc_grid-item-zone-c-bottom\"><div class=\"vc_grid-item-mini vc_clearfix\"><div class=\"vc_gitem-animated-block\" ><div class=\"vc_gitem-zone vc_gitem-zone-a vc-gitem-zone-height-mode-auto vc-gitem-zone-height-mode-auto-1-1 vc_gitem-is-link\" style=\"background-image: url('https:\/\/unkrautmarkt.com\/wp-content\/plugins\/js_composer\/assets\/vc\/vc_gitem_image.png') !important;\"><a href=\"https:\/\/unkrautmarkt.com\/pt\/20-gesundheitsvorteile-von-thc-cannabis\/\" title=\"20 benef\u00edcios para a sa\u00fade da can\u00e1bis THC\" class=\"vc_gitem-link vc-zone-link\"><\/a><img src=\"https:\/\/unkrautmarkt.com\/wp-content\/plugins\/js_composer\/assets\/vc\/vc_gitem_image.png\" class=\"vc_gitem-zone-img\" alt=\"\"><div class=\"vc_gitem-zone-mini\"><\/div><\/div><\/div><div class=\"vc_gitem-zone vc_gitem-zone-c vc_custom_1419240516480\"><div class=\"vc_gitem-zone-mini\"><div class=\"vc_gitem_row vc_row vc_gitem-row-position-top\"><div class=\"vc_col-sm-12 vc_gitem-col vc_gitem-col-align-\"><div class=\"vc_custom_heading vc_gitem-post-data vc_gitem-post-data-source-post_title\" ><h4 style=\"text-align: left\" >20 benef\u00edcios para a sa\u00fade da can\u00e1bis THC<\/h4><\/div><div class=\"vc_custom_heading vc_gitem-post-data vc_gitem-post-data-source-post_excerpt\" ><p style=\"text-align: left\" ><p>20 Gesundheitsvorteile von Cannabis, die jeder kennen sollte \/ 20 Gesundheitsvorteile von THC-Cannabis 20 Gesundheitsvorteile von THC-Cannabis, Es gibt viele verschiedene Arten von Cannabis und die Forschung zu den gesundheitlichen Vorteilen der Pflanze nimmt st\u00e4ndig zu. Tara Leo von CaliExtractions gibt uns einen Einblick in die vielen Vorteile der Pflanze. Cannabis enth\u00e4lt THC, das schmerzstillende Eigenschaften hat, sowie CBD, ein Molek\u00fcl, das das Gehirn beeinflusst und seine Funktion verbessert, ohne ein High-Gef\u00fchl zu verursachen. Mithilfe der Kurzwegdestillation k\u00f6nnen beide Chemikalien f\u00fcr die Anwendung extrahiert und verfeinert werden. Cannabiskonsumenten k\u00f6nnen von folgenden gesundheitlichen Vorteilen profitieren: Linderung von anhaltenden Schmerzen Cannabis enth\u00e4lt Hunderte verschiedener chemischer Substanzen, viele davon sind Cannabinoide. Aufgrund der chemischen Zusammensetzung von Cannabinoiden werden sie mit der Linderung chronischer Schmerzen in Verbindung gebracht. Aus diesem Grund wird das Nebenprodukt von Cannabis, beispielsweise medizinisches Cannabis, h\u00e4ufig zur Behandlung chronischer Schmerzen eingesetzt. Erh\u00f6ht die Lungenfunktion Anders als beim Rauchen von Zigaretten [&hellip;]<\/p>\n<\/p><\/div><div class=\"vc_btn3-container vc_btn3-left\"><a class=\"vc_gitem-link vc_general vc_btn3 vc_general vc_btn3 vc_btn3-size-md vc_btn3-shape-rounded vc_btn3-style-flat vc_btn3-color-juicy-pink\" href=\"https:\/\/unkrautmarkt.com\/pt\/20-gesundheitsvorteile-von-thc-cannabis\/\" title=\"Read more\" a>Read more<\/a><\/div><\/div><\/div><\/div><\/div><\/div><div class=\"vc_clearfix\"><\/div><\/div><\/div><\/div>\n\t<\/div>\n<\/div><\/div><\/div><\/div><\/div>\n<\/section>","protected":false},"excerpt":{"rendered":"Die 10 wichtigsten Gr\u00fcnde, warum Menschen Gras (Marihuana) rauchenWarum Kiffen (Marihuana), Bis heute haben zahlreiche Staaten in Europa den Cannabiskonsum legalisiert. Diejenigen, die seine medizinische Verwendung bef\u00fcrworten, behaupten, dass die Legalisierung von Cannabis die beste Option sei, da die Marihuanapflanze Chemikalien enth\u00e4lt, die bei der Behandlung einer Vielzahl von St\u00f6rungen und Symptomen hilfreich sein k\u00f6nnen. Auf der anderen Seite gibt es Bef\u00fcrworter, die glauben, dass die Legalisierung von Gras zur Linderung der Opioidkrise beitragen wird. Laut einer Studie starben zwischen 1999 und 2016 in den USA \u00fcber 200.000 Menschen an den Folgen einer \u00dcberdosis verschreibungspflichtiger Opioide. Infolgedessen wurden sowohl die medizinische Marihuana-Forschung als auch die liberale Cannabis-Gesetzgebung untersucht, um fundierte Ergebnisse zu liefern. Dennoch gibt es immer noch viele Menschen, Institutionen und Organisationen, die sich dieser Idee widersetzen. Anstatt die Opiatabh\u00e4ngigkeit zu reduzieren, glauben sie, dass die Legalisierung von Gras nur zu mehr Sucht-, Missbrauchs- und \u00dcberdosis-Todesf\u00e4llen f\u00fchren wird. Trotz [...]","protected":false},"author":1,"featured_media":0,"parent":0,"menu_order":0,"comment_status":"closed","ping_status":"closed","template":"page-templates\/full-width.php","meta":{"footnotes":"","_joinchat":[]},"_links":{"self":[{"href":"https:\/\/unkrautmarkt.com\/pt\/wp-json\/wp\/v2\/pages\/9047"}],"collection":[{"href":"https:\/\/unkrautmarkt.com\/pt\/wp-json\/wp\/v2\/pages"}],"about":[{"href":"https:\/\/unkrautmarkt.com\/pt\/wp-json\/wp\/v2\/types\/page"}],"author":[{"embeddable":true,"href":"https:\/\/unkrautmarkt.com\/pt\/wp-json\/wp\/v2\/users\/1"}],"replies":[{"embeddable":true,"href":"https:\/\/unkrautmarkt.com\/pt\/wp-json\/wp\/v2\/comments?post=9047"}],"version-history":[{"count":7,"href":"https:\/\/unkrautmarkt.com\/pt\/wp-json\/wp\/v2\/pages\/9047\/revisions"}],"predecessor-version":[{"id":9056,"href":"https:\/\/unkrautmarkt.com\/pt\/wp-json\/wp\/v2\/pages\/9047\/revisions\/9056"}],"wp:attachment":[{"href":"https:\/\/unkrautmarkt.com\/pt\/wp-json\/wp\/v2\/media?parent=9047"}],"curies":[{"name":"wp","href":"https:\/\/api.w.org\/{rel}","templated":true}]}}