{"id":8745,"date":"2022-12-14T10:07:34","date_gmt":"2022-12-14T10:07:34","guid":{"rendered":"https:\/\/unkrautmarkt.com\/?page_id=8745"},"modified":"2024-12-31T05:56:58","modified_gmt":"2024-12-31T05:56:58","slug":"wie-man-cannabis-online-bestellt","status":"publish","type":"page","link":"https:\/\/unkrautmarkt.com\/pt\/como-encomendar-cannabis-online\/","title":{"rendered":"Como encomendar can\u00e1bis online 2024"},"content":{"rendered":"<h2>Como encomendar na UnkrautMarkt \/ Como encomendar can\u00e1bis online 2024<\/h2>\n<p>Como encomendar Cannabis Online 2024, Trabalhamos arduamente para simplificar ao m\u00e1ximo o processo de encomenda no nosso site. Por causa disso, os clientes podem concluir os seus pedidos em menos de um minuto.<\/p>\n<p>Os procedimentos simples para efetuar efetivamente a sua encomenda s\u00e3o indicados abaixo.<\/p>\n<p>Passo 1: Seleccione a categoria de produtos que pretende. Basta clicar na p\u00e1gina da loja para ver tudo o que a loja tem para oferecer.<\/p>\n<p>Passo 2: Encontre o artigo que pretende comprar na nossa p\u00e1gina da loja e clique nele para ver mais op\u00e7\u00f5es.<\/p>\n<p>Passo 3: Seleccione a quantidade que pretende, adicione-a ao seu carrinho de compras e v\u00e1 para a p\u00e1gina de pagamento. Se pretender adicionar mais produtos ao seu carrinho de compras, repita os passos 1 e 2.<\/p>\n<p>Passo 4: Na p\u00e1gina de finaliza\u00e7\u00e3o da compra, introduza o seu endere\u00e7o de fatura\u00e7\u00e3o e de envio. Depois de ter fornecido as informa\u00e7\u00f5es necess\u00e1rias, tem de concordar com os termos e condi\u00e7\u00f5es.<\/p>\n<p>Passo 5: No ecr\u00e3 de finaliza\u00e7\u00e3o da compra, seleccione o seu m\u00e9todo de pagamento e clique no bot\u00e3o para concluir a sua encomenda.<\/p>\n<p>Passo 6: Depois de ter efectuado a sua encomenda, verifique o seu e-mail, pois enviar-lhe-emos instru\u00e7\u00f5es de pagamento pouco depois. Restam apenas dois passos: efetuar o pagamento e responder \u00e0 mensagem de correio eletr\u00f3nico com as informa\u00e7\u00f5es de pagamento.<a href=\"https:\/\/en.wikipedia.org\/wiki\/Weed_control\" rel=\"nofollow noopener\" target=\"_blank\">.<\/a><\/p>\n<p>A sua encomenda n\u00e3o ser\u00e1 enviada se o pagamento n\u00e3o tiver sido efectuado depois de ter clicado no bot\u00e3o \"Encomendar\"<a href=\"https:\/\/unkrautmarkt.com\/pt\/\">.<\/a><\/p>","protected":false},"excerpt":{"rendered":"<p>So bestellen Sie bei UnkrautMarkt \/ Wie man Cannabis online bestellt 2024 Wie man Cannabis online bestellt 2024, Wir haben hart daran gearbeitet, den Bestellvorgang auf unserer Website so weit wie m\u00f6glich zu vereinfachen. Aus diesem Grund k\u00f6nnen Kunden ihre Bestellungen in weniger als einer Minute abschlie\u00dfen. Die einfachen Verfahren zum effektiven Aufgeben Ihrer Bestellung sind unten aufgef\u00fchrt. Schritt 1: W\u00e4hlen Sie die gew\u00fcnschte Produktkategorie aus. Klicken Sie einfach auf die Shop-Seite, um alles zu sehen, was der Shop zu bieten hat. Schritt 2: Suchen Sie den Artikel, den Sie kaufen m\u00f6chten, auf unserer Shop-Seite und klicken Sie darauf, um weitere Optionen anzuzeigen. Schritt 3: W\u00e4hlen Sie die gew\u00fcnschte Menge aus, legen Sie sie in Ihren Warenkorb und gehen Sie zur Zahlungsseite. Wenn Sie weitere Waren in Ihren Warenkorb legen m\u00f6chten, wiederholen Sie die Schritte 1 und 2. Schritt 4: Geben Sie auf der Checkout-Seite bitte Ihre Rechnungs- und Lieferadresse [&hellip;]<\/p>","protected":false},"author":1,"featured_media":0,"parent":0,"menu_order":0,"comment_status":"closed","ping_status":"closed","template":"","meta":{"footnotes":"","_joinchat":[]},"_links":{"self":[{"href":"https:\/\/unkrautmarkt.com\/pt\/wp-json\/wp\/v2\/pages\/8745"}],"collection":[{"href":"https:\/\/unkrautmarkt.com\/pt\/wp-json\/wp\/v2\/pages"}],"about":[{"href":"https:\/\/unkrautmarkt.com\/pt\/wp-json\/wp\/v2\/types\/page"}],"author":[{"embeddable":true,"href":"https:\/\/unkrautmarkt.com\/pt\/wp-json\/wp\/v2\/users\/1"}],"replies":[{"embeddable":true,"href":"https:\/\/unkrautmarkt.com\/pt\/wp-json\/wp\/v2\/comments?post=8745"}],"version-history":[{"count":7,"href":"https:\/\/unkrautmarkt.com\/pt\/wp-json\/wp\/v2\/pages\/8745\/revisions"}],"predecessor-version":[{"id":9399,"href":"https:\/\/unkrautmarkt.com\/pt\/wp-json\/wp\/v2\/pages\/8745\/revisions\/9399"}],"wp:attachment":[{"href":"https:\/\/unkrautmarkt.com\/pt\/wp-json\/wp\/v2\/media?parent=8745"}],"curies":[{"name":"wp","href":"https:\/\/api.w.org\/{rel}","templated":true}]}}