{"id":7877,"date":"2021-10-29T07:47:49","date_gmt":"2021-10-29T07:47:49","guid":{"rendered":"https:\/\/unkrautmarkt.com\/?page_id=7877"},"modified":"2021-10-30T07:57:41","modified_gmt":"2021-10-30T07:57:41","slug":"uber-uns","status":"publish","type":"page","link":"https:\/\/unkrautmarkt.com\/pt\/uber-uns\/","title":{"rendered":"Sobre n\u00f3s"},"content":{"rendered":"<section class=\"wpb-content-wrapper\"><div class=\"vc_row wpb_row vc_row-fluid\"><div class=\"wpb_column vc_column_container vc_col-sm-12\"><div class=\"vc_column-inner\"><div class=\"wpb_wrapper\"><div class=\"heading  theme-icon align-left color-black subcolor-main transform-default ltx-theme-header icon-type-default heading-tag-h4\" id=\"like_sc_header_1491547952\"><h4 class=\"header ltx-sr-id-like_sc_header_1491547952317909437 ltx-sr ltx-sr-effect-fade_in ltx-sr-el-block ltx-sr-delay-0 ltx-sr-duration-1000 ltx-sr-sequences-0\">Sobre n\u00f3s<\/h4><\/div>\n\t<div class=\"wpb_text_column wpb_content_element\" >\n\t\t<div class=\"wpb_wrapper\">\n\t\t\t<p style=\"text-align: center;\">Depois de ver como era dif\u00edcil comprar erva em linha em 2015, o Mercado da Erva come\u00e7ou o sonho de aproximar a marijuana e os seus produtos dos amantes de erva. Hoje conhecido como o melhor dispens\u00e1rio online em que se pode confiar na ind\u00fastria, desempenhamos um papel de lideran\u00e7a na venda de marijuana, can\u00e1bis e produtos de can\u00e1bis online. O Mercado de Ervas Daninhas tem servido como uma RSE para apoiar os institutos de cancro em todo o mundo. Trabalhamos como uma empresa para apoiar o nosso sonho de tornar a cannabis e os produtos de cannabis t\u00e3o acess\u00edveis quanto poss\u00edvel, para reconhecer a import\u00e2ncia e o poder da marijuana medicinal para os doentes com cancro, e assim ajudar a legalizar a marijuana em toda a Europa.<\/p>\n\n\t\t<\/div>\n\t<\/div>\n<\/div><\/div><\/div><\/div><div class=\"vc_row wpb_row vc_row-fluid\"><div class=\"wpb_column vc_column_container vc_col-sm-6\"><div class=\"vc_column-inner\"><div class=\"wpb_wrapper\">\n\t<div class=\"wpb_text_column wpb_content_element\" >\n\t\t<div class=\"wpb_wrapper\">\n\t\t\t<p style=\"text-align: justify;\">Acreditamos firmemente que qualquer portugu\u00eas que precise de marijuana medicinal deve ter acesso f\u00e1cil a ela. O governo continua a dizer que \"n\u00e3o apoia o uso da marijuana, mas os tribunais superiores exigiram um acesso razo\u00e1vel aos pacientes autorizados\". Queremos fazer tudo o que estiver ao nosso alcance para assegurar que estes pacientes tenham o melhor acesso \u00e0 melhor marijuana m\u00e9dica que a Alemanha tem para oferecer. No fim de contas, adoramos can\u00e1bis de alta qualidade e todos os seus derivados, e adoramos partilh\u00e1-la com os nossos clientes e amigos que dela necessitam.<\/p>\n\n\t\t<\/div>\n\t<\/div>\n<\/div><\/div><\/div><div class=\"wpb_column vc_column_container vc_col-sm-6\"><div class=\"vc_column-inner\"><div class=\"wpb_wrapper\">\n\t<div  class=\"wpb_single_image wpb_content_element vc_align_right\">\n\t\t\n\t\t<figure class=\"wpb_wrapper vc_figure\">\n\t\t\t<div class=\"vc_single_image-wrapper   vc_box_border_grey\"><img width=\"1100\" height=\"734\" src=\"https:\/\/unkrautmarkt.com\/wp-content\/uploads\/2021\/10\/medical-marijuana.jpg\" class=\"vc_single_image-img attachment-full\" alt=\"medical-marijuana\" decoding=\"async\" title=\"medical-marijuana\" srcset=\"https:\/\/unkrautmarkt.com\/wp-content\/uploads\/2021\/10\/medical-marijuana.jpg 1100w, https:\/\/unkrautmarkt.com\/wp-content\/uploads\/2021\/10\/medical-marijuana-300x200.jpg 300w, https:\/\/unkrautmarkt.com\/wp-content\/uploads\/2021\/10\/medical-marijuana-1024x683.jpg 1024w, https:\/\/unkrautmarkt.com\/wp-content\/uploads\/2021\/10\/medical-marijuana-768x512.jpg 768w, https:\/\/unkrautmarkt.com\/wp-content\/uploads\/2021\/10\/medical-marijuana-340x227.jpg 340w, https:\/\/unkrautmarkt.com\/wp-content\/uploads\/2021\/10\/medical-marijuana-600x400.jpg 600w, https:\/\/unkrautmarkt.com\/wp-content\/uploads\/2021\/10\/medical-marijuana-128x84.jpg 128w, https:\/\/unkrautmarkt.com\/wp-content\/uploads\/2021\/10\/medical-marijuana-125x83.jpg 125w\" sizes=\"(max-width: 1100px) 100vw, 1100px\" \/><\/div>\n\t\t<\/figure>\n\t<\/div>\n<\/div><\/div><\/div><\/div><div data-vc-full-width=\"true\" data-vc-full-width-init=\"false\" class=\"vc_row wpb_row vc_row-fluid vc_custom_1635580645089\"><div class=\"wpb_column vc_column_container vc_col-sm-4 bg-color-gray\"><div class=\"vc_column-inner\"><div class=\"wpb_wrapper\"><ul class=\"ltx-block-icon icons-count-1    vc_custom_1635580549985 ltx-icon-top align-center ltx-icon-type-transparent layout-cols1\"  id=\"like_sc_block_icon_1601138371\"><li ><div  data-mh=\"ltx-block-icon-in-1818\" class=\"in matchHeight\"><span class=\"ltx-icon icon-znak\" data-mh=\"ltx-icon-span-like_sc_block_icon_1601138371\"><\/span> <h5 class=\"header\"> Estirpes de qualidade <\/h5> <div class=\"descr\">Somos especializados em oferecer estirpes de can\u00e1bis aos nossos clientes que n\u00e3o recebem estirpes de alta qualidade.<\/div><\/div><\/li><\/ul><\/div><\/div><\/div><div class=\"wpb_column vc_column_container vc_col-sm-4 bg-color-gray\"><div class=\"vc_column-inner\"><div class=\"wpb_wrapper\"><ul class=\"ltx-block-icon icons-count-1    vc_custom_1635580562974 ltx-icon-top align-center ltx-icon-type-transparent layout-cols1\"  id=\"like_sc_block_icon_696832385\"><li ><div  data-mh=\"ltx-block-icon-in-1828\" class=\"in matchHeight\"><span class=\"ltx-icon icon-znak\" data-mh=\"ltx-icon-span-like_sc_block_icon_696832385\"><\/span> <h5 class=\"header\"> 100% qualidade garantida <\/h5> <div class=\"descr\">Temos produtos de qualidade 100% genu\u00edna e oferecemos os mesmos produtos que v\u00ea no nosso website.<\/div><\/div><\/li><\/ul><\/div><\/div><\/div><div class=\"wpb_column vc_column_container vc_col-sm-4 bg-color-gray\"><div class=\"vc_column-inner\"><div class=\"wpb_wrapper\"><ul class=\"ltx-block-icon icons-count-1    vc_custom_1635580568096 ltx-icon-top align-center ltx-icon-type-transparent layout-cols1\"  id=\"like_sc_block_icon_5990199\"><li ><div  data-mh=\"ltx-block-icon-in-1657\" class=\"in matchHeight\"><span class=\"ltx-icon icon-znak\" data-mh=\"ltx-icon-span-like_sc_block_icon_5990199\"><\/span> <h5 class=\"header\"> Entrega no dia seguinte <\/h5> <div class=\"descr\">Estamos em condi\u00e7\u00f5es de entregar a sua encomenda no dia seguinte aos nossos clientes na Alemanha.<\/div><\/div><\/li><\/ul><\/div><\/div><\/div><\/div><div class=\"vc_row-full-width vc_clearfix\"><\/div>\n<\/section>","protected":false},"excerpt":{"rendered":"\u00dcber uns Nachdem Unkraut Markt im Jahr 2015 gesehen hatte, wie schwierig es war, Gras online zu kaufen, begann der Traum, das Marihuana und seine Produkte den Unkrautliebhabern n\u00e4her zu bringen. Heute bekannt als die beste Online-Apotheke, der Sie in der Branche vertrauen k\u00f6nnen, spielen wir eine f\u00fchrende Rolle beim Online-Verkauf von Marihuana, Cannabis und Cannabisprodukten. Unkraut Markt hat als CSR Krebsinstitute auf der ganzen Welt zu unterst\u00fctzen. Wir arbeiten als Unternehmen, um unseren Traum zu unterst\u00fctzen, Cannabis und Cannabisprodukte so zug\u00e4nglich wie m\u00f6glich zu machen, um die Bedeutung und Macht von medizinischem Marihuana f\u00fcr Krebspatienten zu erkennen und so bei der Legalisierung von Marihuana in ganz Europa zu helfen. Wir sind der festen \u00dcberzeugung, dass jeder Deutsche, der medizinisches Marihuana ben\u00f6tigt, einfachen Zugang dazu haben sollte. Die Regierung sagt weiterhin, dass sie \u201eden Konsum von Marihuana nicht bef\u00fcrwortet, aber die obersten Gerichte haben angemessenen Zugang zu autorisierten Patienten verlangt\u201c. [...]","protected":false},"author":1,"featured_media":0,"parent":0,"menu_order":0,"comment_status":"closed","ping_status":"closed","template":"page-templates\/full-width.php","meta":{"footnotes":"","_joinchat":[]},"_links":{"self":[{"href":"https:\/\/unkrautmarkt.com\/pt\/wp-json\/wp\/v2\/pages\/7877"}],"collection":[{"href":"https:\/\/unkrautmarkt.com\/pt\/wp-json\/wp\/v2\/pages"}],"about":[{"href":"https:\/\/unkrautmarkt.com\/pt\/wp-json\/wp\/v2\/types\/page"}],"author":[{"embeddable":true,"href":"https:\/\/unkrautmarkt.com\/pt\/wp-json\/wp\/v2\/users\/1"}],"replies":[{"embeddable":true,"href":"https:\/\/unkrautmarkt.com\/pt\/wp-json\/wp\/v2\/comments?post=7877"}],"version-history":[{"count":0,"href":"https:\/\/unkrautmarkt.com\/pt\/wp-json\/wp\/v2\/pages\/7877\/revisions"}],"wp:attachment":[{"href":"https:\/\/unkrautmarkt.com\/pt\/wp-json\/wp\/v2\/media?parent=7877"}],"curies":[{"name":"wp","href":"https:\/\/api.w.org\/{rel}","templated":true}]}}