{"id":8553,"date":"2022-08-04T09:07:26","date_gmt":"2022-08-04T09:07:26","guid":{"rendered":"https:\/\/unkrautmarkt.com\/?post_type=product&#038;p=8553"},"modified":"2026-03-12T06:24:18","modified_gmt":"2026-03-12T06:24:18","slug":"ermaessigtes-mixpaket-80g","status":"publish","type":"product","link":"https:\/\/unkrautmarkt.com\/pl\/product\/ermessigtes-mixpaket-80g\/","title":{"rendered":"Promocyjny pakiet mix 80G"},"content":{"rendered":"<p>10G afga\u0144skiego czarnego haszu<\/p>\n<p><strong>Pakiet 5 Gras:<\/strong><br \/>\n10 g Kuszu Bananowego<br \/>\n10 g Blueberry Kush<br \/>\n10G Ciasto Wi\u015bniowe<br \/>\nMg\u0142a poci\u0105gu duch\u00f3w 10G<br \/>\n10G Orange Kush<\/p>\n<p>10G Piwa Konopnego OG Kush<\/p>\n<p>Wosk \u015awi\u0119tego Graala OG Marihuna Wachs &amp; Shatter 10G<\/p>","protected":false},"excerpt":{"rendered":"<p>10G afga\u0144skiego czarnego haszu<\/p>\n<p><strong>Pakiet 5 Gras:<\/strong><br \/>\n10 g Kuszu Bananowego<br \/>\n10 g Blueberry Kush<br \/>\n10G Ciasto Wi\u015bniowe<br \/>\nMg\u0142a poci\u0105gu duch\u00f3w 10G<br \/>\n10G Orange Kush<\/p>\n<p>10G Piwa Konopnego OG Kush<\/p>\n<p>Wosk \u015awi\u0119tego Graala OG Marihuna Wachs &amp; Shatter 10G<\/p>\n<p><img decoding=\"async\" class=\"size-full wp-image-10162 alignleft\" src=\"https:\/\/ograsmarknad.com\/wp-content\/uploads\/2021\/11\/trust.jpg\" alt=\"Trust German\" width=\"300\" height=\"129\" \/><\/p>","protected":false},"featured_media":8555,"comment_status":"open","ping_status":"closed","template":"","meta":{"_joinchat":[]},"product_cat":[307],"product_tag":[],"_links":{"self":[{"href":"https:\/\/unkrautmarkt.com\/pl\/wp-json\/wp\/v2\/product\/8553"}],"collection":[{"href":"https:\/\/unkrautmarkt.com\/pl\/wp-json\/wp\/v2\/product"}],"about":[{"href":"https:\/\/unkrautmarkt.com\/pl\/wp-json\/wp\/v2\/types\/product"}],"replies":[{"embeddable":true,"href":"https:\/\/unkrautmarkt.com\/pl\/wp-json\/wp\/v2\/comments?post=8553"}],"wp:featuredmedia":[{"embeddable":true,"href":"https:\/\/unkrautmarkt.com\/pl\/wp-json\/wp\/v2\/media\/8555"}],"wp:attachment":[{"href":"https:\/\/unkrautmarkt.com\/pl\/wp-json\/wp\/v2\/media?parent=8553"}],"wp:term":[{"taxonomy":"product_cat","embeddable":true,"href":"https:\/\/unkrautmarkt.com\/pl\/wp-json\/wp\/v2\/product_cat?post=8553"},{"taxonomy":"product_tag","embeddable":true,"href":"https:\/\/unkrautmarkt.com\/pl\/wp-json\/wp\/v2\/product_tag?post=8553"}],"curies":[{"name":"wp","href":"https:\/\/api.w.org\/{rel}","templated":true}]}}