{"id":8537,"date":"2022-08-03T14:06:10","date_gmt":"2022-08-03T14:06:10","guid":{"rendered":"https:\/\/unkrautmarkt.com\/?post_type=product&#038;p=8537"},"modified":"2026-03-16T05:04:07","modified_gmt":"2026-03-16T05:04:07","slug":"tangie-og-wax","status":"publish","type":"product","link":"https:\/\/unkrautmarkt.com\/pl\/product\/tangie-og-wax\/","title":{"rendered":"Wosk Tangie OG"},"content":{"rendered":"<h2>Wosk Tangie OG<\/h2>\n<p>Olej haszyszowy jest ubijany w ca\u0142ym procesie oczyszczania, aby <a href=\"https:\/\/unkrautmarkt.com\/pl\/\"><strong>Aby wykona\u0107 wosk Tangie OG<\/strong><\/a>.<\/p>\n<p>Wyniki bada\u0144 laboratoryjnych z <a href=\"https:\/\/en.wikipedia.org\/wiki\/List_of_names_for_cannabis\" rel=\"nofollow noopener\" target=\"_blank\">Wosk Tangie OG<\/a>:<br \/>\nTHC: 81,84 %<br \/>\nCBD: 1,29 %<\/p>\n<p>Wosk to nieprzezroczysta, sta\u0142a substancja, produkowana podobnie do shatteru. Wizualnie wosk ma ma\u015blany wygl\u0105d i nie jest tak przezroczysty jak shatter. Istniej\u0105 r\u00f3\u017cne rodzaje wosku, w tym:<\/p>\n<p>Budder: Bardziej p\u0142ynny, lepki <a href=\"https:\/\/unkrautmarkt.com\/pl\/product\/tangie-og-wax\/\">Wax-Form<\/a> o wy\u017cszej zawarto\u015bci wilgoci ni\u017c inne st\u0119\u017cenia.<\/p>\n<p>o wy\u017cszej zawarto\u015bci wilgoci ni\u017c inne st\u0119\u017cenia.<\/p>\n<p>Najbardziej kremowym i naj\u0142agodniejszym woskiem jest Budder.<br \/>\nWosk plastra miodu i wosk kruszony: mi\u0119kki, ale kruchy wosk.<\/p>\n<p>Kruszonka cukrowa: Kruszonka cukrowa znana jest ze swojej kruchej konsystencji i krystalicznej powierzchni. Jest \u0142atwa w obr\u00f3bce ze wzgl\u0119du na nisk\u0105 lepko\u015b\u0107.<\/p>\n<p>Kruszonka woskowa: Odmiana kruszonki cukrowej o g\u0142adszej powierzchni. W por\u00f3wnaniu z kruszonk\u0105 cukrow\u0105, kruszonka woskowa jest bardziej kremowa i mniej klej\u0105ca.<\/p>","protected":false},"excerpt":{"rendered":"<p>F\u00fcr den Gro\u00dfhandel kontaktieren Sie uns bitte unter<br \/>\nWickr-ID: @williamspro<br \/>\noder per Whatsapp<br \/>\n<img decoding=\"async\" class=\"size-full wp-image-10162 alignleft\" src=\"https:\/\/ograsmarknad.com\/wp-content\/uploads\/2021\/11\/trust.jpg\" alt=\"Trust German\" width=\"300\" height=\"129\" \/><\/p>","protected":false},"featured_media":8541,"comment_status":"open","ping_status":"closed","template":"","meta":{"_joinchat":[]},"product_cat":[325],"product_tag":[],"_links":{"self":[{"href":"https:\/\/unkrautmarkt.com\/pl\/wp-json\/wp\/v2\/product\/8537"}],"collection":[{"href":"https:\/\/unkrautmarkt.com\/pl\/wp-json\/wp\/v2\/product"}],"about":[{"href":"https:\/\/unkrautmarkt.com\/pl\/wp-json\/wp\/v2\/types\/product"}],"replies":[{"embeddable":true,"href":"https:\/\/unkrautmarkt.com\/pl\/wp-json\/wp\/v2\/comments?post=8537"}],"wp:featuredmedia":[{"embeddable":true,"href":"https:\/\/unkrautmarkt.com\/pl\/wp-json\/wp\/v2\/media\/8541"}],"wp:attachment":[{"href":"https:\/\/unkrautmarkt.com\/pl\/wp-json\/wp\/v2\/media?parent=8537"}],"wp:term":[{"taxonomy":"product_cat","embeddable":true,"href":"https:\/\/unkrautmarkt.com\/pl\/wp-json\/wp\/v2\/product_cat?post=8537"},{"taxonomy":"product_tag","embeddable":true,"href":"https:\/\/unkrautmarkt.com\/pl\/wp-json\/wp\/v2\/product_tag?post=8537"}],"curies":[{"name":"wp","href":"https:\/\/api.w.org\/{rel}","templated":true}]}}