{"id":8531,"date":"2022-08-03T14:01:36","date_gmt":"2022-08-03T14:01:36","guid":{"rendered":"https:\/\/unkrautmarkt.com\/?post_type=product&#038;p=8531"},"modified":"2026-03-16T05:07:45","modified_gmt":"2026-03-16T05:07:45","slug":"skywalker-og-wax","status":"publish","type":"product","link":"https:\/\/unkrautmarkt.com\/pl\/product\/skywalker-og-wax\/","title":{"rendered":"Skywalker OG Wax"},"content":{"rendered":"<h2>Skywalker OG: Zanurz si\u0119 w czystej rado\u015bci dzi\u0119ki mocnej hybrydzie Indica.<\/h2>\n<p><a href=\"https:\/\/unkrautmarkt.com\/pl\/\">Skywalker OG Wax<\/a>Skywalker OG, mocna hybryda z przewag\u0105 indica, powsta\u0142a z pysznego skrzy\u017cowania Skywalker i OG Kush, pomaga si\u0119 zrelaksowa\u0107 i poczu\u0107 przyp\u0142yw energii. Ta odmiana idealnie nadaje si\u0119 na wieczorne relaksacje lub odpr\u0119\u017cenie w ci\u0105gu dnia, poniewa\u017c \u0142\u0105czy w sobie szybki przyp\u0142yw euforycznej kreatywno\u015bci z g\u0142\u0119bokim relaksem fizycznym. Z zawarto\u015bci\u0105 THC na poziomie 95%, Skywalker OG to idealny wyb\u00f3r, aby uzyska\u0107 zr\u00f3wnowa\u017cony, relaksuj\u0105cy haj, kt\u00f3ry koi zar\u00f3wno cia\u0142o, jak i umys\u0142.<\/p>\n<h3>Profil aromatu i smaku<\/h3>\n<p>Po otwarciu Skywalker OG Wax, unosi si\u0119 w powietrzu intensywny aromat, nawi\u0105zuj\u0105cy do dziedzictwa Kush OG. To s\u0142odka mieszanka owocowych i ziemistych nut z nut\u0105 pikantnych orzech\u00f3w. Ta odmiana oferuje przyjemne i aromatyczne doznania podczas palenia lub wapowania dzi\u0119ki bogatej zawarto\u015bci terpen\u00f3w.<\/p>\n<h3>Efekty i korzy\u015bci<\/h3>\n<p>Z zawarto\u015bci\u0105 THC na poziomie 95%, Skywalker OG Wax oferuje g\u0142\u0119boki, koj\u0105cy relaks, kt\u00f3rego pragn\u0105 mi\u0142o\u015bnicy Indica. Haj po Skywalkerze OG jest silny i relaksuj\u0105cy, prowadz\u0105c do wyra\u017anego letargu i g\u0142odu. Towarzyszy temu euforyczny, orze\u017awiaj\u0105cy haj, kt\u00f3ry \u0142agodnie przechodzi w g\u0142\u0119boki, spokojny sen. Uspokajaj\u0105ce dzia\u0142anie tej odmiany sprawia, \u017ce \u200b\u200bjest idealna dla pacjent\u00f3w poszukuj\u0105cych medycznej marihuany w celu z\u0142agodzenia przewlek\u0142ego stresu, migren, waha\u0144 nastroju, nudno\u015bci, utraty apetytu, przewlek\u0142ego b\u00f3lu, skurcz\u00f3w mi\u0119\u015bni i bezsenno\u015bci. Zapewnia po\u017c\u0105dane ukojenie zar\u00f3wno dla cia\u0142a, jak i umys\u0142u.<\/p>\n<p>Szukasz sklepu z marihuan\u0105, kt\u00f3ry oferuje jako\u015b\u0107 i \u015bwietn\u0105 atmosfer\u0119? <a href=\"https:\/\/en.wikipedia.org\/wiki\/Cannabis\" rel=\"nofollow noopener\" target=\"_blank\">Unkrautmarkt<\/a> Ta apteka jest jedn\u0105 z najlepszych w Grand Rapids, oferuj\u0105c\u0105 wysokiej jako\u015bci produkty w mi\u0142ej i przyjaznej atmosferze. Od aromatycznych kwiat\u00f3w i mocnych koncentrat\u00f3w, po kusz\u0105ce produkty spo\u017cywcze i \u0142agodne waporyzatory \u2013 maj\u0105 wszystko. <a href=\"https:\/\/unkrautmarkt.com\/pl\/product\/skywalker-og-wax\/\">Skywalker OG Wax<\/a> i profesjonalnie zwijane jointy \u2013 u nas znajdziesz wszystko, czego potrzebujesz do w\u0142asnej przyjemno\u015bci z marihuany.<\/p>\n<p>Niezale\u017cnie od tego, czy jeste\u015b sta\u0142ym klientem, czy szukasz najlepszych aptek, nasz zesp\u00f3\u0142 ekspert\u00f3w z przyjemno\u015bci\u0105 pomo\u017ce Ci znale\u017a\u0107 idealny produkt. Dzi\u0119ki stale zmieniaj\u0105cym si\u0119 ofertom i menu pe\u0142nemu \u015bwie\u017cych produkt\u00f3w, Unkrautmarkt zawsze jest wart odwiedzenia.<\/p>","protected":false},"excerpt":{"rendered":"<p>F\u00fcr den Gro\u00dfhandel kontaktieren Sie uns bitte unter<br \/>\nWickr-ID: @williamspro<br \/>\noder per Whatsapp<br \/>\n<img decoding=\"async\" class=\"size-full wp-image-10162 alignleft\" src=\"https:\/\/ograsmarknad.com\/wp-content\/uploads\/2021\/11\/trust.jpg\" alt=\"Trust German\" width=\"300\" height=\"129\" \/><\/p>","protected":false},"featured_media":8535,"comment_status":"open","ping_status":"closed","template":"","meta":{"_joinchat":[]},"product_cat":[325],"product_tag":[],"_links":{"self":[{"href":"https:\/\/unkrautmarkt.com\/pl\/wp-json\/wp\/v2\/product\/8531"}],"collection":[{"href":"https:\/\/unkrautmarkt.com\/pl\/wp-json\/wp\/v2\/product"}],"about":[{"href":"https:\/\/unkrautmarkt.com\/pl\/wp-json\/wp\/v2\/types\/product"}],"replies":[{"embeddable":true,"href":"https:\/\/unkrautmarkt.com\/pl\/wp-json\/wp\/v2\/comments?post=8531"}],"wp:featuredmedia":[{"embeddable":true,"href":"https:\/\/unkrautmarkt.com\/pl\/wp-json\/wp\/v2\/media\/8535"}],"wp:attachment":[{"href":"https:\/\/unkrautmarkt.com\/pl\/wp-json\/wp\/v2\/media?parent=8531"}],"wp:term":[{"taxonomy":"product_cat","embeddable":true,"href":"https:\/\/unkrautmarkt.com\/pl\/wp-json\/wp\/v2\/product_cat?post=8531"},{"taxonomy":"product_tag","embeddable":true,"href":"https:\/\/unkrautmarkt.com\/pl\/wp-json\/wp\/v2\/product_tag?post=8531"}],"curies":[{"name":"wp","href":"https:\/\/api.w.org\/{rel}","templated":true}]}}