{"id":8521,"date":"2022-08-03T13:55:58","date_gmt":"2022-08-03T13:55:58","guid":{"rendered":"https:\/\/unkrautmarkt.com\/?post_type=product&#038;p=8521"},"modified":"2026-03-16T05:09:14","modified_gmt":"2026-03-16T05:09:14","slug":"royal-kush-wax-crumble","status":"publish","type":"product","link":"https:\/\/unkrautmarkt.com\/pl\/product\/royal-kush-wax-crumble\/","title":{"rendered":"Royal Kush Wax Crumble"},"content":{"rendered":"<h2>Kup Royal Kush Crumble online w naszym sklepie<\/h2>\n<p><strong><a href=\"https:\/\/unkrautmarkt.com\/pl\/product\/royal-kush-wax-crumble\/\">Royal Kush Wax Crumble<\/a><\/strong> Royal Kush to idealny wyb\u00f3r, je\u015bli chcesz zredukowa\u0107 stres bez t\u0142umienia kreatywno\u015bci. Jego relaksuj\u0105cy efekt uwalnia napi\u0119cie i sprzyja jasnemu, zmotywowanemu umys\u0142owi. Ten kruszon jest idealny do relaksu i pobudzenia kreatywno\u015bci. Wypr\u00f3buj Royal Kush i przekonaj si\u0119, dlaczego zachwyca tak wiele os\u00f3b \u2013 przekonaj si\u0119 sam!<\/p>\n<p>Posiadamy jeden z najlepszych gatunk\u00f3w tetrahydrokanabinolu na rynku. <strong>Royal Kush Wax Crumble<\/strong> Ten wosk o czysto\u015bci 90% sk\u0142ada si\u0119 g\u0142\u00f3wnie z THC, \u015bladowych ilo\u015bci innych kannabinoid\u00f3w i 10% terpen\u00f3w. Jest ekstrahowany metod\u0105 ekstrakcji CO\u2082. Spo\u017cycie nie powoduje efektu odurzaj\u0105cego. S\u0142odki, cukierkowy aromat tego wosku z pewno\u015bci\u0105 Ci\u0119 zachwyci. Jest mi\u0119kki i elastyczny, a jednocze\u015bnie kruchy, nawet po sch\u0142odzeniu. Zapewnia silne rozpr\u0119\u017cenie p\u0142uc i wyrazisty, \u0142agodny smak, kt\u00f3ry nie powoduje pieczenia w nosie podczas wydechu.<\/p>\n<p>\u0141agodzi niepok\u00f3j i wywo\u0142uje euforyczne my\u015bli. Dzi\u0119ki ziemistemu, skunkowemu aromatowi i silnemu, transowemu dzia\u0142aniu, Royal Kush jest jedn\u0105 z najlepszych odmian hybrydowych.<\/p>\n<h3>Co czyni go wyj\u0105tkowym<\/h3>\n<p><a href=\"https:\/\/en.wikipedia.org\/wiki\/Cannabis_in_Italy\" rel=\"nofollow noopener\" target=\"_blank\">Kr\u00f3lewski Kush<\/a> Oferuje idealne po\u0142\u0105czenie kreatywno\u015bci i relaksu, poniewa\u017c jest wytwarzany z naturalnych sk\u0142adnik\u00f3w i starannie produkowany w ma\u0142ych partiach. B\u0119dziesz chcia\u0142 zafundowa\u0107 sobie to do\u015bwiadczenie raz po raz. Na co czekasz? Rozkoszuj si\u0119 Royal Kush ju\u017c dzi\u015b! <a href=\"https:\/\/unkrautmarkt.com\/pl\/\"><strong>Unkrautmarkt<\/strong><\/a><\/p>\n<h3>Efekt kruszonki<\/h3>\n<p>Stres, uporczywy dyskomfort, a nawet depresja? Royal Kush Wax Crumble mo\u017ce pom\u00f3c. Jego koj\u0105ce w\u0142a\u015bciwo\u015bci doskonale \u0142agodz\u0105 dolegliwo\u015bci fizyczne, poprawiaj\u0105 nastr\u00f3j i koj\u0105 zar\u00f3wno cia\u0142o, jak i umys\u0142. Chodzi o to, by czu\u0107 si\u0119 ca\u0142kowicie dobrze, a nie tylko si\u0119 wy\u0142\u0105czy\u0107. Pozw\u00f3l, by Royal Kush pom\u00f3g\u0142 Ci si\u0119 zrelaksowa\u0107 i cieszy\u0107 \u017cyciem bez stresu.<\/p>","protected":false},"excerpt":{"rendered":"<p>F\u00fcr den Gro\u00dfhandel kontaktieren Sie uns bitte unter<br \/>\nWickr-ID: @williamspro<br \/>\noder per Whatsapp<br \/>\n<img decoding=\"async\" class=\"size-full wp-image-10162 alignleft\" src=\"https:\/\/ograsmarknad.com\/wp-content\/uploads\/2021\/11\/trust.jpg\" alt=\"Trust German\" width=\"300\" height=\"129\" \/><\/p>","protected":false},"featured_media":8526,"comment_status":"open","ping_status":"closed","template":"","meta":{"_joinchat":[]},"product_cat":[325],"product_tag":[],"_links":{"self":[{"href":"https:\/\/unkrautmarkt.com\/pl\/wp-json\/wp\/v2\/product\/8521"}],"collection":[{"href":"https:\/\/unkrautmarkt.com\/pl\/wp-json\/wp\/v2\/product"}],"about":[{"href":"https:\/\/unkrautmarkt.com\/pl\/wp-json\/wp\/v2\/types\/product"}],"replies":[{"embeddable":true,"href":"https:\/\/unkrautmarkt.com\/pl\/wp-json\/wp\/v2\/comments?post=8521"}],"wp:featuredmedia":[{"embeddable":true,"href":"https:\/\/unkrautmarkt.com\/pl\/wp-json\/wp\/v2\/media\/8526"}],"wp:attachment":[{"href":"https:\/\/unkrautmarkt.com\/pl\/wp-json\/wp\/v2\/media?parent=8521"}],"wp:term":[{"taxonomy":"product_cat","embeddable":true,"href":"https:\/\/unkrautmarkt.com\/pl\/wp-json\/wp\/v2\/product_cat?post=8521"},{"taxonomy":"product_tag","embeddable":true,"href":"https:\/\/unkrautmarkt.com\/pl\/wp-json\/wp\/v2\/product_tag?post=8521"}],"curies":[{"name":"wp","href":"https:\/\/api.w.org\/{rel}","templated":true}]}}