{"id":8520,"date":"2022-08-03T13:52:20","date_gmt":"2022-08-03T13:52:20","guid":{"rendered":"https:\/\/unkrautmarkt.com\/?post_type=product&#038;p=8520"},"modified":"2026-03-13T09:19:36","modified_gmt":"2026-03-13T09:19:36","slug":"holy-grail-og-wax","status":"publish","type":"product","link":"https:\/\/unkrautmarkt.com\/pl\/product\/holy-grail-og-wax\/","title":{"rendered":"Wosk \u015awi\u0119ty Graal OG"},"content":{"rendered":"<h2>Kup wosk Holy Grail OG Wax \u2013 zam\u00f3w relaks premium online<\/h2>\n<p>Szukasz mocnego i wysokiej jako\u015bci koncentratu konopnego, kt\u00f3ry zapewni Ci intensywne doznania relaksacyjne? <a href=\"https:\/\/unkrautmarkt.com\/pl\/\"><strong>Wosk \u015awi\u0119ty Graal OG<\/strong><\/a> Dzi\u0119ki bogatemu profilowi \u200b\u200bterpen\u00f3w i silnemu dzia\u0142aniu, wosk Holy Grail OG Wax oferuje wyj\u0105tkowe doznania. Pochodz\u0105cy z najwy\u017cszej jako\u015bci odmian konopi, ten wosk jest idealny dla os\u00f3b poszukuj\u0105cych g\u0142\u0119bokiego relaksu, ukojenia w stresie i euforii. Niezale\u017cnie od tego, czy masz do\u015bwiadczenie z koncentratami, czy dopiero zaczynasz swoj\u0105 przygod\u0119 z nimi, wosk Holy Grail OG Wax zapewnia g\u0142adkie i aromatyczne doznania najwy\u017cszej jako\u015bci.<\/p>\n<h3>Czym jest Holy Grail OG Wax?<\/h3>\n<p><strong>Wosk \u015awi\u0119ty Graal OG<\/strong> To wysokiej jako\u015bci koncentrat z konopi, charakteryzuj\u0105cy si\u0119 lepk\u0105, woskow\u0105 konsystencj\u0105 i wysok\u0105 zawarto\u015bci\u0105 THC. Jest ekstrahowany nowoczesnymi metodami, aby zachowa\u0107 jego czysto\u015b\u0107 i smak. Wosk zapewnia silny, \u0142agodz\u0105cy stres haj.<\/p>\n<h3>G\u0142\u00f3wne cechy i korzy\u015bci<\/h3>\n<p>\u2013 Wysoka moc: Zawarto\u015b\u0107 THC cz\u0119sto przekracza 70-80%, dzi\u0119ki czemu wosk Holy Grail OG Wax zapewnia silny i d\u0142ugotrwa\u0142y efekt, idealny do relaksacji i u\u015bmierzania b\u00f3lu.<\/p>\n<p>\u2013 Bogaty profil smakowy: \u0141agodny, ziemisty smak z nut\u0105 sosny i owoc\u00f3w cytrusowych gwarantuje wspania\u0142e doznania.<\/p>\n<p>\u2013 Szybkie dzia\u0142anie: W postaci koncentratu dzia\u0142a szybciej ni\u017c konwencjonalne kwiaty i dlatego idealnie nadaje si\u0119 do szybkiego \u0142agodzenia dolegliwo\u015bci.<\/p>\n<p>\u2013 Wszechstronne zastosowanie: Nadaje si\u0119 do zestaw\u00f3w dab, waporyzator\u00f3w lub jako dodatek daj\u0105cy dodatkowy zastrzyk energii.<\/p>\n<h3>Jak u\u017cywa\u0107 wosku Holy Grail OG Wax<\/h3>\n<p>Aby uzyska\u0107 optymalne doznania z konopi, zalecamy u\u017cycie waporyzatora do dabowania lub waporyzatora do koncentrat\u00f3w. Pocz\u0105tkuj\u0105cy powinni zacz\u0105\u0107 od ma\u0142ej dawki (mniej wi\u0119cej wielko\u015bci ziarenka ry\u017cu) i stopniowo j\u0105 zwi\u0119ksza\u0107 w razie potrzeby. Zawsze u\u017cywaj nak\u0142adki na w\u0119glowodany, aby chroni\u0107 terpeny i zapewni\u0107 p\u0142ynne doznania z waporyzacji.<\/p>\n<h3>Dlaczego warto kupi\u0107 Holy Grail OG Wax online u nas?<\/h3>\n<p>Jeste\u015bmy renomowanym sklepem internetowym oferuj\u0105cym produkty konopne i dyskretnie wysy\u0142amy produkty premium do USA, Kanady, Europy (Wielkiej Brytanii, Niemiec, Francji, Hiszpanii) i innych kraj\u00f3w. Nasze produkty przechodz\u0105 rygorystyczne testy laboratoryjne, aby zagwarantowa\u0107 ich czysto\u015b\u0107, moc i bezpiecze\u0144stwo. Dzi\u0119ki szybkiej wysy\u0142ce i bezpiecznym metodom p\u0142atno\u015bci, <strong><a href=\"https:\/\/unkrautmarkt.com\/pl\/product\/holy-grail-og-wax\/\">Zakup wosku Holy Grail OG online<\/a> <\/strong>Nigdy nie by\u0142o tak \u0142atwo.<\/p>\n<h3>Zam\u00f3w sw\u00f3j Holy Grail OG Wax ju\u017c dzi\u015b!<\/h3>\n<p>Nie przegap tego wyj\u0105tkowego, relaksuj\u0105cego do\u015bwiadczenia. Kup Holy Grail OG Wax ju\u017c teraz i ciesz si\u0119 dyskretn\u0105, szybk\u0105 dostaw\u0105 prosto pod Twoje drzwi. Niezale\u017cnie od tego, czy mieszkasz w USA, Kanadzie czy Europie \u2013 dostarczamy najwy\u017cszej jako\u015bci koncentraty konopne.<\/p>\n<p><strong>Zam\u00f3w ju\u017c dzi\u015b i zoptymalizuj swoj\u0105 sesj\u0119 z Holy Grail OG Wax! <a href=\"https:\/\/en.wikipedia.org\/wiki\/Hashish\" rel=\"nofollow noopener\" target=\"_blank\">Unkrautmarkt<\/a><\/strong><\/p>","protected":false},"excerpt":{"rendered":"<p>F\u00fcr den Gro\u00dfhandel kontaktieren Sie uns bitte unter<br \/>\nWickr-ID: @williamspro<br \/>\noder per Whatsapp<br \/>\n<img decoding=\"async\" class=\"size-full wp-image-10162 alignleft\" src=\"https:\/\/ograsmarknad.com\/wp-content\/uploads\/2021\/11\/trust.jpg\" alt=\"Trust German\" width=\"300\" height=\"129\" \/><\/p>","protected":false},"featured_media":8525,"comment_status":"open","ping_status":"closed","template":"","meta":{"_joinchat":[]},"product_cat":[325],"product_tag":[],"_links":{"self":[{"href":"https:\/\/unkrautmarkt.com\/pl\/wp-json\/wp\/v2\/product\/8520"}],"collection":[{"href":"https:\/\/unkrautmarkt.com\/pl\/wp-json\/wp\/v2\/product"}],"about":[{"href":"https:\/\/unkrautmarkt.com\/pl\/wp-json\/wp\/v2\/types\/product"}],"replies":[{"embeddable":true,"href":"https:\/\/unkrautmarkt.com\/pl\/wp-json\/wp\/v2\/comments?post=8520"}],"wp:featuredmedia":[{"embeddable":true,"href":"https:\/\/unkrautmarkt.com\/pl\/wp-json\/wp\/v2\/media\/8525"}],"wp:attachment":[{"href":"https:\/\/unkrautmarkt.com\/pl\/wp-json\/wp\/v2\/media?parent=8520"}],"wp:term":[{"taxonomy":"product_cat","embeddable":true,"href":"https:\/\/unkrautmarkt.com\/pl\/wp-json\/wp\/v2\/product_cat?post=8520"},{"taxonomy":"product_tag","embeddable":true,"href":"https:\/\/unkrautmarkt.com\/pl\/wp-json\/wp\/v2\/product_tag?post=8520"}],"curies":[{"name":"wp","href":"https:\/\/api.w.org\/{rel}","templated":true}]}}